{"id":637,"date":"2023-12-01T13:44:01","date_gmt":"2023-12-01T13:44:01","guid":{"rendered":"https:\/\/projects.techhivetechnologies.com\/lfiold\/?page_id=637"},"modified":"2026-01-10T07:09:24","modified_gmt":"2026-01-10T07:09:24","slug":"idrettsfysioterapeut-lillestrom-jannicke-fjeldstad","status":"publish","type":"page","link":"https:\/\/projects.techhivetechnologies.com\/lfiold\/behandlere-lfi-lillestrom\/idrettsfysioterapeut-lillestrom-jannicke-fjeldstad\/","title":{"rendered":"Jannicke Fjeldstad"},"content":{"rendered":"\t\t<div data-elementor-type=\"wp-page\" data-elementor-id=\"637\" class=\"elementor elementor-637\">\n\t\t\t\t\t\t<section class=\"elementor-section elementor-top-section elementor-element elementor-element-34723ee4 elementor-section-boxed elementor-section-height-default elementor-section-height-default\" data-id=\"34723ee4\" data-element_type=\"section\" data-e-type=\"section\" data-settings=\"{&quot;background_background&quot;:&quot;slideshow&quot;,&quot;background_slideshow_gallery&quot;:[{&quot;id&quot;:333,&quot;url&quot;:&quot;https:\\\/\\\/projects.techhivetechnologies.com\\\/lfiold\\\/wp-content\\\/uploads\\\/2023\\\/11\\\/asnate.jpg&quot;}],&quot;background_slideshow_ken_burns&quot;:&quot;yes&quot;,&quot;background_slideshow_loop&quot;:&quot;yes&quot;,&quot;background_slideshow_slide_duration&quot;:5000,&quot;background_slideshow_slide_transition&quot;:&quot;fade&quot;,&quot;background_slideshow_transition_duration&quot;:500,&quot;background_slideshow_ken_burns_zoom_direction&quot;:&quot;in&quot;}\">\n\t\t\t\t\t\t\t<div class=\"elementor-background-overlay\"><\/div>\n\t\t\t\t\t\t\t<div class=\"elementor-container elementor-column-gap-default\">\n\t\t\t\t\t<div class=\"elementor-column elementor-col-100 elementor-top-column elementor-element elementor-element-45ad78d8\" data-id=\"45ad78d8\" data-element_type=\"column\" data-e-type=\"column\">\n\t\t\t<div class=\"elementor-widget-wrap elementor-element-populated\">\n\t\t\t\t\t\t<div class=\"elementor-element elementor-element-580dc464 elementor-widget elementor-widget-heading\" data-id=\"580dc464\" data-element_type=\"widget\" data-e-type=\"widget\" data-widget_type=\"heading.default\">\n\t\t\t\t<div class=\"elementor-widget-container\">\n\t\t\t\t\t<h1 class=\"elementor-heading-title elementor-size-default\">Jannicke Fjeldstad \u2013 Idrettsfysioterapeut i Lillestr\u00f8m.<\/h1>\t\t\t\t<\/div>\n\t\t\t\t<\/div>\n\t\t\t\t\t<\/div>\n\t\t<\/div>\n\t\t\t\t\t<\/div>\n\t\t<\/section>\n\t\t\t\t<section class=\"elementor-section elementor-top-section elementor-element elementor-element-423dca06 elementor-section-boxed elementor-section-height-default elementor-section-height-default\" data-id=\"423dca06\" data-element_type=\"section\" data-e-type=\"section\" data-settings=\"{&quot;background_background&quot;:&quot;classic&quot;}\">\n\t\t\t\t\t\t<div class=\"elementor-container elementor-column-gap-default\">\n\t\t\t\t\t<div class=\"elementor-column elementor-col-100 elementor-top-column elementor-element elementor-element-107c1b9c\" data-id=\"107c1b9c\" data-element_type=\"column\" data-e-type=\"column\">\n\t\t\t<div class=\"elementor-widget-wrap elementor-element-populated\">\n\t\t\t\t\t\t<section class=\"elementor-section elementor-inner-section elementor-element elementor-element-2dbe1c03 elementor-section-boxed elementor-section-height-default elementor-section-height-default\" data-id=\"2dbe1c03\" data-element_type=\"section\" data-e-type=\"section\">\n\t\t\t\t\t\t<div class=\"elementor-container elementor-column-gap-wider\">\n\t\t\t\t\t<div class=\"elementor-column elementor-col-50 elementor-inner-column elementor-element elementor-element-6134ff19\" data-id=\"6134ff19\" data-element_type=\"column\" data-e-type=\"column\">\n\t\t\t<div class=\"elementor-widget-wrap elementor-element-populated\">\n\t\t\t\t\t\t<div class=\"elementor-element elementor-element-7a192106 elementor-widget elementor-widget-image\" data-id=\"7a192106\" data-element_type=\"widget\" data-e-type=\"widget\" data-widget_type=\"image.default\">\n\t\t\t\t<div class=\"elementor-widget-container\">\n\t\t\t\t\t\t\t\t\t\t\t\t\t\t\t<img fetchpriority=\"high\" decoding=\"async\" width=\"600\" height=\"600\" src=\"https:\/\/projects.techhivetechnologies.com\/lfiold\/wp-content\/uploads\/2023\/11\/LFI_Jannicke_600px.jpg\" class=\"attachment-full size-full wp-image-340\" alt=\"Jannicke Fjeldstad, fysioterapeut og spesialist i idrettsfysioterapi ved LFI Helse+Trening i Lillestr\u00f8m \u2013 tilbyr behandling og oppf\u00f8lging innen idrettsskader og rehabilitering.\" srcset=\"https:\/\/projects.techhivetechnologies.com\/lfiold\/wp-content\/uploads\/2023\/11\/LFI_Jannicke_600px.jpg 600w, https:\/\/projects.techhivetechnologies.com\/lfiold\/wp-content\/uploads\/2023\/11\/LFI_Jannicke_600px-300x300.jpg 300w, https:\/\/projects.techhivetechnologies.com\/lfiold\/wp-content\/uploads\/2023\/11\/LFI_Jannicke_600px-150x150.jpg 150w\" sizes=\"(max-width: 600px) 100vw, 600px\" \/>\t\t\t\t\t\t\t\t\t\t\t\t\t\t\t<\/div>\n\t\t\t\t<\/div>\n\t\t\t\t<div class=\"elementor-element elementor-element-10b7a8ad elementor-align-center elementor-widget elementor-widget-button\" data-id=\"10b7a8ad\" data-element_type=\"widget\" data-e-type=\"widget\" data-widget_type=\"button.default\">\n\t\t\t\t<div class=\"elementor-widget-container\">\n\t\t\t\t\t\t\t\t\t<div class=\"elementor-button-wrapper\">\n\t\t\t\t\t<a class=\"elementor-button elementor-button-link elementor-size-sm\" href=\"https:\/\/helse.aspit.no\/quick-appointment?clinicId=a0115b16-a2b2-49e2-9afe-75d3b6564d0a&#038;mode=6&#038;therapistId=898&#038;therapistName=Jannicke%20Fjeldstad\">\n\t\t\t\t\t\t<span class=\"elementor-button-content-wrapper\">\n\t\t\t\t\t\t\t\t\t<span class=\"elementor-button-text\">Bestill time \u2013 Endre din avtale<\/span>\n\t\t\t\t\t<\/span>\n\t\t\t\t\t<\/a>\n\t\t\t\t<\/div>\n\t\t\t\t\t\t\t\t<\/div>\n\t\t\t\t<\/div>\n\t\t\t\t<div class=\"elementor-element elementor-element-438c4be elementor-align-center elementor-icon-list--layout-traditional elementor-list-item-link-full_width elementor-widget elementor-widget-icon-list\" data-id=\"438c4be\" data-element_type=\"widget\" data-e-type=\"widget\" data-widget_type=\"icon-list.default\">\n\t\t\t\t<div class=\"elementor-widget-container\">\n\t\t\t\t\t\t\t<ul class=\"elementor-icon-list-items\">\n\t\t\t\t\t\t\t<li class=\"elementor-icon-list-item\">\n\t\t\t\t\t\t\t\t\t\t\t<a href=\"mailto:jannicke@projects.techhivetechnologies.com\">\n\n\t\t\t\t\t\t\t\t\t\t\t\t<span class=\"elementor-icon-list-icon\">\n\t\t\t\t\t\t\t<i aria-hidden=\"true\" class=\"icon icon-envelope\"><\/i>\t\t\t\t\t\t<\/span>\n\t\t\t\t\t\t\t\t\t\t<span class=\"elementor-icon-list-text\">jannicke@projects.techhivetechnologies.com<\/span>\n\t\t\t\t\t\t\t\t\t\t\t<\/a>\n\t\t\t\t\t\t\t\t\t<\/li>\n\t\t\t\t\t\t<\/ul>\n\t\t\t\t\t\t<\/div>\n\t\t\t\t<\/div>\n\t\t\t\t\t<\/div>\n\t\t<\/div>\n\t\t\t\t<div class=\"elementor-column elementor-col-50 elementor-inner-column elementor-element elementor-element-46dfa821\" data-id=\"46dfa821\" data-element_type=\"column\" data-e-type=\"column\">\n\t\t\t<div class=\"elementor-widget-wrap elementor-element-populated\">\n\t\t\t\t\t\t<div class=\"elementor-element elementor-element-4f42af8e elementor-widget elementor-widget-text-editor\" data-id=\"4f42af8e\" data-element_type=\"widget\" data-e-type=\"widget\" data-widget_type=\"text-editor.default\">\n\t\t\t\t<div class=\"elementor-widget-container\">\n\t\t\t\t\t\t\t\t\tFysioterapeut, spesialist i idrettsfysioterapi\n\t\t\t\t\t\t\t\t<\/div>\n\t\t\t\t<\/div>\n\t\t\t\t<div class=\"elementor-element elementor-element-2a1d5438 elementor-widget elementor-widget-heading\" data-id=\"2a1d5438\" data-element_type=\"widget\" data-e-type=\"widget\" data-widget_type=\"heading.default\">\n\t\t\t\t<div class=\"elementor-widget-container\">\n\t\t\t\t\t<h2 class=\"elementor-heading-title elementor-size-default\">Jannicke Fjeldstad, M.sc<\/h2>\t\t\t\t<\/div>\n\t\t\t\t<\/div>\n\t\t\t\t<div class=\"elementor-element elementor-element-2191054d elementor-widget-divider--view-line elementor-widget elementor-widget-divider\" data-id=\"2191054d\" data-element_type=\"widget\" data-e-type=\"widget\" data-widget_type=\"divider.default\">\n\t\t\t\t<div class=\"elementor-widget-container\">\n\t\t\t\t\t\t\t<div class=\"elementor-divider\">\n\t\t\t<span class=\"elementor-divider-separator\">\n\t\t\t\t\t\t<\/span>\n\t\t<\/div>\n\t\t\t\t\t\t<\/div>\n\t\t\t\t<\/div>\n\t\t\t\t<div class=\"elementor-element elementor-element-8e88f29 elementor-widget elementor-widget-text-editor\" data-id=\"8e88f29\" data-element_type=\"widget\" data-e-type=\"widget\" data-widget_type=\"text-editor.default\">\n\t\t\t\t<div class=\"elementor-widget-container\">\n\t\t\t\t\t\t\t\t\t<p><strong>Interessefelt:<\/strong><\/p><p>Muskel- og skjelettlidelser, rehabilitering, ortopedi, idrettsskader, barnefysioterapi. Er en del av ett forskningsstudie p\u00e5 Achilles, i samarbeid med A-Hus og Oslo universitetssykehus.<\/p><p><strong>Utdanning:<\/strong><\/p><ul><li>Mastergrad i Idrettsfysioterapi, 2017<\/li><li>Bachelorgrad i Fysioterapi, 2003<\/li><\/ul><p><strong>Kurs:<\/strong><\/p><p>Funksjonell trening. Slyngetrening. Barnefysioterapi. Spesialkompetanse i ortopedisk fysioterapi.<\/p><p><strong>Erfaring:<\/strong><\/p><p>Har bred idrettsfaglig kompetanse fra bla Statens balletth\u00f8yskole og h\u00e5ndballandslag. Har ogs\u00e5 tidligere jobbet som fysioterapeut ved Sunnaas Sykehus. Har jobbet som privatpraktiserende fysioterapeut siden 2004.<\/p><p><strong>Tlf:\u00a0<\/strong><a href=\"tel:95171349\">95171349<\/a><\/p>\t\t\t\t\t\t\t\t<\/div>\n\t\t\t\t<\/div>\n\t\t\t\t<div class=\"elementor-element elementor-element-78946b8d elementor-button-align-stretch elementor-widget elementor-widget-form\" data-id=\"78946b8d\" data-element_type=\"widget\" data-e-type=\"widget\" data-settings=\"{&quot;step_next_label&quot;:&quot;Next&quot;,&quot;step_previous_label&quot;:&quot;Previous&quot;,&quot;button_width&quot;:&quot;100&quot;,&quot;step_type&quot;:&quot;number_text&quot;,&quot;step_icon_shape&quot;:&quot;circle&quot;}\" data-widget_type=\"form.default\">\n\t\t\t\t<div class=\"elementor-widget-container\">\n\t\t\t\t\t\t\t<form class=\"elementor-form\" method=\"post\" name=\"New Form\">\n\t\t\t<input type=\"hidden\" name=\"post_id\" value=\"637\"\/>\n\t\t\t<input type=\"hidden\" name=\"form_id\" value=\"78946b8d\"\/>\n\t\t\t<input type=\"hidden\" name=\"referer_title\" value=\"LFI\" \/>\n\n\t\t\t\n\t\t\t<div class=\"elementor-form-fields-wrapper elementor-labels-above\">\n\t\t\t\t\t\t\t\t<div class=\"elementor-field-type-text elementor-field-group elementor-column elementor-field-group-name elementor-col-100\">\n\t\t\t\t\t\t\t\t\t\t\t\t\t<input size=\"1\" type=\"text\" name=\"form_fields[name]\" id=\"form-field-name\" class=\"elementor-field elementor-size-sm  elementor-field-textual\" placeholder=\"Navn\">\n\t\t\t\t\t\t\t\t\t\t\t<\/div>\n\t\t\t\t\t\t\t\t<div class=\"elementor-field-type-email elementor-field-group elementor-column elementor-field-group-email elementor-col-100 elementor-field-required\">\n\t\t\t\t\t\t\t\t\t\t\t\t\t<input size=\"1\" type=\"email\" name=\"form_fields[email]\" id=\"form-field-email\" class=\"elementor-field elementor-size-sm  elementor-field-textual\" placeholder=\"E-post\" required=\"required\" aria-required=\"true\">\n\t\t\t\t\t\t\t\t\t\t\t<\/div>\n\t\t\t\t\t\t\t\t<div class=\"elementor-field-type-textarea elementor-field-group elementor-column elementor-field-group-message elementor-col-100\">\n\t\t\t\t\t<textarea class=\"elementor-field-textual elementor-field  elementor-size-sm\" name=\"form_fields[message]\" id=\"form-field-message\" rows=\"6\" placeholder=\"Hva kan jeg hjelpe deg med? (Ikke oppgi sensitiv informasjon som f.eks personnummer)\"><\/textarea>\t\t\t\t<\/div>\n\t\t\t\t\t\t\t\t<div class=\"elementor-field-group elementor-column elementor-field-type-submit elementor-col-100 e-form__buttons\">\n\t\t\t\t\t<button type=\"submit\" class=\"elementor-button elementor-size-sm\">\n\t\t\t\t\t\t<span >\n\t\t\t\t\t\t\t\t\t\t\t\t\t\t\t<span class=\" elementor-button-icon\">\n\t\t\t\t\t\t\t\t\t\t\t\t\t\t\t\t\t\t\t\t\t\t\t\t\t\t<\/span>\n\t\t\t\t\t\t\t\t\t\t\t\t\t\t\t\t\t\t\t\t\t\t<span class=\"elementor-button-text\">Send<\/span>\n\t\t\t\t\t\t\t\t\t\t\t\t\t<\/span>\n\t\t\t\t\t<\/button>\n\t\t\t\t<\/div>\n\t\t\t<\/div>\n\t\t<\/form>\n\t\t\t\t\t\t<\/div>\n\t\t\t\t<\/div>\n\t\t\t\t\t<\/div>\n\t\t<\/div>\n\t\t\t\t\t<\/div>\n\t\t<\/section>\n\t\t\t\t\t<\/div>\n\t\t<\/div>\n\t\t\t\t\t<\/div>\n\t\t<\/section>\n\t\t\t\t<\/div>\n\t\t","protected":false},"excerpt":{"rendered":"<p>Jannicke Fjeldstad \u2013 Idrettsfysioterapeut i Lillestr\u00f8m. Bestill time \u2013 Endre din avtale jannicke@projects.techhivetechnologies.com Fysioterapeut, spesialist i idrettsfysioterapi Jannicke Fjeldstad, M.sc Interessefelt: Muskel- og skjelettlidelser, rehabilitering, ortopedi, idrettsskader, barnefysioterapi. Er en del av ett forskningsstudie p\u00e5 Achilles, i samarbeid med A-Hus og Oslo universitetssykehus. Utdanning: Mastergrad i Idrettsfysioterapi, 2017 Bachelorgrad i Fysioterapi, 2003 Kurs: Funksjonell trening. [&hellip;]<\/p>\n","protected":false},"author":1,"featured_media":0,"parent":41,"menu_order":0,"comment_status":"closed","ping_status":"closed","template":"elementor_header_footer","meta":{"footnotes":""},"class_list":["post-637","page","type-page","status-publish","hentry"],"yoast_head":"<!-- This site is optimized with the Yoast SEO Premium plugin v25.8 (Yoast SEO v27.4) - https:\/\/yoast.com\/product\/yoast-seo-premium-wordpress\/ -->\n<title>Jannicke Fjeldstad \u2013 Idrettsfysioterapeut i Lillestr\u00f8m | LFI<\/title>\n<meta name=\"description\" content=\"Effektiv fysioterapi i Lillestr\u00f8m med Jannicke Fjeldstad \u2013 spesialist i idrettsskader, muskel- og skjelettplager, ogs\u00e5 for barn.\" \/>\n<meta name=\"robots\" content=\"index, follow, max-snippet:-1, max-image-preview:large, max-video-preview:-1\" \/>\n<link rel=\"canonical\" href=\"https:\/\/projects.techhivetechnologies.com\/lfiold\/behandlere-lfi-lillestrom\/idrettsfysioterapeut-lillestrom-jannicke-fjeldstad\/\" \/>\n<meta property=\"og:locale\" content=\"en_US\" \/>\n<meta property=\"og:type\" content=\"article\" \/>\n<meta property=\"og:title\" content=\"Jannicke Fjeldstad\" \/>\n<meta property=\"og:description\" content=\"Effektiv fysioterapi i Lillestr\u00f8m med Jannicke Fjeldstad \u2013 spesialist i idrettsskader, muskel- og skjelettplager, ogs\u00e5 for barn.\" \/>\n<meta property=\"og:url\" content=\"https:\/\/projects.techhivetechnologies.com\/lfiold\/behandlere-lfi-lillestrom\/idrettsfysioterapeut-lillestrom-jannicke-fjeldstad\/\" \/>\n<meta property=\"og:site_name\" content=\"LFI\" \/>\n<meta property=\"article:modified_time\" content=\"2026-01-10T07:09:24+00:00\" \/>\n<meta property=\"og:image\" content=\"https:\/\/projects.techhivetechnologies.com\/lfiold\/wp-content\/uploads\/2023\/11\/LFI_Jannicke_600px.jpg\" \/>\n\t<meta property=\"og:image:width\" content=\"600\" \/>\n\t<meta property=\"og:image:height\" content=\"600\" \/>\n\t<meta property=\"og:image:type\" content=\"image\/jpeg\" \/>\n<meta name=\"twitter:card\" content=\"summary_large_image\" \/>\n<meta name=\"twitter:label1\" content=\"Est. reading time\" \/>\n\t<meta name=\"twitter:data1\" content=\"1 minute\" \/>\n<script type=\"application\/ld+json\" class=\"yoast-schema-graph\">{\"@context\":\"https:\\\/\\\/schema.org\",\"@graph\":[{\"@type\":\"WebPage\",\"@id\":\"https:\\\/\\\/projects.techhivetechnologies.com\\\/lfiold\\\/behandlere-lfi-lillestrom\\\/idrettsfysioterapeut-lillestrom-jannicke-fjeldstad\\\/\",\"url\":\"https:\\\/\\\/projects.techhivetechnologies.com\\\/lfiold\\\/behandlere-lfi-lillestrom\\\/idrettsfysioterapeut-lillestrom-jannicke-fjeldstad\\\/\",\"name\":\"Jannicke Fjeldstad \u2013 Idrettsfysioterapeut i Lillestr\u00f8m | LFI\",\"isPartOf\":{\"@id\":\"https:\\\/\\\/projects.techhivetechnologies.com\\\/lfiold\\\/#website\"},\"primaryImageOfPage\":{\"@id\":\"https:\\\/\\\/projects.techhivetechnologies.com\\\/lfiold\\\/behandlere-lfi-lillestrom\\\/idrettsfysioterapeut-lillestrom-jannicke-fjeldstad\\\/#primaryimage\"},\"image\":{\"@id\":\"https:\\\/\\\/projects.techhivetechnologies.com\\\/lfiold\\\/behandlere-lfi-lillestrom\\\/idrettsfysioterapeut-lillestrom-jannicke-fjeldstad\\\/#primaryimage\"},\"thumbnailUrl\":\"https:\\\/\\\/projects.techhivetechnologies.com\\\/lfiold\\\/wp-content\\\/uploads\\\/2023\\\/11\\\/LFI_Jannicke_600px.jpg\",\"datePublished\":\"2023-12-01T13:44:01+00:00\",\"dateModified\":\"2026-01-10T07:09:24+00:00\",\"description\":\"Effektiv fysioterapi i Lillestr\u00f8m med Jannicke Fjeldstad \u2013 spesialist i idrettsskader, muskel- og skjelettplager, ogs\u00e5 for barn.\",\"breadcrumb\":{\"@id\":\"https:\\\/\\\/projects.techhivetechnologies.com\\\/lfiold\\\/behandlere-lfi-lillestrom\\\/idrettsfysioterapeut-lillestrom-jannicke-fjeldstad\\\/#breadcrumb\"},\"inLanguage\":\"en-US\",\"potentialAction\":[{\"@type\":\"ReadAction\",\"target\":[\"https:\\\/\\\/projects.techhivetechnologies.com\\\/lfiold\\\/behandlere-lfi-lillestrom\\\/idrettsfysioterapeut-lillestrom-jannicke-fjeldstad\\\/\"]}]},{\"@type\":\"ImageObject\",\"inLanguage\":\"en-US\",\"@id\":\"https:\\\/\\\/projects.techhivetechnologies.com\\\/lfiold\\\/behandlere-lfi-lillestrom\\\/idrettsfysioterapeut-lillestrom-jannicke-fjeldstad\\\/#primaryimage\",\"url\":\"https:\\\/\\\/projects.techhivetechnologies.com\\\/lfiold\\\/wp-content\\\/uploads\\\/2023\\\/11\\\/LFI_Jannicke_600px.jpg\",\"contentUrl\":\"https:\\\/\\\/projects.techhivetechnologies.com\\\/lfiold\\\/wp-content\\\/uploads\\\/2023\\\/11\\\/LFI_Jannicke_600px.jpg\",\"width\":600,\"height\":600,\"caption\":\"Jannicke Fjeldstad, fysioterapeut og spesialist i idrettsfysioterapi ved LFI Helse+Trening i Lillestr\u00f8m \u2013 tilbyr behandling og oppf\u00f8lging innen idrettsskader og rehabilitering.\"},{\"@type\":\"BreadcrumbList\",\"@id\":\"https:\\\/\\\/projects.techhivetechnologies.com\\\/lfiold\\\/behandlere-lfi-lillestrom\\\/idrettsfysioterapeut-lillestrom-jannicke-fjeldstad\\\/#breadcrumb\",\"itemListElement\":[{\"@type\":\"ListItem\",\"position\":1,\"name\":\"Home\",\"item\":\"https:\\\/\\\/projects.techhivetechnologies.com\\\/lfiold\\\/\"},{\"@type\":\"ListItem\",\"position\":2,\"name\":\"Behandlere\",\"item\":\"https:\\\/\\\/projects.techhivetechnologies.com\\\/lfiold\\\/behandlere-lfi-lillestrom\\\/\"},{\"@type\":\"ListItem\",\"position\":3,\"name\":\"Jannicke Fjeldstad\"}]},{\"@type\":\"WebSite\",\"@id\":\"https:\\\/\\\/projects.techhivetechnologies.com\\\/lfiold\\\/#website\",\"url\":\"https:\\\/\\\/projects.techhivetechnologies.com\\\/lfiold\\\/\",\"name\":\"LFI\",\"description\":\"Helse og Trening\",\"potentialAction\":[{\"@type\":\"SearchAction\",\"target\":{\"@type\":\"EntryPoint\",\"urlTemplate\":\"https:\\\/\\\/projects.techhivetechnologies.com\\\/lfiold\\\/?s={search_term_string}\"},\"query-input\":{\"@type\":\"PropertyValueSpecification\",\"valueRequired\":true,\"valueName\":\"search_term_string\"}}],\"inLanguage\":\"en-US\"}]}<\/script>\n<!-- \/ Yoast SEO Premium plugin. -->","yoast_head_json":{"title":"Jannicke Fjeldstad \u2013 Idrettsfysioterapeut i Lillestr\u00f8m | LFI","description":"Effektiv fysioterapi i Lillestr\u00f8m med Jannicke Fjeldstad \u2013 spesialist i idrettsskader, muskel- og skjelettplager, ogs\u00e5 for barn.","robots":{"index":"index","follow":"follow","max-snippet":"max-snippet:-1","max-image-preview":"max-image-preview:large","max-video-preview":"max-video-preview:-1"},"canonical":"https:\/\/projects.techhivetechnologies.com\/lfiold\/behandlere-lfi-lillestrom\/idrettsfysioterapeut-lillestrom-jannicke-fjeldstad\/","og_locale":"en_US","og_type":"article","og_title":"Jannicke Fjeldstad","og_description":"Effektiv fysioterapi i Lillestr\u00f8m med Jannicke Fjeldstad \u2013 spesialist i idrettsskader, muskel- og skjelettplager, ogs\u00e5 for barn.","og_url":"https:\/\/projects.techhivetechnologies.com\/lfiold\/behandlere-lfi-lillestrom\/idrettsfysioterapeut-lillestrom-jannicke-fjeldstad\/","og_site_name":"LFI","article_modified_time":"2026-01-10T07:09:24+00:00","og_image":[{"width":600,"height":600,"url":"https:\/\/projects.techhivetechnologies.com\/lfiold\/wp-content\/uploads\/2023\/11\/LFI_Jannicke_600px.jpg","type":"image\/jpeg"}],"twitter_card":"summary_large_image","twitter_misc":{"Est. reading time":"1 minute"},"schema":{"@context":"https:\/\/schema.org","@graph":[{"@type":"WebPage","@id":"https:\/\/projects.techhivetechnologies.com\/lfiold\/behandlere-lfi-lillestrom\/idrettsfysioterapeut-lillestrom-jannicke-fjeldstad\/","url":"https:\/\/projects.techhivetechnologies.com\/lfiold\/behandlere-lfi-lillestrom\/idrettsfysioterapeut-lillestrom-jannicke-fjeldstad\/","name":"Jannicke Fjeldstad \u2013 Idrettsfysioterapeut i Lillestr\u00f8m | LFI","isPartOf":{"@id":"https:\/\/projects.techhivetechnologies.com\/lfiold\/#website"},"primaryImageOfPage":{"@id":"https:\/\/projects.techhivetechnologies.com\/lfiold\/behandlere-lfi-lillestrom\/idrettsfysioterapeut-lillestrom-jannicke-fjeldstad\/#primaryimage"},"image":{"@id":"https:\/\/projects.techhivetechnologies.com\/lfiold\/behandlere-lfi-lillestrom\/idrettsfysioterapeut-lillestrom-jannicke-fjeldstad\/#primaryimage"},"thumbnailUrl":"https:\/\/projects.techhivetechnologies.com\/lfiold\/wp-content\/uploads\/2023\/11\/LFI_Jannicke_600px.jpg","datePublished":"2023-12-01T13:44:01+00:00","dateModified":"2026-01-10T07:09:24+00:00","description":"Effektiv fysioterapi i Lillestr\u00f8m med Jannicke Fjeldstad \u2013 spesialist i idrettsskader, muskel- og skjelettplager, ogs\u00e5 for barn.","breadcrumb":{"@id":"https:\/\/projects.techhivetechnologies.com\/lfiold\/behandlere-lfi-lillestrom\/idrettsfysioterapeut-lillestrom-jannicke-fjeldstad\/#breadcrumb"},"inLanguage":"en-US","potentialAction":[{"@type":"ReadAction","target":["https:\/\/projects.techhivetechnologies.com\/lfiold\/behandlere-lfi-lillestrom\/idrettsfysioterapeut-lillestrom-jannicke-fjeldstad\/"]}]},{"@type":"ImageObject","inLanguage":"en-US","@id":"https:\/\/projects.techhivetechnologies.com\/lfiold\/behandlere-lfi-lillestrom\/idrettsfysioterapeut-lillestrom-jannicke-fjeldstad\/#primaryimage","url":"https:\/\/projects.techhivetechnologies.com\/lfiold\/wp-content\/uploads\/2023\/11\/LFI_Jannicke_600px.jpg","contentUrl":"https:\/\/projects.techhivetechnologies.com\/lfiold\/wp-content\/uploads\/2023\/11\/LFI_Jannicke_600px.jpg","width":600,"height":600,"caption":"Jannicke Fjeldstad, fysioterapeut og spesialist i idrettsfysioterapi ved LFI Helse+Trening i Lillestr\u00f8m \u2013 tilbyr behandling og oppf\u00f8lging innen idrettsskader og rehabilitering."},{"@type":"BreadcrumbList","@id":"https:\/\/projects.techhivetechnologies.com\/lfiold\/behandlere-lfi-lillestrom\/idrettsfysioterapeut-lillestrom-jannicke-fjeldstad\/#breadcrumb","itemListElement":[{"@type":"ListItem","position":1,"name":"Home","item":"https:\/\/projects.techhivetechnologies.com\/lfiold\/"},{"@type":"ListItem","position":2,"name":"Behandlere","item":"https:\/\/projects.techhivetechnologies.com\/lfiold\/behandlere-lfi-lillestrom\/"},{"@type":"ListItem","position":3,"name":"Jannicke Fjeldstad"}]},{"@type":"WebSite","@id":"https:\/\/projects.techhivetechnologies.com\/lfiold\/#website","url":"https:\/\/projects.techhivetechnologies.com\/lfiold\/","name":"LFI","description":"Helse og Trening","potentialAction":[{"@type":"SearchAction","target":{"@type":"EntryPoint","urlTemplate":"https:\/\/projects.techhivetechnologies.com\/lfiold\/?s={search_term_string}"},"query-input":{"@type":"PropertyValueSpecification","valueRequired":true,"valueName":"search_term_string"}}],"inLanguage":"en-US"}]}},"_links":{"self":[{"href":"https:\/\/projects.techhivetechnologies.com\/lfiold\/wp-json\/wp\/v2\/pages\/637","targetHints":{"allow":["GET"]}}],"collection":[{"href":"https:\/\/projects.techhivetechnologies.com\/lfiold\/wp-json\/wp\/v2\/pages"}],"about":[{"href":"https:\/\/projects.techhivetechnologies.com\/lfiold\/wp-json\/wp\/v2\/types\/page"}],"author":[{"embeddable":true,"href":"https:\/\/projects.techhivetechnologies.com\/lfiold\/wp-json\/wp\/v2\/users\/1"}],"replies":[{"embeddable":true,"href":"https:\/\/projects.techhivetechnologies.com\/lfiold\/wp-json\/wp\/v2\/comments?post=637"}],"version-history":[{"count":0,"href":"https:\/\/projects.techhivetechnologies.com\/lfiold\/wp-json\/wp\/v2\/pages\/637\/revisions"}],"up":[{"embeddable":true,"href":"https:\/\/projects.techhivetechnologies.com\/lfiold\/wp-json\/wp\/v2\/pages\/41"}],"wp:attachment":[{"href":"https:\/\/projects.techhivetechnologies.com\/lfiold\/wp-json\/wp\/v2\/media?parent=637"}],"curies":[{"name":"wp","href":"https:\/\/api.w.org\/{rel}","templated":true}]}}