{"id":537,"date":"2023-12-01T13:00:59","date_gmt":"2023-12-01T13:00:59","guid":{"rendered":"https:\/\/projects.techhivetechnologies.com\/lfiold\/?page_id=537"},"modified":"2026-01-10T07:08:04","modified_gmt":"2026-01-10T07:08:04","slug":"irene-pasqua-fysioterapeut-lillestrom","status":"publish","type":"page","link":"https:\/\/projects.techhivetechnologies.com\/lfiold\/behandlere-lfi-lillestrom\/irene-pasqua-fysioterapeut-lillestrom\/","title":{"rendered":"Irene Pasqua"},"content":{"rendered":"\t\t<div data-elementor-type=\"wp-page\" data-elementor-id=\"537\" class=\"elementor elementor-537\">\n\t\t\t\t\t\t<section class=\"elementor-section elementor-top-section elementor-element elementor-element-118a19e3 elementor-section-boxed elementor-section-height-default elementor-section-height-default\" data-id=\"118a19e3\" data-element_type=\"section\" data-e-type=\"section\" data-settings=\"{&quot;background_background&quot;:&quot;slideshow&quot;,&quot;background_slideshow_gallery&quot;:[{&quot;id&quot;:333,&quot;url&quot;:&quot;https:\\\/\\\/projects.techhivetechnologies.com\\\/lfiold\\\/wp-content\\\/uploads\\\/2023\\\/11\\\/asnate.jpg&quot;}],&quot;background_slideshow_ken_burns&quot;:&quot;yes&quot;,&quot;background_slideshow_loop&quot;:&quot;yes&quot;,&quot;background_slideshow_slide_duration&quot;:5000,&quot;background_slideshow_slide_transition&quot;:&quot;fade&quot;,&quot;background_slideshow_transition_duration&quot;:500,&quot;background_slideshow_ken_burns_zoom_direction&quot;:&quot;in&quot;}\">\n\t\t\t\t\t\t\t<div class=\"elementor-background-overlay\"><\/div>\n\t\t\t\t\t\t\t<div class=\"elementor-container elementor-column-gap-default\">\n\t\t\t\t\t<div class=\"elementor-column elementor-col-100 elementor-top-column elementor-element elementor-element-7610c49d\" data-id=\"7610c49d\" data-element_type=\"column\" data-e-type=\"column\">\n\t\t\t<div class=\"elementor-widget-wrap elementor-element-populated\">\n\t\t\t\t\t\t<div class=\"elementor-element elementor-element-3c6b56a6 elementor-widget elementor-widget-heading\" data-id=\"3c6b56a6\" data-element_type=\"widget\" data-e-type=\"widget\" data-widget_type=\"heading.default\">\n\t\t\t\t<div class=\"elementor-widget-container\">\n\t\t\t\t\t<h1 class=\"elementor-heading-title elementor-size-default\">Irene Pasqua<\/h1>\t\t\t\t<\/div>\n\t\t\t\t<\/div>\n\t\t\t\t\t<\/div>\n\t\t<\/div>\n\t\t\t\t\t<\/div>\n\t\t<\/section>\n\t\t\t\t<section class=\"elementor-section elementor-top-section elementor-element elementor-element-4c542354 elementor-section-boxed elementor-section-height-default elementor-section-height-default\" data-id=\"4c542354\" data-element_type=\"section\" data-e-type=\"section\" data-settings=\"{&quot;background_background&quot;:&quot;classic&quot;}\">\n\t\t\t\t\t\t<div class=\"elementor-container elementor-column-gap-default\">\n\t\t\t\t\t<div class=\"elementor-column elementor-col-100 elementor-top-column elementor-element elementor-element-4f444db\" data-id=\"4f444db\" data-element_type=\"column\" data-e-type=\"column\">\n\t\t\t<div class=\"elementor-widget-wrap elementor-element-populated\">\n\t\t\t\t\t\t<section class=\"elementor-section elementor-inner-section elementor-element elementor-element-9ad1b6e elementor-section-boxed elementor-section-height-default elementor-section-height-default\" data-id=\"9ad1b6e\" data-element_type=\"section\" data-e-type=\"section\">\n\t\t\t\t\t\t<div class=\"elementor-container elementor-column-gap-wider\">\n\t\t\t\t\t<div class=\"elementor-column elementor-col-50 elementor-inner-column elementor-element elementor-element-159d04d\" data-id=\"159d04d\" data-element_type=\"column\" data-e-type=\"column\">\n\t\t\t<div class=\"elementor-widget-wrap elementor-element-populated\">\n\t\t\t\t\t\t<div class=\"elementor-element elementor-element-162076e elementor-widget elementor-widget-image\" data-id=\"162076e\" data-element_type=\"widget\" data-e-type=\"widget\" data-widget_type=\"image.default\">\n\t\t\t\t<div class=\"elementor-widget-container\">\n\t\t\t\t\t\t\t\t\t\t\t\t\t\t\t<img fetchpriority=\"high\" decoding=\"async\" width=\"600\" height=\"600\" src=\"https:\/\/projects.techhivetechnologies.com\/lfiold\/wp-content\/uploads\/2023\/11\/LFI_Irene_600px.jpg\" class=\"attachment-full size-full wp-image-338\" alt=\"Irene Pasqua, fysioterapeut og personlig trener ved LFI Helse+Trening i Lillestr\u00f8m \u2013 tilbyr tilpasset trening og behandling.\" srcset=\"https:\/\/projects.techhivetechnologies.com\/lfiold\/wp-content\/uploads\/2023\/11\/LFI_Irene_600px.jpg 600w, https:\/\/projects.techhivetechnologies.com\/lfiold\/wp-content\/uploads\/2023\/11\/LFI_Irene_600px-300x300.jpg 300w, https:\/\/projects.techhivetechnologies.com\/lfiold\/wp-content\/uploads\/2023\/11\/LFI_Irene_600px-150x150.jpg 150w\" sizes=\"(max-width: 600px) 100vw, 600px\" \/>\t\t\t\t\t\t\t\t\t\t\t\t\t\t\t<\/div>\n\t\t\t\t<\/div>\n\t\t\t\t<div class=\"elementor-element elementor-element-3936f4f5 elementor-align-center elementor-widget elementor-widget-button\" data-id=\"3936f4f5\" data-element_type=\"widget\" data-e-type=\"widget\" data-widget_type=\"button.default\">\n\t\t\t\t<div class=\"elementor-widget-container\">\n\t\t\t\t\t\t\t\t\t<div class=\"elementor-button-wrapper\">\n\t\t\t\t\t<a class=\"elementor-button elementor-button-link elementor-size-sm\" href=\"https:\/\/helse.aspit.no\/quick-appointment?clinicId=a0115b16-a2b2-49e2-9afe-75d3b6564d0a&#038;mode=5&#038;therapistId=16775&#038;therapistName=Irene%20Pasqua\">\n\t\t\t\t\t\t<span class=\"elementor-button-content-wrapper\">\n\t\t\t\t\t\t\t\t\t<span class=\"elementor-button-text\">Bestill time \u2013 Endre din avtale<\/span>\n\t\t\t\t\t<\/span>\n\t\t\t\t\t<\/a>\n\t\t\t\t<\/div>\n\t\t\t\t\t\t\t\t<\/div>\n\t\t\t\t<\/div>\n\t\t\t\t<div class=\"elementor-element elementor-element-ab84be2 elementor-align-center elementor-icon-list--layout-traditional elementor-list-item-link-full_width elementor-widget elementor-widget-icon-list\" data-id=\"ab84be2\" data-element_type=\"widget\" data-e-type=\"widget\" data-widget_type=\"icon-list.default\">\n\t\t\t\t<div class=\"elementor-widget-container\">\n\t\t\t\t\t\t\t<ul class=\"elementor-icon-list-items\">\n\t\t\t\t\t\t\t<li class=\"elementor-icon-list-item\">\n\t\t\t\t\t\t\t\t\t\t\t<a href=\"mailto:irene@projects.techhivetechnologies.com\">\n\n\t\t\t\t\t\t\t\t\t\t\t\t<span class=\"elementor-icon-list-icon\">\n\t\t\t\t\t\t\t<i aria-hidden=\"true\" class=\"icon icon-envelope\"><\/i>\t\t\t\t\t\t<\/span>\n\t\t\t\t\t\t\t\t\t\t<span class=\"elementor-icon-list-text\">irene@projects.techhivetechnologies.com<\/span>\n\t\t\t\t\t\t\t\t\t\t\t<\/a>\n\t\t\t\t\t\t\t\t\t<\/li>\n\t\t\t\t\t\t<\/ul>\n\t\t\t\t\t\t<\/div>\n\t\t\t\t<\/div>\n\t\t\t\t\t<\/div>\n\t\t<\/div>\n\t\t\t\t<div class=\"elementor-column elementor-col-50 elementor-inner-column elementor-element elementor-element-290043fc\" data-id=\"290043fc\" data-element_type=\"column\" data-e-type=\"column\">\n\t\t\t<div class=\"elementor-widget-wrap elementor-element-populated\">\n\t\t\t\t\t\t<div class=\"elementor-element elementor-element-3b9874dd elementor-widget elementor-widget-text-editor\" data-id=\"3b9874dd\" data-element_type=\"widget\" data-e-type=\"widget\" data-widget_type=\"text-editor.default\">\n\t\t\t\t<div class=\"elementor-widget-container\">\n\t\t\t\t\t\t\t\t\tFysioterapeut og personlig trener\t\t\t\t\t\t\t\t<\/div>\n\t\t\t\t<\/div>\n\t\t\t\t<div class=\"elementor-element elementor-element-7394b252 elementor-widget elementor-widget-heading\" data-id=\"7394b252\" data-element_type=\"widget\" data-e-type=\"widget\" data-widget_type=\"heading.default\">\n\t\t\t\t<div class=\"elementor-widget-container\">\n\t\t\t\t\t<h2 class=\"elementor-heading-title elementor-size-default\">Irene Pasqua<\/h2>\t\t\t\t<\/div>\n\t\t\t\t<\/div>\n\t\t\t\t<div class=\"elementor-element elementor-element-739fce24 elementor-widget-divider--view-line elementor-widget elementor-widget-divider\" data-id=\"739fce24\" data-element_type=\"widget\" data-e-type=\"widget\" data-widget_type=\"divider.default\">\n\t\t\t\t<div class=\"elementor-widget-container\">\n\t\t\t\t\t\t\t<div class=\"elementor-divider\">\n\t\t\t<span class=\"elementor-divider-separator\">\n\t\t\t\t\t\t<\/span>\n\t\t<\/div>\n\t\t\t\t\t\t<\/div>\n\t\t\t\t<\/div>\n\t\t\t\t<div class=\"elementor-element elementor-element-ece09d3 elementor-widget elementor-widget-text-editor\" data-id=\"ece09d3\" data-element_type=\"widget\" data-e-type=\"widget\" data-widget_type=\"text-editor.default\">\n\t\t\t\t<div class=\"elementor-widget-container\">\n\t\t\t\t\t\t\t\t\t<p><strong>Interessefelt:<\/strong><br \/>Ortopedi, idrettsskader, barnefysioterapi. Muskel- skjelettlidelser. Rehabiliterings- og forebyggende oppl\u00e6ring.<\/p><p><strong>Utdanning:<br \/><\/strong>2022: BSc Fysioterapi, Fontys University of Applied Sciences, Eindhoven<br \/>2021: Pediatric Physiotherapy minor, Avans University of Applied Sciences, Breda<\/p><p><strong>Erfaring:<br \/><\/strong>Har hatt praksis og arbeidet som fysioterapeut i klinikker i Italia, Belgia og Nederland.<\/p><p>Irene Pasqua fysioterapeut Lillestr\u00f8m har videreutdanning innen <a href=\"https:\/\/projects.techhivetechnologies.com\/lfiold\/hvorfor-velge-trening-med-pt\/\">personlig trening<\/a> og rehabilitering. Hun m\u00f8ter pasienter i alle aldre, og jobber s\u00e6rlig med muskel- og skjelettplager, idrettsskader og forebyggende trening.<\/p><p>Som fysioterapeut i Lillestr\u00f8m m\u00f8ter Irene Pasqua b\u00e5de voksne og barn med behov for behandling, opptrening og forebygging.<\/p><p>Irene er opptatt av god kommunikasjon og helhetlig behandling. Pasientene beskriver henne som lyttende, faglig trygg og engasjert. Hun legger vekt p\u00e5 \u00e5 finne l\u00f8sninger som passer hverdagen din \u2013 enten det handler om <a href=\"https:\/\/projects.techhivetechnologies.com\/lfiold\/smerter-eller-funksjon-hvor-er-ditt-fokus\/\">smerter, funksjon<\/a> eller nye vaner.<\/p><p>Ved LFI Helse + Trening samarbeider hun tett med andre terapeuter p\u00e5 LFI Helse + Trening, og tilbyr individuell oppf\u00f8lging med grundig unders\u00f8kelse og tilpasset treningsplan.<\/p><p>I behandlingen er Irene opptatt av \u00e5 gi pasientene b\u00e5de trygghet og forst\u00e5else for hva som skjer i kroppen. Hun bruker tid p\u00e5 \u00e5 forklare og tilpasse \u00f8velser og tiltak til hver enkelt.<\/p><p>Mange som kommer til henne har hatt vondt lenge, og setter pris p\u00e5 en konkret og strukturert plan. I tillegg til behandling<a href=\"https:\/\/projects.techhivetechnologies.com\/lfiold\/kan-jeg-trene-med-smerte\/\"> gir hun r\u00e5d<\/a> om bevegelse, restitusjon og egeninnsats, slik at du kan f\u00e5 bedre funksjon og f\u00e6rre plager over tid.<\/p><p>Hos LFI Helse + Trening er hun en del av et st\u00f8rre fagmilj\u00f8, og henviser videre ved behov \u2013 enten til <a href=\"https:\/\/projects.techhivetechnologies.com\/lfiold\/behandlere-lfi-lillestrom\/\">andre terapeuter<\/a> eller til <a href=\"https:\/\/projects.techhivetechnologies.com\/lfiold\/behandlere-lfi-lillestrom\/dr-hans-schipper\/\">lege<\/a>.<\/p><p><strong>Tlf:<br \/><\/strong>90 60 62 06<\/p>\t\t\t\t\t\t\t\t<\/div>\n\t\t\t\t<\/div>\n\t\t\t\t<div class=\"elementor-element elementor-element-1de908c9 elementor-button-align-stretch elementor-widget elementor-widget-form\" data-id=\"1de908c9\" data-element_type=\"widget\" data-e-type=\"widget\" data-settings=\"{&quot;step_next_label&quot;:&quot;Next&quot;,&quot;step_previous_label&quot;:&quot;Previous&quot;,&quot;button_width&quot;:&quot;100&quot;,&quot;step_type&quot;:&quot;number_text&quot;,&quot;step_icon_shape&quot;:&quot;circle&quot;}\" data-widget_type=\"form.default\">\n\t\t\t\t<div class=\"elementor-widget-container\">\n\t\t\t\t\t\t\t<form class=\"elementor-form\" method=\"post\" name=\"New Form\">\n\t\t\t<input type=\"hidden\" name=\"post_id\" value=\"537\"\/>\n\t\t\t<input type=\"hidden\" name=\"form_id\" value=\"1de908c9\"\/>\n\t\t\t<input type=\"hidden\" name=\"referer_title\" value=\"LFI\" \/>\n\n\t\t\t\n\t\t\t<div class=\"elementor-form-fields-wrapper elementor-labels-above\">\n\t\t\t\t\t\t\t\t<div class=\"elementor-field-type-text elementor-field-group elementor-column elementor-field-group-name elementor-col-100\">\n\t\t\t\t\t\t\t\t\t\t\t\t\t<input size=\"1\" type=\"text\" name=\"form_fields[name]\" id=\"form-field-name\" class=\"elementor-field elementor-size-sm  elementor-field-textual\" placeholder=\"Navn\">\n\t\t\t\t\t\t\t\t\t\t\t<\/div>\n\t\t\t\t\t\t\t\t<div class=\"elementor-field-type-email elementor-field-group elementor-column elementor-field-group-email elementor-col-100 elementor-field-required\">\n\t\t\t\t\t\t\t\t\t\t\t\t\t<input size=\"1\" type=\"email\" name=\"form_fields[email]\" id=\"form-field-email\" class=\"elementor-field elementor-size-sm  elementor-field-textual\" placeholder=\"E-post\" required=\"required\" aria-required=\"true\">\n\t\t\t\t\t\t\t\t\t\t\t<\/div>\n\t\t\t\t\t\t\t\t<div class=\"elementor-field-type-textarea elementor-field-group elementor-column elementor-field-group-message elementor-col-100\">\n\t\t\t\t\t<textarea class=\"elementor-field-textual elementor-field  elementor-size-sm\" name=\"form_fields[message]\" id=\"form-field-message\" rows=\"6\" placeholder=\"Hva kan jeg hjelpe deg med? (Ikke oppgi sensitiv informasjon som f.eks personnummer)\"><\/textarea>\t\t\t\t<\/div>\n\t\t\t\t\t\t\t\t<div class=\"elementor-field-group elementor-column elementor-field-type-submit elementor-col-100 e-form__buttons\">\n\t\t\t\t\t<button type=\"submit\" class=\"elementor-button elementor-size-sm\">\n\t\t\t\t\t\t<span >\n\t\t\t\t\t\t\t\t\t\t\t\t\t\t\t<span class=\" elementor-button-icon\">\n\t\t\t\t\t\t\t\t\t\t\t\t\t\t\t\t\t\t\t\t\t\t\t\t\t\t<\/span>\n\t\t\t\t\t\t\t\t\t\t\t\t\t\t\t\t\t\t\t\t\t\t<span class=\"elementor-button-text\">Send<\/span>\n\t\t\t\t\t\t\t\t\t\t\t\t\t<\/span>\n\t\t\t\t\t<\/button>\n\t\t\t\t<\/div>\n\t\t\t<\/div>\n\t\t<\/form>\n\t\t\t\t\t\t<\/div>\n\t\t\t\t<\/div>\n\t\t\t\t\t<\/div>\n\t\t<\/div>\n\t\t\t\t\t<\/div>\n\t\t<\/section>\n\t\t\t\t\t<\/div>\n\t\t<\/div>\n\t\t\t\t\t<\/div>\n\t\t<\/section>\n\t\t\t\t<\/div>\n\t\t","protected":false},"excerpt":{"rendered":"<p>Irene Pasqua Bestill time \u2013 Endre din avtale irene@projects.techhivetechnologies.com Fysioterapeut og personlig trener Irene Pasqua Interessefelt:Ortopedi, idrettsskader, barnefysioterapi. Muskel- skjelettlidelser. Rehabiliterings- og forebyggende oppl\u00e6ring. Utdanning:2022: BSc Fysioterapi, Fontys University of Applied Sciences, Eindhoven2021: Pediatric Physiotherapy minor, Avans University of Applied Sciences, Breda Erfaring:Har hatt praksis og arbeidet som fysioterapeut i klinikker i Italia, Belgia og [&hellip;]<\/p>\n","protected":false},"author":1,"featured_media":0,"parent":41,"menu_order":0,"comment_status":"closed","ping_status":"closed","template":"elementor_header_footer","meta":{"footnotes":""},"class_list":["post-537","page","type-page","status-publish","hentry"],"yoast_head":"<!-- This site is optimized with the Yoast SEO Premium plugin v25.8 (Yoast SEO v27.4) - https:\/\/yoast.com\/product\/yoast-seo-premium-wordpress\/ -->\n<title>Irene Pasqua fysioterapeut i Lillestr\u00f8m | LFI Helse + Trening<\/title>\n<meta name=\"description\" content=\"M\u00f8t Irene Pasqua \u2013 fysioterapeut i Lillestr\u00f8m. Hos LFI Helse + Trening f\u00e5r du grundig unders\u00f8kelse og behandling tilpasset dine behov.\" \/>\n<meta name=\"robots\" content=\"index, follow, max-snippet:-1, max-image-preview:large, max-video-preview:-1\" \/>\n<link rel=\"canonical\" href=\"https:\/\/projects.techhivetechnologies.com\/lfiold\/behandlere-lfi-lillestrom\/irene-pasqua-fysioterapeut-lillestrom\/\" \/>\n<meta property=\"og:locale\" content=\"en_US\" \/>\n<meta property=\"og:type\" content=\"article\" \/>\n<meta property=\"og:title\" content=\"Irene Pasqua\" \/>\n<meta property=\"og:description\" content=\"M\u00f8t Irene Pasqua \u2013 fysioterapeut i Lillestr\u00f8m. Hos LFI Helse + Trening f\u00e5r du grundig unders\u00f8kelse og behandling tilpasset dine behov.\" \/>\n<meta property=\"og:url\" content=\"https:\/\/projects.techhivetechnologies.com\/lfiold\/behandlere-lfi-lillestrom\/irene-pasqua-fysioterapeut-lillestrom\/\" \/>\n<meta property=\"og:site_name\" content=\"LFI\" \/>\n<meta property=\"article:modified_time\" content=\"2026-01-10T07:08:04+00:00\" \/>\n<meta property=\"og:image\" content=\"https:\/\/projects.techhivetechnologies.com\/lfiold\/wp-content\/uploads\/2023\/11\/LFI_Irene_600px.jpg\" \/>\n\t<meta property=\"og:image:width\" content=\"600\" \/>\n\t<meta property=\"og:image:height\" content=\"600\" \/>\n\t<meta property=\"og:image:type\" content=\"image\/jpeg\" \/>\n<meta name=\"twitter:card\" content=\"summary_large_image\" \/>\n<meta name=\"twitter:label1\" content=\"Est. reading time\" \/>\n\t<meta name=\"twitter:data1\" content=\"2 minutes\" \/>\n<script type=\"application\/ld+json\" class=\"yoast-schema-graph\">{\"@context\":\"https:\\\/\\\/schema.org\",\"@graph\":[{\"@type\":\"WebPage\",\"@id\":\"https:\\\/\\\/projects.techhivetechnologies.com\\\/lfiold\\\/behandlere-lfi-lillestrom\\\/irene-pasqua-fysioterapeut-lillestrom\\\/\",\"url\":\"https:\\\/\\\/projects.techhivetechnologies.com\\\/lfiold\\\/behandlere-lfi-lillestrom\\\/irene-pasqua-fysioterapeut-lillestrom\\\/\",\"name\":\"Irene Pasqua fysioterapeut i Lillestr\u00f8m | LFI Helse + Trening\",\"isPartOf\":{\"@id\":\"https:\\\/\\\/projects.techhivetechnologies.com\\\/lfiold\\\/#website\"},\"primaryImageOfPage\":{\"@id\":\"https:\\\/\\\/projects.techhivetechnologies.com\\\/lfiold\\\/behandlere-lfi-lillestrom\\\/irene-pasqua-fysioterapeut-lillestrom\\\/#primaryimage\"},\"image\":{\"@id\":\"https:\\\/\\\/projects.techhivetechnologies.com\\\/lfiold\\\/behandlere-lfi-lillestrom\\\/irene-pasqua-fysioterapeut-lillestrom\\\/#primaryimage\"},\"thumbnailUrl\":\"https:\\\/\\\/projects.techhivetechnologies.com\\\/lfiold\\\/wp-content\\\/uploads\\\/2023\\\/11\\\/LFI_Irene_600px.jpg\",\"datePublished\":\"2023-12-01T13:00:59+00:00\",\"dateModified\":\"2026-01-10T07:08:04+00:00\",\"description\":\"M\u00f8t Irene Pasqua \u2013 fysioterapeut i Lillestr\u00f8m. Hos LFI Helse + Trening f\u00e5r du grundig unders\u00f8kelse og behandling tilpasset dine behov.\",\"breadcrumb\":{\"@id\":\"https:\\\/\\\/projects.techhivetechnologies.com\\\/lfiold\\\/behandlere-lfi-lillestrom\\\/irene-pasqua-fysioterapeut-lillestrom\\\/#breadcrumb\"},\"inLanguage\":\"en-US\",\"potentialAction\":[{\"@type\":\"ReadAction\",\"target\":[\"https:\\\/\\\/projects.techhivetechnologies.com\\\/lfiold\\\/behandlere-lfi-lillestrom\\\/irene-pasqua-fysioterapeut-lillestrom\\\/\"]}]},{\"@type\":\"ImageObject\",\"inLanguage\":\"en-US\",\"@id\":\"https:\\\/\\\/projects.techhivetechnologies.com\\\/lfiold\\\/behandlere-lfi-lillestrom\\\/irene-pasqua-fysioterapeut-lillestrom\\\/#primaryimage\",\"url\":\"https:\\\/\\\/projects.techhivetechnologies.com\\\/lfiold\\\/wp-content\\\/uploads\\\/2023\\\/11\\\/LFI_Irene_600px.jpg\",\"contentUrl\":\"https:\\\/\\\/projects.techhivetechnologies.com\\\/lfiold\\\/wp-content\\\/uploads\\\/2023\\\/11\\\/LFI_Irene_600px.jpg\",\"width\":600,\"height\":600,\"caption\":\"Irene Pasqua, fysioterapeut og personlig trener ved LFI Helse+Trening i Lillestr\u00f8m \u2013 tilbyr tilpasset trening og behandling.\"},{\"@type\":\"BreadcrumbList\",\"@id\":\"https:\\\/\\\/projects.techhivetechnologies.com\\\/lfiold\\\/behandlere-lfi-lillestrom\\\/irene-pasqua-fysioterapeut-lillestrom\\\/#breadcrumb\",\"itemListElement\":[{\"@type\":\"ListItem\",\"position\":1,\"name\":\"Home\",\"item\":\"https:\\\/\\\/projects.techhivetechnologies.com\\\/lfiold\\\/\"},{\"@type\":\"ListItem\",\"position\":2,\"name\":\"Behandlere\",\"item\":\"https:\\\/\\\/projects.techhivetechnologies.com\\\/lfiold\\\/behandlere-lfi-lillestrom\\\/\"},{\"@type\":\"ListItem\",\"position\":3,\"name\":\"Irene Pasqua\"}]},{\"@type\":\"WebSite\",\"@id\":\"https:\\\/\\\/projects.techhivetechnologies.com\\\/lfiold\\\/#website\",\"url\":\"https:\\\/\\\/projects.techhivetechnologies.com\\\/lfiold\\\/\",\"name\":\"LFI\",\"description\":\"Helse og Trening\",\"potentialAction\":[{\"@type\":\"SearchAction\",\"target\":{\"@type\":\"EntryPoint\",\"urlTemplate\":\"https:\\\/\\\/projects.techhivetechnologies.com\\\/lfiold\\\/?s={search_term_string}\"},\"query-input\":{\"@type\":\"PropertyValueSpecification\",\"valueRequired\":true,\"valueName\":\"search_term_string\"}}],\"inLanguage\":\"en-US\"}]}<\/script>\n<!-- \/ Yoast SEO Premium plugin. -->","yoast_head_json":{"title":"Irene Pasqua fysioterapeut i Lillestr\u00f8m | LFI Helse + Trening","description":"M\u00f8t Irene Pasqua \u2013 fysioterapeut i Lillestr\u00f8m. Hos LFI Helse + Trening f\u00e5r du grundig unders\u00f8kelse og behandling tilpasset dine behov.","robots":{"index":"index","follow":"follow","max-snippet":"max-snippet:-1","max-image-preview":"max-image-preview:large","max-video-preview":"max-video-preview:-1"},"canonical":"https:\/\/projects.techhivetechnologies.com\/lfiold\/behandlere-lfi-lillestrom\/irene-pasqua-fysioterapeut-lillestrom\/","og_locale":"en_US","og_type":"article","og_title":"Irene Pasqua","og_description":"M\u00f8t Irene Pasqua \u2013 fysioterapeut i Lillestr\u00f8m. Hos LFI Helse + Trening f\u00e5r du grundig unders\u00f8kelse og behandling tilpasset dine behov.","og_url":"https:\/\/projects.techhivetechnologies.com\/lfiold\/behandlere-lfi-lillestrom\/irene-pasqua-fysioterapeut-lillestrom\/","og_site_name":"LFI","article_modified_time":"2026-01-10T07:08:04+00:00","og_image":[{"width":600,"height":600,"url":"https:\/\/projects.techhivetechnologies.com\/lfiold\/wp-content\/uploads\/2023\/11\/LFI_Irene_600px.jpg","type":"image\/jpeg"}],"twitter_card":"summary_large_image","twitter_misc":{"Est. reading time":"2 minutes"},"schema":{"@context":"https:\/\/schema.org","@graph":[{"@type":"WebPage","@id":"https:\/\/projects.techhivetechnologies.com\/lfiold\/behandlere-lfi-lillestrom\/irene-pasqua-fysioterapeut-lillestrom\/","url":"https:\/\/projects.techhivetechnologies.com\/lfiold\/behandlere-lfi-lillestrom\/irene-pasqua-fysioterapeut-lillestrom\/","name":"Irene Pasqua fysioterapeut i Lillestr\u00f8m | LFI Helse + Trening","isPartOf":{"@id":"https:\/\/projects.techhivetechnologies.com\/lfiold\/#website"},"primaryImageOfPage":{"@id":"https:\/\/projects.techhivetechnologies.com\/lfiold\/behandlere-lfi-lillestrom\/irene-pasqua-fysioterapeut-lillestrom\/#primaryimage"},"image":{"@id":"https:\/\/projects.techhivetechnologies.com\/lfiold\/behandlere-lfi-lillestrom\/irene-pasqua-fysioterapeut-lillestrom\/#primaryimage"},"thumbnailUrl":"https:\/\/projects.techhivetechnologies.com\/lfiold\/wp-content\/uploads\/2023\/11\/LFI_Irene_600px.jpg","datePublished":"2023-12-01T13:00:59+00:00","dateModified":"2026-01-10T07:08:04+00:00","description":"M\u00f8t Irene Pasqua \u2013 fysioterapeut i Lillestr\u00f8m. Hos LFI Helse + Trening f\u00e5r du grundig unders\u00f8kelse og behandling tilpasset dine behov.","breadcrumb":{"@id":"https:\/\/projects.techhivetechnologies.com\/lfiold\/behandlere-lfi-lillestrom\/irene-pasqua-fysioterapeut-lillestrom\/#breadcrumb"},"inLanguage":"en-US","potentialAction":[{"@type":"ReadAction","target":["https:\/\/projects.techhivetechnologies.com\/lfiold\/behandlere-lfi-lillestrom\/irene-pasqua-fysioterapeut-lillestrom\/"]}]},{"@type":"ImageObject","inLanguage":"en-US","@id":"https:\/\/projects.techhivetechnologies.com\/lfiold\/behandlere-lfi-lillestrom\/irene-pasqua-fysioterapeut-lillestrom\/#primaryimage","url":"https:\/\/projects.techhivetechnologies.com\/lfiold\/wp-content\/uploads\/2023\/11\/LFI_Irene_600px.jpg","contentUrl":"https:\/\/projects.techhivetechnologies.com\/lfiold\/wp-content\/uploads\/2023\/11\/LFI_Irene_600px.jpg","width":600,"height":600,"caption":"Irene Pasqua, fysioterapeut og personlig trener ved LFI Helse+Trening i Lillestr\u00f8m \u2013 tilbyr tilpasset trening og behandling."},{"@type":"BreadcrumbList","@id":"https:\/\/projects.techhivetechnologies.com\/lfiold\/behandlere-lfi-lillestrom\/irene-pasqua-fysioterapeut-lillestrom\/#breadcrumb","itemListElement":[{"@type":"ListItem","position":1,"name":"Home","item":"https:\/\/projects.techhivetechnologies.com\/lfiold\/"},{"@type":"ListItem","position":2,"name":"Behandlere","item":"https:\/\/projects.techhivetechnologies.com\/lfiold\/behandlere-lfi-lillestrom\/"},{"@type":"ListItem","position":3,"name":"Irene Pasqua"}]},{"@type":"WebSite","@id":"https:\/\/projects.techhivetechnologies.com\/lfiold\/#website","url":"https:\/\/projects.techhivetechnologies.com\/lfiold\/","name":"LFI","description":"Helse og Trening","potentialAction":[{"@type":"SearchAction","target":{"@type":"EntryPoint","urlTemplate":"https:\/\/projects.techhivetechnologies.com\/lfiold\/?s={search_term_string}"},"query-input":{"@type":"PropertyValueSpecification","valueRequired":true,"valueName":"search_term_string"}}],"inLanguage":"en-US"}]}},"_links":{"self":[{"href":"https:\/\/projects.techhivetechnologies.com\/lfiold\/wp-json\/wp\/v2\/pages\/537","targetHints":{"allow":["GET"]}}],"collection":[{"href":"https:\/\/projects.techhivetechnologies.com\/lfiold\/wp-json\/wp\/v2\/pages"}],"about":[{"href":"https:\/\/projects.techhivetechnologies.com\/lfiold\/wp-json\/wp\/v2\/types\/page"}],"author":[{"embeddable":true,"href":"https:\/\/projects.techhivetechnologies.com\/lfiold\/wp-json\/wp\/v2\/users\/1"}],"replies":[{"embeddable":true,"href":"https:\/\/projects.techhivetechnologies.com\/lfiold\/wp-json\/wp\/v2\/comments?post=537"}],"version-history":[{"count":0,"href":"https:\/\/projects.techhivetechnologies.com\/lfiold\/wp-json\/wp\/v2\/pages\/537\/revisions"}],"up":[{"embeddable":true,"href":"https:\/\/projects.techhivetechnologies.com\/lfiold\/wp-json\/wp\/v2\/pages\/41"}],"wp:attachment":[{"href":"https:\/\/projects.techhivetechnologies.com\/lfiold\/wp-json\/wp\/v2\/media?parent=537"}],"curies":[{"name":"wp","href":"https:\/\/api.w.org\/{rel}","templated":true}]}}