{"id":4724,"date":"2025-01-30T14:50:19","date_gmt":"2025-01-30T14:50:19","guid":{"rendered":"https:\/\/projects.techhivetechnologies.com\/lfiold\/?page_id=4724"},"modified":"2026-01-10T07:17:28","modified_gmt":"2026-01-10T07:17:28","slug":"vetle-p-andersen","status":"publish","type":"page","link":"https:\/\/projects.techhivetechnologies.com\/lfiold\/behandlere-lfi-lillestrom\/vetle-p-andersen\/","title":{"rendered":"Vetle P. Andersen"},"content":{"rendered":"\t\t<div data-elementor-type=\"wp-page\" data-elementor-id=\"4724\" class=\"elementor elementor-4724\">\n\t\t\t\t\t\t<section class=\"elementor-section elementor-top-section elementor-element elementor-element-499b3307 elementor-section-boxed elementor-section-height-default elementor-section-height-default\" data-id=\"499b3307\" data-element_type=\"section\" data-e-type=\"section\" data-settings=\"{&quot;background_background&quot;:&quot;slideshow&quot;,&quot;background_slideshow_gallery&quot;:[{&quot;id&quot;:333,&quot;url&quot;:&quot;https:\\\/\\\/projects.techhivetechnologies.com\\\/lfiold\\\/wp-content\\\/uploads\\\/2023\\\/11\\\/asnate.jpg&quot;}],&quot;background_slideshow_ken_burns&quot;:&quot;yes&quot;,&quot;background_slideshow_loop&quot;:&quot;yes&quot;,&quot;background_slideshow_slide_duration&quot;:5000,&quot;background_slideshow_slide_transition&quot;:&quot;fade&quot;,&quot;background_slideshow_transition_duration&quot;:500,&quot;background_slideshow_ken_burns_zoom_direction&quot;:&quot;in&quot;}\">\n\t\t\t\t\t\t\t<div class=\"elementor-background-overlay\"><\/div>\n\t\t\t\t\t\t\t<div class=\"elementor-container elementor-column-gap-default\">\n\t\t\t\t\t<div class=\"elementor-column elementor-col-100 elementor-top-column elementor-element elementor-element-25bad6ca\" data-id=\"25bad6ca\" data-element_type=\"column\" data-e-type=\"column\">\n\t\t\t<div class=\"elementor-widget-wrap elementor-element-populated\">\n\t\t\t\t\t\t<div class=\"elementor-element elementor-element-67000115 elementor-widget elementor-widget-heading\" data-id=\"67000115\" data-element_type=\"widget\" data-e-type=\"widget\" data-widget_type=\"heading.default\">\n\t\t\t\t<div class=\"elementor-widget-container\">\n\t\t\t\t\t<h1 class=\"elementor-heading-title elementor-size-default\">Vetle P. Andersen<\/h1>\t\t\t\t<\/div>\n\t\t\t\t<\/div>\n\t\t\t\t\t<\/div>\n\t\t<\/div>\n\t\t\t\t\t<\/div>\n\t\t<\/section>\n\t\t\t\t<section class=\"elementor-section elementor-top-section elementor-element elementor-element-29668142 elementor-section-boxed elementor-section-height-default elementor-section-height-default\" data-id=\"29668142\" data-element_type=\"section\" data-e-type=\"section\" data-settings=\"{&quot;background_background&quot;:&quot;classic&quot;}\">\n\t\t\t\t\t\t<div class=\"elementor-container elementor-column-gap-default\">\n\t\t\t\t\t<div class=\"elementor-column elementor-col-100 elementor-top-column elementor-element elementor-element-4c8064dc\" data-id=\"4c8064dc\" data-element_type=\"column\" data-e-type=\"column\">\n\t\t\t<div class=\"elementor-widget-wrap elementor-element-populated\">\n\t\t\t\t\t\t<section class=\"elementor-section elementor-inner-section elementor-element elementor-element-4de6df22 elementor-section-boxed elementor-section-height-default elementor-section-height-default\" data-id=\"4de6df22\" data-element_type=\"section\" data-e-type=\"section\">\n\t\t\t\t\t\t<div class=\"elementor-container elementor-column-gap-wider\">\n\t\t\t\t\t<div class=\"elementor-column elementor-col-50 elementor-inner-column elementor-element elementor-element-3a6877e5\" data-id=\"3a6877e5\" data-element_type=\"column\" data-e-type=\"column\">\n\t\t\t<div class=\"elementor-widget-wrap elementor-element-populated\">\n\t\t\t\t\t\t<div class=\"elementor-element elementor-element-4fa9650f elementor-widget elementor-widget-image\" data-id=\"4fa9650f\" data-element_type=\"widget\" data-e-type=\"widget\" data-widget_type=\"image.default\">\n\t\t\t\t<div class=\"elementor-widget-container\">\n\t\t\t\t\t\t\t\t\t\t\t\t\t\t\t<img fetchpriority=\"high\" decoding=\"async\" width=\"1000\" height=\"1000\" src=\"https:\/\/projects.techhivetechnologies.com\/lfiold\/wp-content\/uploads\/2025\/02\/LFI_Vetle_4925_1000px_crop.jpg\" class=\"attachment-full size-full wp-image-5123\" alt=\"Vetle P. Andersen, fysioterapeut ved LFI Helse+Trening i Lillestr\u00f8m \u2013 tilbyr behandling innen fysioterapi med fokus p\u00e5 individuell oppf\u00f8lging.\" srcset=\"https:\/\/projects.techhivetechnologies.com\/lfiold\/wp-content\/uploads\/2025\/02\/LFI_Vetle_4925_1000px_crop.jpg 1000w, https:\/\/projects.techhivetechnologies.com\/lfiold\/wp-content\/uploads\/2025\/02\/LFI_Vetle_4925_1000px_crop-300x300.jpg 300w, https:\/\/projects.techhivetechnologies.com\/lfiold\/wp-content\/uploads\/2025\/02\/LFI_Vetle_4925_1000px_crop-150x150.jpg 150w, https:\/\/projects.techhivetechnologies.com\/lfiold\/wp-content\/uploads\/2025\/02\/LFI_Vetle_4925_1000px_crop-768x768.jpg 768w\" sizes=\"(max-width: 1000px) 100vw, 1000px\" \/>\t\t\t\t\t\t\t\t\t\t\t\t\t\t\t<\/div>\n\t\t\t\t<\/div>\n\t\t\t\t<div class=\"elementor-element elementor-element-2b09ffd9 elementor-align-center elementor-widget elementor-widget-button\" data-id=\"2b09ffd9\" data-element_type=\"widget\" data-e-type=\"widget\" data-widget_type=\"button.default\">\n\t\t\t\t<div class=\"elementor-widget-container\">\n\t\t\t\t\t\t\t\t\t<div class=\"elementor-button-wrapper\">\n\t\t\t\t\t<a class=\"elementor-button elementor-button-link elementor-size-sm\" href=\"https:\/\/helse.aspit.no\/quick-appointment?clinicId=a0115b16-a2b2-49e2-9afe-75d3b6564d0a&#038;fbclid=IwAR25mXiqSE8aGG3PnOcQ11HIiG_mMuProGTF665uvg8RiXkOIkeOSGok4Wg&#038;mode=5&#038;therapistId=27974&#038;therapistName=Vetle%20Andersen\">\n\t\t\t\t\t\t<span class=\"elementor-button-content-wrapper\">\n\t\t\t\t\t\t\t\t\t<span class=\"elementor-button-text\">Bestill time \u2013 Endre din avtale<\/span>\n\t\t\t\t\t<\/span>\n\t\t\t\t\t<\/a>\n\t\t\t\t<\/div>\n\t\t\t\t\t\t\t\t<\/div>\n\t\t\t\t<\/div>\n\t\t\t\t<div class=\"elementor-element elementor-element-75f763e elementor-align-center elementor-icon-list--layout-traditional elementor-list-item-link-full_width elementor-widget elementor-widget-icon-list\" data-id=\"75f763e\" data-element_type=\"widget\" data-e-type=\"widget\" data-widget_type=\"icon-list.default\">\n\t\t\t\t<div class=\"elementor-widget-container\">\n\t\t\t\t\t\t\t<ul class=\"elementor-icon-list-items\">\n\t\t\t\t\t\t\t<li class=\"elementor-icon-list-item\">\n\t\t\t\t\t\t\t\t\t\t\t<a href=\"mailto:vetle@projects.techhivetechnologies.com\">\n\n\t\t\t\t\t\t\t\t\t\t\t\t<span class=\"elementor-icon-list-icon\">\n\t\t\t\t\t\t\t<i aria-hidden=\"true\" class=\"icon icon-envelope\"><\/i>\t\t\t\t\t\t<\/span>\n\t\t\t\t\t\t\t\t\t\t<span class=\"elementor-icon-list-text\">vetle@projects.techhivetechnologies.com<\/span>\n\t\t\t\t\t\t\t\t\t\t\t<\/a>\n\t\t\t\t\t\t\t\t\t<\/li>\n\t\t\t\t\t\t<\/ul>\n\t\t\t\t\t\t<\/div>\n\t\t\t\t<\/div>\n\t\t\t\t\t<\/div>\n\t\t<\/div>\n\t\t\t\t<div class=\"elementor-column elementor-col-50 elementor-inner-column elementor-element elementor-element-18b8a1ed\" data-id=\"18b8a1ed\" data-element_type=\"column\" data-e-type=\"column\">\n\t\t\t<div class=\"elementor-widget-wrap elementor-element-populated\">\n\t\t\t\t\t\t<div class=\"elementor-element elementor-element-4bab889e elementor-widget elementor-widget-text-editor\" data-id=\"4bab889e\" data-element_type=\"widget\" data-e-type=\"widget\" data-widget_type=\"text-editor.default\">\n\t\t\t\t<div class=\"elementor-widget-container\">\n\t\t\t\t\t\t\t\t\tFysioterapeut, M.Sc\t\t\t\t\t\t\t\t<\/div>\n\t\t\t\t<\/div>\n\t\t\t\t<div class=\"elementor-element elementor-element-51feb2fb elementor-widget elementor-widget-heading\" data-id=\"51feb2fb\" data-element_type=\"widget\" data-e-type=\"widget\" data-widget_type=\"heading.default\">\n\t\t\t\t<div class=\"elementor-widget-container\">\n\t\t\t\t\t<h2 class=\"elementor-heading-title elementor-size-default\">Vetle P. Andersen, M.sc<\/h2>\t\t\t\t<\/div>\n\t\t\t\t<\/div>\n\t\t\t\t<div class=\"elementor-element elementor-element-6f7a873e elementor-widget-divider--view-line elementor-widget elementor-widget-divider\" data-id=\"6f7a873e\" data-element_type=\"widget\" data-e-type=\"widget\" data-widget_type=\"divider.default\">\n\t\t\t\t<div class=\"elementor-widget-container\">\n\t\t\t\t\t\t\t<div class=\"elementor-divider\">\n\t\t\t<span class=\"elementor-divider-separator\">\n\t\t\t\t\t\t<\/span>\n\t\t<\/div>\n\t\t\t\t\t\t<\/div>\n\t\t\t\t<\/div>\n\t\t\t\t<div class=\"elementor-element elementor-element-206c1c8e elementor-widget elementor-widget-text-editor\" data-id=\"206c1c8e\" data-element_type=\"widget\" data-e-type=\"widget\" data-widget_type=\"text-editor.default\">\n\t\t\t\t<div class=\"elementor-widget-container\">\n\t\t\t\t\t\t\t\t\t<p>Vetle er en fysioterapeut som fokuserer p\u00e5 aktive behandlingsstrategier, egenmestring og mestringstro for b\u00e5de akutte og kroniske muskel- og skjelettplager. Han har spesialisert kunnskap innen opptrening etter skade og operasjon, samt forebygging og h\u00e5ndtering av belastningsplager.\u00a0<\/p><p><b>Vetle har avtale med Helfo.<\/b><\/p><p><strong>\u00a0<\/strong><\/p><p><strong>Utdanning<\/strong><\/p><ul><li>Master i Muskuloskeletal Fysioterapi, Aalborg Universitet, 2021<\/li><li>Bachelor i Fysioterapi, Saxion University of Applied Sciences, 2018<\/li><\/ul><p><strong style=\"font-family: -apple-system, BlinkMacSystemFont, 'Segoe UI', Roboto, 'Helvetica Neue', Arial, 'Noto Sans', sans-serif, 'Apple Color Emoji', 'Segoe UI Emoji', 'Segoe UI Symbol', 'Noto Color Emoji';\">Kurs<\/strong><\/p><ul><li>The Painful Shoulder \u2013 Adam Meakins (2023)<\/li><li>FAI \u2013 &#8220;Assessment to Rehab &amp; Everything in Between&#8221; \u2013 TheHipPhysio (2023)<\/li><li>Simplifying the Hip &#8220;Live &amp; Online&#8221; \u2013 HDPN &#8211; Health Development &amp; Performance Network (2023)<\/li><\/ul><p><strong style=\"font-family: -apple-system, BlinkMacSystemFont, 'Segoe UI', Roboto, 'Helvetica Neue', Arial, 'Noto Sans', sans-serif, 'Apple Color Emoji', 'Segoe UI Emoji', 'Segoe UI Symbol', 'Noto Color Emoji';\">Interesseomr\u00e5der og erfaring<\/strong><\/p><ul><li>Aktive behandlingsstrategier<\/li><li>Opptrening etter skade og operasjon<\/li><li>Forebygging\/h\u00e5ndtering av belastningsskader<\/li><\/ul><p><strong>Telefon<\/strong><\/p><p>99 10 42 45<\/p>\t\t\t\t\t\t\t\t<\/div>\n\t\t\t\t<\/div>\n\t\t\t\t<div class=\"elementor-element elementor-element-6ab1bff1 elementor-button-align-stretch elementor-widget elementor-widget-form\" data-id=\"6ab1bff1\" data-element_type=\"widget\" data-e-type=\"widget\" data-settings=\"{&quot;step_next_label&quot;:&quot;Next&quot;,&quot;step_previous_label&quot;:&quot;Previous&quot;,&quot;button_width&quot;:&quot;100&quot;,&quot;step_type&quot;:&quot;number_text&quot;,&quot;step_icon_shape&quot;:&quot;circle&quot;}\" data-widget_type=\"form.default\">\n\t\t\t\t<div class=\"elementor-widget-container\">\n\t\t\t\t\t\t\t<form class=\"elementor-form\" method=\"post\" name=\"New Form\">\n\t\t\t<input type=\"hidden\" name=\"post_id\" value=\"4724\"\/>\n\t\t\t<input type=\"hidden\" name=\"form_id\" value=\"6ab1bff1\"\/>\n\t\t\t<input type=\"hidden\" name=\"referer_title\" value=\"LFI\" \/>\n\n\t\t\t\n\t\t\t<div class=\"elementor-form-fields-wrapper elementor-labels-above\">\n\t\t\t\t\t\t\t\t<div class=\"elementor-field-type-text elementor-field-group elementor-column elementor-field-group-name elementor-col-100\">\n\t\t\t\t\t\t\t\t\t\t\t\t\t<input size=\"1\" type=\"text\" name=\"form_fields[name]\" id=\"form-field-name\" class=\"elementor-field elementor-size-sm  elementor-field-textual\" placeholder=\"Navn\">\n\t\t\t\t\t\t\t\t\t\t\t<\/div>\n\t\t\t\t\t\t\t\t<div class=\"elementor-field-type-email elementor-field-group elementor-column elementor-field-group-email elementor-col-100 elementor-field-required\">\n\t\t\t\t\t\t\t\t\t\t\t\t\t<input size=\"1\" type=\"email\" name=\"form_fields[email]\" id=\"form-field-email\" class=\"elementor-field elementor-size-sm  elementor-field-textual\" placeholder=\"E-post\" required=\"required\" aria-required=\"true\">\n\t\t\t\t\t\t\t\t\t\t\t<\/div>\n\t\t\t\t\t\t\t\t<div class=\"elementor-field-type-textarea elementor-field-group elementor-column elementor-field-group-message elementor-col-100\">\n\t\t\t\t\t<textarea class=\"elementor-field-textual elementor-field  elementor-size-sm\" name=\"form_fields[message]\" id=\"form-field-message\" rows=\"6\" placeholder=\"Hva kan jeg hjelpe deg med? (Ikke oppgi sensitiv informasjon som f.eks personnummer)\"><\/textarea>\t\t\t\t<\/div>\n\t\t\t\t\t\t\t\t<div class=\"elementor-field-group elementor-column elementor-field-type-submit elementor-col-100 e-form__buttons\">\n\t\t\t\t\t<button type=\"submit\" class=\"elementor-button elementor-size-sm\">\n\t\t\t\t\t\t<span >\n\t\t\t\t\t\t\t\t\t\t\t\t\t\t\t<span class=\" elementor-button-icon\">\n\t\t\t\t\t\t\t\t\t\t\t\t\t\t\t\t\t\t\t\t\t\t\t\t\t\t<\/span>\n\t\t\t\t\t\t\t\t\t\t\t\t\t\t\t\t\t\t\t\t\t\t<span class=\"elementor-button-text\">Send<\/span>\n\t\t\t\t\t\t\t\t\t\t\t\t\t<\/span>\n\t\t\t\t\t<\/button>\n\t\t\t\t<\/div>\n\t\t\t<\/div>\n\t\t<\/form>\n\t\t\t\t\t\t<\/div>\n\t\t\t\t<\/div>\n\t\t\t\t\t<\/div>\n\t\t<\/div>\n\t\t\t\t\t<\/div>\n\t\t<\/section>\n\t\t\t\t\t<\/div>\n\t\t<\/div>\n\t\t\t\t\t<\/div>\n\t\t<\/section>\n\t\t\t\t<\/div>\n\t\t","protected":false},"excerpt":{"rendered":"<p>Vetle P. Andersen Bestill time \u2013 Endre din avtale vetle@projects.techhivetechnologies.com Fysioterapeut, M.Sc Vetle P. Andersen, M.sc Vetle er en fysioterapeut som fokuserer p\u00e5 aktive behandlingsstrategier, egenmestring og mestringstro for b\u00e5de akutte og kroniske muskel- og skjelettplager. Han har spesialisert kunnskap innen opptrening etter skade og operasjon, samt forebygging og h\u00e5ndtering av belastningsplager.\u00a0 Vetle har avtale [&hellip;]<\/p>\n","protected":false},"author":4,"featured_media":0,"parent":41,"menu_order":0,"comment_status":"closed","ping_status":"closed","template":"elementor_header_footer","meta":{"footnotes":""},"class_list":["post-4724","page","type-page","status-publish","hentry"],"yoast_head":"<!-- This site is optimized with the Yoast SEO Premium plugin v25.8 (Yoast SEO v27.4) - https:\/\/yoast.com\/product\/yoast-seo-premium-wordpress\/ -->\n<title>Vetle P. Andersen \u2013 Fysioterapeut i Lillestr\u00f8m | LFI Helse + Trening<\/title>\n<meta name=\"description\" content=\"Vetle P. Andersen er fysioterapeut ved LFI i Lillestr\u00f8m. Han tilbyr oppdatert, m\u00e5lrettet behandling for muskel- og skjelettplager.\" \/>\n<meta name=\"robots\" content=\"index, follow, max-snippet:-1, max-image-preview:large, max-video-preview:-1\" \/>\n<link rel=\"canonical\" href=\"https:\/\/projects.techhivetechnologies.com\/lfiold\/behandlere-lfi-lillestrom\/vetle-p-andersen\/\" \/>\n<meta property=\"og:locale\" content=\"en_US\" \/>\n<meta property=\"og:type\" content=\"article\" \/>\n<meta property=\"og:title\" content=\"Vetle P. Andersen\" \/>\n<meta property=\"og:description\" content=\"Vetle P. Andersen er fysioterapeut ved LFI i Lillestr\u00f8m. Han tilbyr oppdatert, m\u00e5lrettet behandling for muskel- og skjelettplager.\" \/>\n<meta property=\"og:url\" content=\"https:\/\/projects.techhivetechnologies.com\/lfiold\/behandlere-lfi-lillestrom\/vetle-p-andersen\/\" \/>\n<meta property=\"og:site_name\" content=\"LFI\" \/>\n<meta property=\"article:modified_time\" content=\"2026-01-10T07:17:28+00:00\" \/>\n<meta property=\"og:image\" content=\"https:\/\/projects.techhivetechnologies.com\/lfiold\/wp-content\/uploads\/2025\/02\/LFI_Vetle_4925_1000px_crop.jpg\" \/>\n\t<meta property=\"og:image:width\" content=\"1000\" \/>\n\t<meta property=\"og:image:height\" content=\"1000\" \/>\n\t<meta property=\"og:image:type\" content=\"image\/jpeg\" \/>\n<meta name=\"twitter:card\" content=\"summary_large_image\" \/>\n<meta name=\"twitter:label1\" content=\"Est. reading time\" \/>\n\t<meta name=\"twitter:data1\" content=\"1 minute\" \/>\n<script type=\"application\/ld+json\" class=\"yoast-schema-graph\">{\"@context\":\"https:\\\/\\\/schema.org\",\"@graph\":[{\"@type\":\"WebPage\",\"@id\":\"https:\\\/\\\/projects.techhivetechnologies.com\\\/lfiold\\\/behandlere-lfi-lillestrom\\\/vetle-p-andersen\\\/\",\"url\":\"https:\\\/\\\/projects.techhivetechnologies.com\\\/lfiold\\\/behandlere-lfi-lillestrom\\\/vetle-p-andersen\\\/\",\"name\":\"Vetle P. Andersen \u2013 Fysioterapeut i Lillestr\u00f8m | LFI Helse + Trening\",\"isPartOf\":{\"@id\":\"https:\\\/\\\/projects.techhivetechnologies.com\\\/lfiold\\\/#website\"},\"primaryImageOfPage\":{\"@id\":\"https:\\\/\\\/projects.techhivetechnologies.com\\\/lfiold\\\/behandlere-lfi-lillestrom\\\/vetle-p-andersen\\\/#primaryimage\"},\"image\":{\"@id\":\"https:\\\/\\\/projects.techhivetechnologies.com\\\/lfiold\\\/behandlere-lfi-lillestrom\\\/vetle-p-andersen\\\/#primaryimage\"},\"thumbnailUrl\":\"https:\\\/\\\/projects.techhivetechnologies.com\\\/lfiold\\\/wp-content\\\/uploads\\\/2025\\\/02\\\/LFI_Vetle_4925_1000px_crop.jpg\",\"datePublished\":\"2025-01-30T14:50:19+00:00\",\"dateModified\":\"2026-01-10T07:17:28+00:00\",\"description\":\"Vetle P. Andersen er fysioterapeut ved LFI i Lillestr\u00f8m. Han tilbyr oppdatert, m\u00e5lrettet behandling for muskel- og skjelettplager.\",\"breadcrumb\":{\"@id\":\"https:\\\/\\\/projects.techhivetechnologies.com\\\/lfiold\\\/behandlere-lfi-lillestrom\\\/vetle-p-andersen\\\/#breadcrumb\"},\"inLanguage\":\"en-US\",\"potentialAction\":[{\"@type\":\"ReadAction\",\"target\":[\"https:\\\/\\\/projects.techhivetechnologies.com\\\/lfiold\\\/behandlere-lfi-lillestrom\\\/vetle-p-andersen\\\/\"]}]},{\"@type\":\"ImageObject\",\"inLanguage\":\"en-US\",\"@id\":\"https:\\\/\\\/projects.techhivetechnologies.com\\\/lfiold\\\/behandlere-lfi-lillestrom\\\/vetle-p-andersen\\\/#primaryimage\",\"url\":\"https:\\\/\\\/projects.techhivetechnologies.com\\\/lfiold\\\/wp-content\\\/uploads\\\/2025\\\/02\\\/LFI_Vetle_4925_1000px_crop.jpg\",\"contentUrl\":\"https:\\\/\\\/projects.techhivetechnologies.com\\\/lfiold\\\/wp-content\\\/uploads\\\/2025\\\/02\\\/LFI_Vetle_4925_1000px_crop.jpg\",\"width\":1000,\"height\":1000,\"caption\":\"Vetle P. Andersen, fysioterapeut ved LFI Helse+Trening i Lillestr\u00f8m \u2013 tilbyr behandling innen fysioterapi med fokus p\u00e5 individuell oppf\u00f8lging.\"},{\"@type\":\"BreadcrumbList\",\"@id\":\"https:\\\/\\\/projects.techhivetechnologies.com\\\/lfiold\\\/behandlere-lfi-lillestrom\\\/vetle-p-andersen\\\/#breadcrumb\",\"itemListElement\":[{\"@type\":\"ListItem\",\"position\":1,\"name\":\"Home\",\"item\":\"https:\\\/\\\/projects.techhivetechnologies.com\\\/lfiold\\\/\"},{\"@type\":\"ListItem\",\"position\":2,\"name\":\"Behandlere\",\"item\":\"https:\\\/\\\/projects.techhivetechnologies.com\\\/lfiold\\\/behandlere-lfi-lillestrom\\\/\"},{\"@type\":\"ListItem\",\"position\":3,\"name\":\"Vetle P. Andersen\"}]},{\"@type\":\"WebSite\",\"@id\":\"https:\\\/\\\/projects.techhivetechnologies.com\\\/lfiold\\\/#website\",\"url\":\"https:\\\/\\\/projects.techhivetechnologies.com\\\/lfiold\\\/\",\"name\":\"LFI\",\"description\":\"Helse og Trening\",\"potentialAction\":[{\"@type\":\"SearchAction\",\"target\":{\"@type\":\"EntryPoint\",\"urlTemplate\":\"https:\\\/\\\/projects.techhivetechnologies.com\\\/lfiold\\\/?s={search_term_string}\"},\"query-input\":{\"@type\":\"PropertyValueSpecification\",\"valueRequired\":true,\"valueName\":\"search_term_string\"}}],\"inLanguage\":\"en-US\"}]}<\/script>\n<!-- \/ Yoast SEO Premium plugin. -->","yoast_head_json":{"title":"Vetle P. Andersen \u2013 Fysioterapeut i Lillestr\u00f8m | LFI Helse + Trening","description":"Vetle P. Andersen er fysioterapeut ved LFI i Lillestr\u00f8m. Han tilbyr oppdatert, m\u00e5lrettet behandling for muskel- og skjelettplager.","robots":{"index":"index","follow":"follow","max-snippet":"max-snippet:-1","max-image-preview":"max-image-preview:large","max-video-preview":"max-video-preview:-1"},"canonical":"https:\/\/projects.techhivetechnologies.com\/lfiold\/behandlere-lfi-lillestrom\/vetle-p-andersen\/","og_locale":"en_US","og_type":"article","og_title":"Vetle P. Andersen","og_description":"Vetle P. Andersen er fysioterapeut ved LFI i Lillestr\u00f8m. Han tilbyr oppdatert, m\u00e5lrettet behandling for muskel- og skjelettplager.","og_url":"https:\/\/projects.techhivetechnologies.com\/lfiold\/behandlere-lfi-lillestrom\/vetle-p-andersen\/","og_site_name":"LFI","article_modified_time":"2026-01-10T07:17:28+00:00","og_image":[{"width":1000,"height":1000,"url":"https:\/\/projects.techhivetechnologies.com\/lfiold\/wp-content\/uploads\/2025\/02\/LFI_Vetle_4925_1000px_crop.jpg","type":"image\/jpeg"}],"twitter_card":"summary_large_image","twitter_misc":{"Est. reading time":"1 minute"},"schema":{"@context":"https:\/\/schema.org","@graph":[{"@type":"WebPage","@id":"https:\/\/projects.techhivetechnologies.com\/lfiold\/behandlere-lfi-lillestrom\/vetle-p-andersen\/","url":"https:\/\/projects.techhivetechnologies.com\/lfiold\/behandlere-lfi-lillestrom\/vetle-p-andersen\/","name":"Vetle P. Andersen \u2013 Fysioterapeut i Lillestr\u00f8m | LFI Helse + Trening","isPartOf":{"@id":"https:\/\/projects.techhivetechnologies.com\/lfiold\/#website"},"primaryImageOfPage":{"@id":"https:\/\/projects.techhivetechnologies.com\/lfiold\/behandlere-lfi-lillestrom\/vetle-p-andersen\/#primaryimage"},"image":{"@id":"https:\/\/projects.techhivetechnologies.com\/lfiold\/behandlere-lfi-lillestrom\/vetle-p-andersen\/#primaryimage"},"thumbnailUrl":"https:\/\/projects.techhivetechnologies.com\/lfiold\/wp-content\/uploads\/2025\/02\/LFI_Vetle_4925_1000px_crop.jpg","datePublished":"2025-01-30T14:50:19+00:00","dateModified":"2026-01-10T07:17:28+00:00","description":"Vetle P. Andersen er fysioterapeut ved LFI i Lillestr\u00f8m. Han tilbyr oppdatert, m\u00e5lrettet behandling for muskel- og skjelettplager.","breadcrumb":{"@id":"https:\/\/projects.techhivetechnologies.com\/lfiold\/behandlere-lfi-lillestrom\/vetle-p-andersen\/#breadcrumb"},"inLanguage":"en-US","potentialAction":[{"@type":"ReadAction","target":["https:\/\/projects.techhivetechnologies.com\/lfiold\/behandlere-lfi-lillestrom\/vetle-p-andersen\/"]}]},{"@type":"ImageObject","inLanguage":"en-US","@id":"https:\/\/projects.techhivetechnologies.com\/lfiold\/behandlere-lfi-lillestrom\/vetle-p-andersen\/#primaryimage","url":"https:\/\/projects.techhivetechnologies.com\/lfiold\/wp-content\/uploads\/2025\/02\/LFI_Vetle_4925_1000px_crop.jpg","contentUrl":"https:\/\/projects.techhivetechnologies.com\/lfiold\/wp-content\/uploads\/2025\/02\/LFI_Vetle_4925_1000px_crop.jpg","width":1000,"height":1000,"caption":"Vetle P. Andersen, fysioterapeut ved LFI Helse+Trening i Lillestr\u00f8m \u2013 tilbyr behandling innen fysioterapi med fokus p\u00e5 individuell oppf\u00f8lging."},{"@type":"BreadcrumbList","@id":"https:\/\/projects.techhivetechnologies.com\/lfiold\/behandlere-lfi-lillestrom\/vetle-p-andersen\/#breadcrumb","itemListElement":[{"@type":"ListItem","position":1,"name":"Home","item":"https:\/\/projects.techhivetechnologies.com\/lfiold\/"},{"@type":"ListItem","position":2,"name":"Behandlere","item":"https:\/\/projects.techhivetechnologies.com\/lfiold\/behandlere-lfi-lillestrom\/"},{"@type":"ListItem","position":3,"name":"Vetle P. Andersen"}]},{"@type":"WebSite","@id":"https:\/\/projects.techhivetechnologies.com\/lfiold\/#website","url":"https:\/\/projects.techhivetechnologies.com\/lfiold\/","name":"LFI","description":"Helse og Trening","potentialAction":[{"@type":"SearchAction","target":{"@type":"EntryPoint","urlTemplate":"https:\/\/projects.techhivetechnologies.com\/lfiold\/?s={search_term_string}"},"query-input":{"@type":"PropertyValueSpecification","valueRequired":true,"valueName":"search_term_string"}}],"inLanguage":"en-US"}]}},"_links":{"self":[{"href":"https:\/\/projects.techhivetechnologies.com\/lfiold\/wp-json\/wp\/v2\/pages\/4724","targetHints":{"allow":["GET"]}}],"collection":[{"href":"https:\/\/projects.techhivetechnologies.com\/lfiold\/wp-json\/wp\/v2\/pages"}],"about":[{"href":"https:\/\/projects.techhivetechnologies.com\/lfiold\/wp-json\/wp\/v2\/types\/page"}],"author":[{"embeddable":true,"href":"https:\/\/projects.techhivetechnologies.com\/lfiold\/wp-json\/wp\/v2\/users\/4"}],"replies":[{"embeddable":true,"href":"https:\/\/projects.techhivetechnologies.com\/lfiold\/wp-json\/wp\/v2\/comments?post=4724"}],"version-history":[{"count":0,"href":"https:\/\/projects.techhivetechnologies.com\/lfiold\/wp-json\/wp\/v2\/pages\/4724\/revisions"}],"up":[{"embeddable":true,"href":"https:\/\/projects.techhivetechnologies.com\/lfiold\/wp-json\/wp\/v2\/pages\/41"}],"wp:attachment":[{"href":"https:\/\/projects.techhivetechnologies.com\/lfiold\/wp-json\/wp\/v2\/media?parent=4724"}],"curies":[{"name":"wp","href":"https:\/\/api.w.org\/{rel}","templated":true}]}}