{"id":408,"date":"2023-11-29T17:56:14","date_gmt":"2023-11-29T17:56:14","guid":{"rendered":"https:\/\/projects.techhivetechnologies.com\/lfiold\/?page_id=408"},"modified":"2026-01-10T07:19:05","modified_gmt":"2026-01-10T07:19:05","slug":"forsikring-og-behandling","status":"publish","type":"page","link":"https:\/\/projects.techhivetechnologies.com\/lfiold\/forsikring-og-behandling\/","title":{"rendered":"Forsikring og behandling"},"content":{"rendered":"\t\t<div data-elementor-type=\"wp-page\" data-elementor-id=\"408\" class=\"elementor elementor-408\">\n\t\t\t\t\t\t<section class=\"elementor-section elementor-top-section elementor-element elementor-element-532d6386 elementor-section-boxed elementor-section-height-default elementor-section-height-default\" data-id=\"532d6386\" data-element_type=\"section\" data-e-type=\"section\" data-settings=\"{&quot;background_background&quot;:&quot;slideshow&quot;,&quot;background_slideshow_gallery&quot;:[{&quot;id&quot;:297,&quot;url&quot;:&quot;https:\\\/\\\/projects.techhivetechnologies.com\\\/lfiold\\\/wp-content\\\/uploads\\\/2023\\\/11\\\/omm-banner.jpg&quot;}],&quot;background_slideshow_ken_burns&quot;:&quot;yes&quot;,&quot;background_slideshow_loop&quot;:&quot;yes&quot;,&quot;background_slideshow_slide_duration&quot;:5000,&quot;background_slideshow_slide_transition&quot;:&quot;fade&quot;,&quot;background_slideshow_transition_duration&quot;:500,&quot;background_slideshow_ken_burns_zoom_direction&quot;:&quot;in&quot;}\">\n\t\t\t\t\t\t\t<div class=\"elementor-background-overlay\"><\/div>\n\t\t\t\t\t\t\t<div class=\"elementor-container elementor-column-gap-default\">\n\t\t\t\t\t<div class=\"elementor-column elementor-col-100 elementor-top-column elementor-element elementor-element-523aa667\" data-id=\"523aa667\" data-element_type=\"column\" data-e-type=\"column\">\n\t\t\t<div class=\"elementor-widget-wrap elementor-element-populated\">\n\t\t\t\t\t\t<div class=\"elementor-element elementor-element-74bf66e1 elementor-widget elementor-widget-heading\" data-id=\"74bf66e1\" data-element_type=\"widget\" data-e-type=\"widget\" data-widget_type=\"heading.default\">\n\t\t\t\t<div class=\"elementor-widget-container\">\n\t\t\t\t\t<h1 class=\"elementor-heading-title elementor-size-default\">Forsikring og behandling i Lillestr\u00f8m<\/h1>\t\t\t\t<\/div>\n\t\t\t\t<\/div>\n\t\t\t\t\t<\/div>\n\t\t<\/div>\n\t\t\t\t\t<\/div>\n\t\t<\/section>\n\t\t\t\t<section class=\"elementor-section elementor-top-section elementor-element elementor-element-19e08072 elementor-section-boxed elementor-section-height-default elementor-section-height-default\" data-id=\"19e08072\" data-element_type=\"section\" data-e-type=\"section\" data-settings=\"{&quot;background_background&quot;:&quot;classic&quot;}\">\n\t\t\t\t\t\t<div class=\"elementor-container elementor-column-gap-default\">\n\t\t\t\t\t<div class=\"elementor-column elementor-col-100 elementor-top-column elementor-element elementor-element-32ade688\" data-id=\"32ade688\" data-element_type=\"column\" data-e-type=\"column\">\n\t\t\t<div class=\"elementor-widget-wrap elementor-element-populated\">\n\t\t\t\t\t\t<section class=\"elementor-section elementor-inner-section elementor-element elementor-element-4a293ea9 elementor-section-content-middle elementor-section-boxed elementor-section-height-default elementor-section-height-default\" data-id=\"4a293ea9\" data-element_type=\"section\" data-e-type=\"section\">\n\t\t\t\t\t\t<div class=\"elementor-container elementor-column-gap-wider\">\n\t\t\t\t\t<div class=\"elementor-column elementor-col-100 elementor-inner-column elementor-element elementor-element-17aa11fb\" data-id=\"17aa11fb\" data-element_type=\"column\" data-e-type=\"column\">\n\t\t\t<div class=\"elementor-widget-wrap elementor-element-populated\">\n\t\t\t\t\t\t<div class=\"elementor-element elementor-element-3dfc4478 elementor-widget elementor-widget-heading\" data-id=\"3dfc4478\" data-element_type=\"widget\" data-e-type=\"widget\" data-widget_type=\"heading.default\">\n\t\t\t\t<div class=\"elementor-widget-container\">\n\t\t\t\t\t<h2 class=\"elementor-heading-title elementor-size-default\"><a href=\"https:\/\/projects.techhivetechnologies.com\/lfiold\/behandling\/fysioterapi\/\">Hos LFI Helse + Trening i Lillestr\u00f8m kan du bruke din helseforsikring til behandling hos fysioterapeut, osteopat og manuellterapeut.\n<\/a><\/h2>\t\t\t\t<\/div>\n\t\t\t\t<\/div>\n\t\t\t\t<div class=\"elementor-element elementor-element-4ec1ffc3 elementor-widget-divider--view-line elementor-widget elementor-widget-divider\" data-id=\"4ec1ffc3\" data-element_type=\"widget\" data-e-type=\"widget\" data-widget_type=\"divider.default\">\n\t\t\t\t<div class=\"elementor-widget-container\">\n\t\t\t\t\t\t\t<div class=\"elementor-divider\">\n\t\t\t<span class=\"elementor-divider-separator\">\n\t\t\t\t\t\t<\/span>\n\t\t<\/div>\n\t\t\t\t\t\t<\/div>\n\t\t\t\t<\/div>\n\t\t\t\t<div class=\"elementor-element elementor-element-5feb4f22 elementor-widget elementor-widget-text-editor\" data-id=\"5feb4f22\" data-element_type=\"widget\" data-e-type=\"widget\" data-widget_type=\"text-editor.default\">\n\t\t\t\t<div class=\"elementor-widget-container\">\n\t\t\t\t\t\t\t\t\t<p>Dersom du har helseforsikring, kan du f\u00e5 dekket hele eller deler av behandlingen hos oss. Vi samarbeider med de fleste forsikringsselskaper.<\/p><p>Forsikringsselskapene har ulik praksis, og de fleste krever at du selv tar kontakt med ditt selskap for informasjon om fremgangsm\u00e5te.<br \/>Visste du at mange forsikringsselskaper ogs\u00e5 dekker behandling hos <a href=\"https:\/\/projects.techhivetechnologies.com\/lfiold\/behandling\/osteopat\/\">osteopat<\/a>, <a href=\"https:\/\/projects.techhivetechnologies.com\/lfiold\/behandling\/fysioterapi\/\">fysioterapeut<\/a> og <a href=\"https:\/\/projects.techhivetechnologies.com\/lfiold\/behandling\/manuellterapi\/\">manuellterapeut<\/a>?<\/p><p>Det aktuelle selskapet sender deretter en betalingsgaranti til oss for direkte fakturering. Foreligger ikke garantien f\u00f8r oppstart, m\u00e5 du legge ut for konsultasjonen og s\u00f8ke refusjon fra eget selskap.<\/p><p>Benytt din helseforsikring i <a href=\"https:\/\/helse.aspit.no\/quick-appointment?clinicId=a0115b16-a2b2-49e2-9afe-75d3b6564d0a&amp;fbclid=IwAR25mXiqSE8aGG3PnOcQ11HIiG_mMuProGTF665uvg8RiXkOIkeOSGok4Wg\">Lillestr\u00f8m hos LFI Helse + Trening<\/a> for rask og profesjonell behandling.<\/p>\t\t\t\t\t\t\t\t<\/div>\n\t\t\t\t<\/div>\n\t\t\t\t\t<\/div>\n\t\t<\/div>\n\t\t\t\t\t<\/div>\n\t\t<\/section>\n\t\t\t\t\t<\/div>\n\t\t<\/div>\n\t\t\t\t\t<\/div>\n\t\t<\/section>\n\t\t\t\t<section class=\"elementor-section elementor-top-section elementor-element elementor-element-f48797b elementor-section-stretched elementor-section-full_width elementor-section-height-default elementor-section-height-default\" data-id=\"f48797b\" data-element_type=\"section\" data-e-type=\"section\" data-settings=\"{&quot;background_background&quot;:&quot;classic&quot;,&quot;stretch_section&quot;:&quot;section-stretched&quot;}\">\n\t\t\t\t\t\t<div class=\"elementor-container elementor-column-gap-default\">\n\t\t\t\t\t<div class=\"elementor-column elementor-col-100 elementor-top-column elementor-element elementor-element-aed3d24\" data-id=\"aed3d24\" data-element_type=\"column\" data-e-type=\"column\">\n\t\t\t<div class=\"elementor-widget-wrap elementor-element-populated\">\n\t\t\t\t\t\t<section class=\"elementor-section elementor-inner-section elementor-element elementor-element-c0cf7f3 elementor-section-content-middle elementor-section-full_width elementor-section-height-default elementor-section-height-default\" data-id=\"c0cf7f3\" data-element_type=\"section\" data-e-type=\"section\">\n\t\t\t\t\t\t<div class=\"elementor-container elementor-column-gap-wide\">\n\t\t\t\t\t<div class=\"elementor-column elementor-col-100 elementor-inner-column elementor-element elementor-element-8acef9c\" data-id=\"8acef9c\" data-element_type=\"column\" data-e-type=\"column\">\n\t\t\t<div class=\"elementor-widget-wrap elementor-element-populated\">\n\t\t\t\t\t\t<div class=\"elementor-element elementor-element-c37e7f1 elementor-arrows-position-outside elementor-widget elementor-widget-image-carousel\" data-id=\"c37e7f1\" data-element_type=\"widget\" data-e-type=\"widget\" data-settings=\"{&quot;slides_to_show&quot;:&quot;5&quot;,&quot;slides_to_scroll&quot;:&quot;1&quot;,&quot;navigation&quot;:&quot;arrows&quot;,&quot;image_spacing_custom&quot;:{&quot;unit&quot;:&quot;px&quot;,&quot;size&quot;:60,&quot;sizes&quot;:[]},&quot;autoplay_speed&quot;:3000,&quot;autoplay&quot;:&quot;yes&quot;,&quot;pause_on_hover&quot;:&quot;yes&quot;,&quot;pause_on_interaction&quot;:&quot;yes&quot;,&quot;infinite&quot;:&quot;yes&quot;,&quot;speed&quot;:500,&quot;image_spacing_custom_tablet&quot;:{&quot;unit&quot;:&quot;px&quot;,&quot;size&quot;:&quot;&quot;,&quot;sizes&quot;:[]},&quot;image_spacing_custom_mobile&quot;:{&quot;unit&quot;:&quot;px&quot;,&quot;size&quot;:&quot;&quot;,&quot;sizes&quot;:[]}}\" data-widget_type=\"image-carousel.default\">\n\t\t\t\t<div class=\"elementor-widget-container\">\n\t\t\t\t\t\t\t<div class=\"elementor-image-carousel-wrapper swiper\" role=\"region\" aria-roledescription=\"carousel\" aria-label=\"Image Carousel\" dir=\"ltr\">\n\t\t\t<div class=\"elementor-image-carousel swiper-wrapper\" aria-live=\"off\">\n\t\t\t\t\t\t\t\t<div class=\"swiper-slide\" role=\"group\" aria-roledescription=\"slide\" aria-label=\"1 of 15\"><figure class=\"swiper-slide-inner\"><img decoding=\"async\" class=\"swiper-slide-image\" src=\"https:\/\/projects.techhivetechnologies.com\/lfiold\/wp-content\/uploads\/2023\/12\/forsikringselskaper-hovikklinikken-20241.png\" alt=\"if\" \/><\/figure><\/div><div class=\"swiper-slide\" role=\"group\" aria-roledescription=\"slide\" aria-label=\"2 of 15\"><figure class=\"swiper-slide-inner\"><img decoding=\"async\" class=\"swiper-slide-image\" src=\"https:\/\/projects.techhivetechnologies.com\/lfiold\/wp-content\/uploads\/2023\/12\/forsikringselskaper-hovikklinikken-20242.png\" alt=\"Tryg\" \/><\/figure><\/div><div class=\"swiper-slide\" role=\"group\" aria-roledescription=\"slide\" aria-label=\"3 of 15\"><figure class=\"swiper-slide-inner\"><img decoding=\"async\" class=\"swiper-slide-image\" src=\"https:\/\/projects.techhivetechnologies.com\/lfiold\/wp-content\/uploads\/2023\/12\/forsikringselskaper-hovikklinikken-20243.png\" alt=\"Falck Helse\" \/><\/figure><\/div><div class=\"swiper-slide\" role=\"group\" aria-roledescription=\"slide\" aria-label=\"4 of 15\"><figure class=\"swiper-slide-inner\"><img decoding=\"async\" class=\"swiper-slide-image\" src=\"https:\/\/projects.techhivetechnologies.com\/lfiold\/wp-content\/uploads\/2023\/12\/forsikringselskaper-hovikklinikken-20244.png\" alt=\"Vertical Helse\" \/><\/figure><\/div><div class=\"swiper-slide\" role=\"group\" aria-roledescription=\"slide\" aria-label=\"5 of 15\"><figure class=\"swiper-slide-inner\"><img decoding=\"async\" class=\"swiper-slide-image\" src=\"https:\/\/projects.techhivetechnologies.com\/lfiold\/wp-content\/uploads\/2023\/12\/forsikringselskaper-hovikklinikken-20245.png\" alt=\"Storebrand\" \/><\/figure><\/div><div class=\"swiper-slide\" role=\"group\" aria-roledescription=\"slide\" aria-label=\"6 of 15\"><figure class=\"swiper-slide-inner\"><img decoding=\"async\" class=\"swiper-slide-image\" src=\"https:\/\/projects.techhivetechnologies.com\/lfiold\/wp-content\/uploads\/2023\/12\/forsikringselskaper-hovikklinikken-20246.png\" alt=\"Protector Forsikring\" \/><\/figure><\/div><div class=\"swiper-slide\" role=\"group\" aria-roledescription=\"slide\" aria-label=\"7 of 15\"><figure class=\"swiper-slide-inner\"><img decoding=\"async\" class=\"swiper-slide-image\" src=\"https:\/\/projects.techhivetechnologies.com\/lfiold\/wp-content\/uploads\/2023\/12\/forsikringselskaper-hovikklinikken-20247.png\" alt=\"SpareBank 1\" \/><\/figure><\/div><div class=\"swiper-slide\" role=\"group\" aria-roledescription=\"slide\" aria-label=\"8 of 15\"><figure class=\"swiper-slide-inner\"><img decoding=\"async\" class=\"swiper-slide-image\" src=\"https:\/\/projects.techhivetechnologies.com\/lfiold\/wp-content\/uploads\/2023\/12\/forsikringselskaper-hovikklinikken-20248.png\" alt=\"Gjensidige\" \/><\/figure><\/div><div class=\"swiper-slide\" role=\"group\" aria-roledescription=\"slide\" aria-label=\"9 of 15\"><figure class=\"swiper-slide-inner\"><img decoding=\"async\" class=\"swiper-slide-image\" src=\"https:\/\/projects.techhivetechnologies.com\/lfiold\/wp-content\/uploads\/2023\/12\/forsikringselskaper-hovikklinikken-20249.png\" alt=\"Nordicnetcare\" \/><\/figure><\/div><div class=\"swiper-slide\" role=\"group\" aria-roledescription=\"slide\" aria-label=\"10 of 15\"><figure class=\"swiper-slide-inner\"><img decoding=\"async\" class=\"swiper-slide-image\" src=\"https:\/\/projects.techhivetechnologies.com\/lfiold\/wp-content\/uploads\/2023\/12\/forsikringselskaper-hovikklinikken-202410.png\" alt=\"Eika\" \/><\/figure><\/div><div class=\"swiper-slide\" role=\"group\" aria-roledescription=\"slide\" aria-label=\"11 of 15\"><figure class=\"swiper-slide-inner\"><img decoding=\"async\" class=\"swiper-slide-image\" src=\"https:\/\/projects.techhivetechnologies.com\/lfiold\/wp-content\/uploads\/2023\/12\/forsikringselskaper-hovikklinikken-202411.png\" alt=\"Fremtind\" \/><\/figure><\/div><div class=\"swiper-slide\" role=\"group\" aria-roledescription=\"slide\" aria-label=\"12 of 15\"><figure class=\"swiper-slide-inner\"><img decoding=\"async\" class=\"swiper-slide-image\" src=\"https:\/\/projects.techhivetechnologies.com\/lfiold\/wp-content\/uploads\/2023\/12\/forsikringselskaper-hovikklinikken-202412.png\" alt=\"DNB\" \/><\/figure><\/div><div class=\"swiper-slide\" role=\"group\" aria-roledescription=\"slide\" aria-label=\"13 of 15\"><figure class=\"swiper-slide-inner\"><img decoding=\"async\" class=\"swiper-slide-image\" src=\"https:\/\/projects.techhivetechnologies.com\/lfiold\/wp-content\/uploads\/2023\/12\/forsikringselskaper-hovikklinikken-202414.png\" alt=\"Avonova\" \/><\/figure><\/div><div class=\"swiper-slide\" role=\"group\" aria-roledescription=\"slide\" aria-label=\"14 of 15\"><figure class=\"swiper-slide-inner\"><img decoding=\"async\" class=\"swiper-slide-image\" src=\"https:\/\/projects.techhivetechnologies.com\/lfiold\/wp-content\/uploads\/2023\/12\/forsikringselskaper-hovikklinikken-202415.png\" alt=\"Codan Forsikring\" \/><\/figure><\/div><div class=\"swiper-slide\" role=\"group\" aria-roledescription=\"slide\" aria-label=\"15 of 15\"><figure class=\"swiper-slide-inner\"><img decoding=\"async\" class=\"swiper-slide-image\" src=\"https:\/\/projects.techhivetechnologies.com\/lfiold\/wp-content\/uploads\/2023\/12\/forsikringselskaper-hovikklinikken-202416.png\" alt=\"DigiCare\" \/><\/figure><\/div>\t\t\t<\/div>\n\t\t\t\t\t\t\t\t\t\t\t\t<div class=\"elementor-swiper-button elementor-swiper-button-prev\" role=\"button\" tabindex=\"0\">\n\t\t\t\t\t\t<svg aria-hidden=\"true\" class=\"e-font-icon-svg e-fas-chevron-circle-left\" viewBox=\"0 0 512 512\" xmlns=\"http:\/\/www.w3.org\/2000\/svg\"><path d=\"M256 504C119 504 8 393 8 256S119 8 256 8s248 111 248 248-111 248-248 248zM142.1 273l135.5 135.5c9.4 9.4 24.6 9.4 33.9 0l17-17c9.4-9.4 9.4-24.6 0-33.9L226.9 256l101.6-101.6c9.4-9.4 9.4-24.6 0-33.9l-17-17c-9.4-9.4-24.6-9.4-33.9 0L142.1 239c-9.4 9.4-9.4 24.6 0 34z\"><\/path><\/svg>\t\t\t\t\t<\/div>\n\t\t\t\t\t<div class=\"elementor-swiper-button elementor-swiper-button-next\" role=\"button\" tabindex=\"0\">\n\t\t\t\t\t\t<svg aria-hidden=\"true\" class=\"e-font-icon-svg e-fas-chevron-circle-right\" viewBox=\"0 0 512 512\" xmlns=\"http:\/\/www.w3.org\/2000\/svg\"><path d=\"M256 8c137 0 248 111 248 248S393 504 256 504 8 393 8 256 119 8 256 8zm113.9 231L234.4 103.5c-9.4-9.4-24.6-9.4-33.9 0l-17 17c-9.4 9.4-9.4 24.6 0 33.9L285.1 256 183.5 357.6c-9.4 9.4-9.4 24.6 0 33.9l17 17c9.4 9.4 24.6 9.4 33.9 0L369.9 273c9.4-9.4 9.4-24.6 0-34z\"><\/path><\/svg>\t\t\t\t\t<\/div>\n\t\t\t\t\n\t\t\t\t\t\t\t\t\t<\/div>\n\t\t\t\t\t\t<\/div>\n\t\t\t\t<\/div>\n\t\t\t\t\t<\/div>\n\t\t<\/div>\n\t\t\t\t\t<\/div>\n\t\t<\/section>\n\t\t\t\t\t<\/div>\n\t\t<\/div>\n\t\t\t\t\t<\/div>\n\t\t<\/section>\n\t\t\t\t<\/div>\n\t\t","protected":false},"excerpt":{"rendered":"<p>Forsikring og behandling i Lillestr\u00f8m Hos LFI Helse + Trening i Lillestr\u00f8m kan du bruke din helseforsikring til behandling hos fysioterapeut, osteopat og manuellterapeut. Dersom du har helseforsikring, kan du f\u00e5 dekket hele eller deler av behandlingen hos oss. Vi samarbeider med de fleste forsikringsselskaper. Forsikringsselskapene har ulik praksis, og de fleste krever at du [&hellip;]<\/p>\n","protected":false},"author":1,"featured_media":0,"parent":0,"menu_order":0,"comment_status":"closed","ping_status":"closed","template":"elementor_header_footer","meta":{"footnotes":""},"class_list":["post-408","page","type-page","status-publish","hentry"],"yoast_head":"<!-- This site is optimized with the Yoast SEO Premium plugin v25.8 (Yoast SEO v27.4) - https:\/\/yoast.com\/product\/yoast-seo-premium-wordpress\/ -->\n<title>Helseforsikring Lillestr\u00f8m \u2013 Fysioterapi, manuellterapi, osteopati<\/title>\n<meta name=\"description\" content=\"Helseforsikring i Lillestr\u00f8m? Mange dekker ogs\u00e5 osteopati. Bruk den hos LFI til fysioterapi, osteopati og manuellterapi.\" \/>\n<meta name=\"robots\" content=\"index, follow, max-snippet:-1, max-image-preview:large, max-video-preview:-1\" \/>\n<link rel=\"canonical\" href=\"https:\/\/projects.techhivetechnologies.com\/lfiold\/forsikring-og-behandling\/\" \/>\n<meta property=\"og:locale\" content=\"en_US\" \/>\n<meta property=\"og:type\" content=\"article\" \/>\n<meta property=\"og:title\" content=\"Forsikring og behandling\" \/>\n<meta property=\"og:description\" content=\"Helseforsikring i Lillestr\u00f8m? Mange dekker ogs\u00e5 osteopati. Bruk den hos LFI til fysioterapi, osteopati og manuellterapi.\" \/>\n<meta property=\"og:url\" content=\"https:\/\/projects.techhivetechnologies.com\/lfiold\/forsikring-og-behandling\/\" \/>\n<meta property=\"og:site_name\" content=\"LFI\" \/>\n<meta property=\"article:modified_time\" content=\"2026-01-10T07:19:05+00:00\" \/>\n<meta property=\"og:image\" content=\"https:\/\/projects.techhivetechnologies.com\/lfiold\/wp-content\/uploads\/2023\/12\/forsikringselskaper-hovikklinikken-20241.png\" \/>\n<meta name=\"twitter:card\" content=\"summary_large_image\" \/>\n<meta name=\"twitter:label1\" content=\"Est. reading time\" \/>\n\t<meta name=\"twitter:data1\" content=\"5 minutes\" \/>\n<script type=\"application\/ld+json\" class=\"yoast-schema-graph\">{\"@context\":\"https:\\\/\\\/schema.org\",\"@graph\":[{\"@type\":\"WebPage\",\"@id\":\"https:\\\/\\\/projects.techhivetechnologies.com\\\/lfiold\\\/forsikring-og-behandling\\\/\",\"url\":\"https:\\\/\\\/projects.techhivetechnologies.com\\\/lfiold\\\/forsikring-og-behandling\\\/\",\"name\":\"Helseforsikring Lillestr\u00f8m \u2013 Fysioterapi, manuellterapi, osteopati\",\"isPartOf\":{\"@id\":\"https:\\\/\\\/projects.techhivetechnologies.com\\\/lfiold\\\/#website\"},\"primaryImageOfPage\":{\"@id\":\"https:\\\/\\\/projects.techhivetechnologies.com\\\/lfiold\\\/forsikring-og-behandling\\\/#primaryimage\"},\"image\":{\"@id\":\"https:\\\/\\\/projects.techhivetechnologies.com\\\/lfiold\\\/forsikring-og-behandling\\\/#primaryimage\"},\"thumbnailUrl\":\"https:\\\/\\\/projects.techhivetechnologies.com\\\/lfiold\\\/wp-content\\\/uploads\\\/2023\\\/12\\\/forsikringselskaper-hovikklinikken-20241.png\",\"datePublished\":\"2023-11-29T17:56:14+00:00\",\"dateModified\":\"2026-01-10T07:19:05+00:00\",\"description\":\"Helseforsikring i Lillestr\u00f8m? Mange dekker ogs\u00e5 osteopati. Bruk den hos LFI til fysioterapi, osteopati og manuellterapi.\",\"breadcrumb\":{\"@id\":\"https:\\\/\\\/projects.techhivetechnologies.com\\\/lfiold\\\/forsikring-og-behandling\\\/#breadcrumb\"},\"inLanguage\":\"en-US\",\"potentialAction\":[{\"@type\":\"ReadAction\",\"target\":[\"https:\\\/\\\/projects.techhivetechnologies.com\\\/lfiold\\\/forsikring-og-behandling\\\/\"]}]},{\"@type\":\"ImageObject\",\"inLanguage\":\"en-US\",\"@id\":\"https:\\\/\\\/projects.techhivetechnologies.com\\\/lfiold\\\/forsikring-og-behandling\\\/#primaryimage\",\"url\":\"https:\\\/\\\/projects.techhivetechnologies.com\\\/lfiold\\\/wp-content\\\/uploads\\\/2023\\\/12\\\/forsikringselskaper-hovikklinikken-20241.png\",\"contentUrl\":\"https:\\\/\\\/projects.techhivetechnologies.com\\\/lfiold\\\/wp-content\\\/uploads\\\/2023\\\/12\\\/forsikringselskaper-hovikklinikken-20241.png\",\"width\":81,\"height\":80,\"caption\":\"if\"},{\"@type\":\"BreadcrumbList\",\"@id\":\"https:\\\/\\\/projects.techhivetechnologies.com\\\/lfiold\\\/forsikring-og-behandling\\\/#breadcrumb\",\"itemListElement\":[{\"@type\":\"ListItem\",\"position\":1,\"name\":\"Home\",\"item\":\"https:\\\/\\\/projects.techhivetechnologies.com\\\/lfiold\\\/\"},{\"@type\":\"ListItem\",\"position\":2,\"name\":\"Forsikring og behandling\"}]},{\"@type\":\"WebSite\",\"@id\":\"https:\\\/\\\/projects.techhivetechnologies.com\\\/lfiold\\\/#website\",\"url\":\"https:\\\/\\\/projects.techhivetechnologies.com\\\/lfiold\\\/\",\"name\":\"LFI\",\"description\":\"Helse og Trening\",\"potentialAction\":[{\"@type\":\"SearchAction\",\"target\":{\"@type\":\"EntryPoint\",\"urlTemplate\":\"https:\\\/\\\/projects.techhivetechnologies.com\\\/lfiold\\\/?s={search_term_string}\"},\"query-input\":{\"@type\":\"PropertyValueSpecification\",\"valueRequired\":true,\"valueName\":\"search_term_string\"}}],\"inLanguage\":\"en-US\"}]}<\/script>\n<!-- \/ Yoast SEO Premium plugin. -->","yoast_head_json":{"title":"Helseforsikring Lillestr\u00f8m \u2013 Fysioterapi, manuellterapi, osteopati","description":"Helseforsikring i Lillestr\u00f8m? Mange dekker ogs\u00e5 osteopati. Bruk den hos LFI til fysioterapi, osteopati og manuellterapi.","robots":{"index":"index","follow":"follow","max-snippet":"max-snippet:-1","max-image-preview":"max-image-preview:large","max-video-preview":"max-video-preview:-1"},"canonical":"https:\/\/projects.techhivetechnologies.com\/lfiold\/forsikring-og-behandling\/","og_locale":"en_US","og_type":"article","og_title":"Forsikring og behandling","og_description":"Helseforsikring i Lillestr\u00f8m? Mange dekker ogs\u00e5 osteopati. Bruk den hos LFI til fysioterapi, osteopati og manuellterapi.","og_url":"https:\/\/projects.techhivetechnologies.com\/lfiold\/forsikring-og-behandling\/","og_site_name":"LFI","article_modified_time":"2026-01-10T07:19:05+00:00","og_image":[{"url":"https:\/\/projects.techhivetechnologies.com\/lfiold\/wp-content\/uploads\/2023\/12\/forsikringselskaper-hovikklinikken-20241.png","type":"","width":"","height":""}],"twitter_card":"summary_large_image","twitter_misc":{"Est. reading time":"5 minutes"},"schema":{"@context":"https:\/\/schema.org","@graph":[{"@type":"WebPage","@id":"https:\/\/projects.techhivetechnologies.com\/lfiold\/forsikring-og-behandling\/","url":"https:\/\/projects.techhivetechnologies.com\/lfiold\/forsikring-og-behandling\/","name":"Helseforsikring Lillestr\u00f8m \u2013 Fysioterapi, manuellterapi, osteopati","isPartOf":{"@id":"https:\/\/projects.techhivetechnologies.com\/lfiold\/#website"},"primaryImageOfPage":{"@id":"https:\/\/projects.techhivetechnologies.com\/lfiold\/forsikring-og-behandling\/#primaryimage"},"image":{"@id":"https:\/\/projects.techhivetechnologies.com\/lfiold\/forsikring-og-behandling\/#primaryimage"},"thumbnailUrl":"https:\/\/projects.techhivetechnologies.com\/lfiold\/wp-content\/uploads\/2023\/12\/forsikringselskaper-hovikklinikken-20241.png","datePublished":"2023-11-29T17:56:14+00:00","dateModified":"2026-01-10T07:19:05+00:00","description":"Helseforsikring i Lillestr\u00f8m? Mange dekker ogs\u00e5 osteopati. Bruk den hos LFI til fysioterapi, osteopati og manuellterapi.","breadcrumb":{"@id":"https:\/\/projects.techhivetechnologies.com\/lfiold\/forsikring-og-behandling\/#breadcrumb"},"inLanguage":"en-US","potentialAction":[{"@type":"ReadAction","target":["https:\/\/projects.techhivetechnologies.com\/lfiold\/forsikring-og-behandling\/"]}]},{"@type":"ImageObject","inLanguage":"en-US","@id":"https:\/\/projects.techhivetechnologies.com\/lfiold\/forsikring-og-behandling\/#primaryimage","url":"https:\/\/projects.techhivetechnologies.com\/lfiold\/wp-content\/uploads\/2023\/12\/forsikringselskaper-hovikklinikken-20241.png","contentUrl":"https:\/\/projects.techhivetechnologies.com\/lfiold\/wp-content\/uploads\/2023\/12\/forsikringselskaper-hovikklinikken-20241.png","width":81,"height":80,"caption":"if"},{"@type":"BreadcrumbList","@id":"https:\/\/projects.techhivetechnologies.com\/lfiold\/forsikring-og-behandling\/#breadcrumb","itemListElement":[{"@type":"ListItem","position":1,"name":"Home","item":"https:\/\/projects.techhivetechnologies.com\/lfiold\/"},{"@type":"ListItem","position":2,"name":"Forsikring og behandling"}]},{"@type":"WebSite","@id":"https:\/\/projects.techhivetechnologies.com\/lfiold\/#website","url":"https:\/\/projects.techhivetechnologies.com\/lfiold\/","name":"LFI","description":"Helse og Trening","potentialAction":[{"@type":"SearchAction","target":{"@type":"EntryPoint","urlTemplate":"https:\/\/projects.techhivetechnologies.com\/lfiold\/?s={search_term_string}"},"query-input":{"@type":"PropertyValueSpecification","valueRequired":true,"valueName":"search_term_string"}}],"inLanguage":"en-US"}]}},"_links":{"self":[{"href":"https:\/\/projects.techhivetechnologies.com\/lfiold\/wp-json\/wp\/v2\/pages\/408","targetHints":{"allow":["GET"]}}],"collection":[{"href":"https:\/\/projects.techhivetechnologies.com\/lfiold\/wp-json\/wp\/v2\/pages"}],"about":[{"href":"https:\/\/projects.techhivetechnologies.com\/lfiold\/wp-json\/wp\/v2\/types\/page"}],"author":[{"embeddable":true,"href":"https:\/\/projects.techhivetechnologies.com\/lfiold\/wp-json\/wp\/v2\/users\/1"}],"replies":[{"embeddable":true,"href":"https:\/\/projects.techhivetechnologies.com\/lfiold\/wp-json\/wp\/v2\/comments?post=408"}],"version-history":[{"count":0,"href":"https:\/\/projects.techhivetechnologies.com\/lfiold\/wp-json\/wp\/v2\/pages\/408\/revisions"}],"wp:attachment":[{"href":"https:\/\/projects.techhivetechnologies.com\/lfiold\/wp-json\/wp\/v2\/media?parent=408"}],"curies":[{"name":"wp","href":"https:\/\/api.w.org\/{rel}","templated":true}]}}