{"id":3559,"date":"2024-06-13T10:55:54","date_gmt":"2024-06-13T10:55:54","guid":{"rendered":"https:\/\/projects.techhivetechnologies.com\/lfiold\/?page_id=3559"},"modified":"2026-01-10T07:11:18","modified_gmt":"2026-01-10T07:11:18","slug":"lars-nilsen-ronningen","status":"publish","type":"page","link":"https:\/\/projects.techhivetechnologies.com\/lfiold\/behandlere-lfi-lillestrom\/lars-nilsen-ronningen\/","title":{"rendered":"Lars Nilsen R\u00f8nningen"},"content":{"rendered":"\t\t<div data-elementor-type=\"wp-page\" data-elementor-id=\"3559\" class=\"elementor elementor-3559\">\n\t\t\t\t\t\t<section class=\"elementor-section elementor-top-section elementor-element elementor-element-4a8e3b44 elementor-section-boxed elementor-section-height-default elementor-section-height-default\" data-id=\"4a8e3b44\" data-element_type=\"section\" data-e-type=\"section\" data-settings=\"{&quot;background_background&quot;:&quot;slideshow&quot;,&quot;background_slideshow_gallery&quot;:[{&quot;id&quot;:333,&quot;url&quot;:&quot;https:\\\/\\\/projects.techhivetechnologies.com\\\/lfiold\\\/wp-content\\\/uploads\\\/2023\\\/11\\\/asnate.jpg&quot;}],&quot;background_slideshow_ken_burns&quot;:&quot;yes&quot;,&quot;background_slideshow_loop&quot;:&quot;yes&quot;,&quot;background_slideshow_slide_duration&quot;:5000,&quot;background_slideshow_slide_transition&quot;:&quot;fade&quot;,&quot;background_slideshow_transition_duration&quot;:500,&quot;background_slideshow_ken_burns_zoom_direction&quot;:&quot;in&quot;}\">\n\t\t\t\t\t\t\t<div class=\"elementor-background-overlay\"><\/div>\n\t\t\t\t\t\t\t<div class=\"elementor-container elementor-column-gap-default\">\n\t\t\t\t\t<div class=\"elementor-column elementor-col-100 elementor-top-column elementor-element elementor-element-4c2f975a\" data-id=\"4c2f975a\" data-element_type=\"column\" data-e-type=\"column\">\n\t\t\t<div class=\"elementor-widget-wrap elementor-element-populated\">\n\t\t\t\t\t\t<div class=\"elementor-element elementor-element-7b6d9c9e elementor-widget elementor-widget-heading\" data-id=\"7b6d9c9e\" data-element_type=\"widget\" data-e-type=\"widget\" data-widget_type=\"heading.default\">\n\t\t\t\t<div class=\"elementor-widget-container\">\n\t\t\t\t\t<h1 class=\"elementor-heading-title elementor-size-default\">Lars Nilsen R\u00f8nningen<\/h1>\t\t\t\t<\/div>\n\t\t\t\t<\/div>\n\t\t\t\t\t<\/div>\n\t\t<\/div>\n\t\t\t\t\t<\/div>\n\t\t<\/section>\n\t\t\t\t<section class=\"elementor-section elementor-top-section elementor-element elementor-element-6d786375 elementor-section-boxed elementor-section-height-default elementor-section-height-default\" data-id=\"6d786375\" data-element_type=\"section\" data-e-type=\"section\" data-settings=\"{&quot;background_background&quot;:&quot;classic&quot;}\">\n\t\t\t\t\t\t<div class=\"elementor-container elementor-column-gap-default\">\n\t\t\t\t\t<div class=\"elementor-column elementor-col-100 elementor-top-column elementor-element elementor-element-7fd56391\" data-id=\"7fd56391\" data-element_type=\"column\" data-e-type=\"column\">\n\t\t\t<div class=\"elementor-widget-wrap elementor-element-populated\">\n\t\t\t\t\t\t<section class=\"elementor-section elementor-inner-section elementor-element elementor-element-572a7035 elementor-section-boxed elementor-section-height-default elementor-section-height-default\" data-id=\"572a7035\" data-element_type=\"section\" data-e-type=\"section\">\n\t\t\t\t\t\t<div class=\"elementor-container elementor-column-gap-wider\">\n\t\t\t\t\t<div class=\"elementor-column elementor-col-50 elementor-inner-column elementor-element elementor-element-166e530e\" data-id=\"166e530e\" data-element_type=\"column\" data-e-type=\"column\">\n\t\t\t<div class=\"elementor-widget-wrap elementor-element-populated\">\n\t\t\t\t\t\t<div class=\"elementor-element elementor-element-78c457d2 elementor-widget elementor-widget-image\" data-id=\"78c457d2\" data-element_type=\"widget\" data-e-type=\"widget\" data-widget_type=\"image.default\">\n\t\t\t\t<div class=\"elementor-widget-container\">\n\t\t\t\t\t\t\t\t\t\t\t\t\t\t\t<img fetchpriority=\"high\" decoding=\"async\" width=\"1000\" height=\"1000\" src=\"https:\/\/projects.techhivetechnologies.com\/lfiold\/wp-content\/uploads\/2024\/06\/LFI_Lars_0006-1000px.jpg\" class=\"attachment-full size-full wp-image-3552\" alt=\"Lars Nilsen R\u00f8nningen, fysioterapeut og osteopat ved LFI Helse+Trening i Lillestr\u00f8m \u2013 for tiden i studiepermisjon for videreutdanning innen manuellterapi.\" srcset=\"https:\/\/projects.techhivetechnologies.com\/lfiold\/wp-content\/uploads\/2024\/06\/LFI_Lars_0006-1000px.jpg 1000w, https:\/\/projects.techhivetechnologies.com\/lfiold\/wp-content\/uploads\/2024\/06\/LFI_Lars_0006-1000px-300x300.jpg 300w, https:\/\/projects.techhivetechnologies.com\/lfiold\/wp-content\/uploads\/2024\/06\/LFI_Lars_0006-1000px-150x150.jpg 150w, https:\/\/projects.techhivetechnologies.com\/lfiold\/wp-content\/uploads\/2024\/06\/LFI_Lars_0006-1000px-768x768.jpg 768w\" sizes=\"(max-width: 1000px) 100vw, 1000px\" \/>\t\t\t\t\t\t\t\t\t\t\t\t\t\t\t<\/div>\n\t\t\t\t<\/div>\n\t\t\t\t<div class=\"elementor-element elementor-element-7fd1a99 elementor-align-center elementor-widget elementor-widget-button\" data-id=\"7fd1a99\" data-element_type=\"widget\" data-e-type=\"widget\" data-widget_type=\"button.default\">\n\t\t\t\t<div class=\"elementor-widget-container\">\n\t\t\t\t\t\t\t\t\t<div class=\"elementor-button-wrapper\">\n\t\t\t\t\t<a class=\"elementor-button elementor-button-link elementor-size-sm\" href=\"https:\/\/helse.aspit.no\/quick-appointment?clinicId=a0115b16-a2b2-49e2-9afe-75d3b6564d0a&#038;mode=5&#038;therapistId=24611&#038;therapistName=Lars%20Nilsen%20R%C3%B8nningen\">\n\t\t\t\t\t\t<span class=\"elementor-button-content-wrapper\">\n\t\t\t\t\t\t\t\t\t<span class=\"elementor-button-text\">Bestill time \u2013 Endre din avtale<\/span>\n\t\t\t\t\t<\/span>\n\t\t\t\t\t<\/a>\n\t\t\t\t<\/div>\n\t\t\t\t\t\t\t\t<\/div>\n\t\t\t\t<\/div>\n\t\t\t\t<div class=\"elementor-element elementor-element-15e7d93 elementor-align-center elementor-icon-list--layout-traditional elementor-list-item-link-full_width elementor-widget elementor-widget-icon-list\" data-id=\"15e7d93\" data-element_type=\"widget\" data-e-type=\"widget\" data-widget_type=\"icon-list.default\">\n\t\t\t\t<div class=\"elementor-widget-container\">\n\t\t\t\t\t\t\t<ul class=\"elementor-icon-list-items\">\n\t\t\t\t\t\t\t<li class=\"elementor-icon-list-item\">\n\t\t\t\t\t\t\t\t\t\t\t<a href=\"mailto:lars@projects.techhivetechnologies.com\">\n\n\t\t\t\t\t\t\t\t\t\t\t\t<span class=\"elementor-icon-list-icon\">\n\t\t\t\t\t\t\t<i aria-hidden=\"true\" class=\"icon icon-envelope\"><\/i>\t\t\t\t\t\t<\/span>\n\t\t\t\t\t\t\t\t\t\t<span class=\"elementor-icon-list-text\">lars@projects.techhivetechnologies.com<\/span>\n\t\t\t\t\t\t\t\t\t\t\t<\/a>\n\t\t\t\t\t\t\t\t\t<\/li>\n\t\t\t\t\t\t<\/ul>\n\t\t\t\t\t\t<\/div>\n\t\t\t\t<\/div>\n\t\t\t\t\t<\/div>\n\t\t<\/div>\n\t\t\t\t<div class=\"elementor-column elementor-col-50 elementor-inner-column elementor-element elementor-element-166080f7\" data-id=\"166080f7\" data-element_type=\"column\" data-e-type=\"column\">\n\t\t\t<div class=\"elementor-widget-wrap elementor-element-populated\">\n\t\t\t\t\t\t<div class=\"elementor-element elementor-element-2ec62819 elementor-widget elementor-widget-text-editor\" data-id=\"2ec62819\" data-element_type=\"widget\" data-e-type=\"widget\" data-widget_type=\"text-editor.default\">\n\t\t\t\t<div class=\"elementor-widget-container\">\n\t\t\t\t\t\t\t\t\t<p>Fysioterapeut og ostopat<\/p>\t\t\t\t\t\t\t\t<\/div>\n\t\t\t\t<\/div>\n\t\t\t\t<div class=\"elementor-element elementor-element-4005f036 elementor-widget elementor-widget-heading\" data-id=\"4005f036\" data-element_type=\"widget\" data-e-type=\"widget\" data-widget_type=\"heading.default\">\n\t\t\t\t<div class=\"elementor-widget-container\">\n\t\t\t\t\t<h2 class=\"elementor-heading-title elementor-size-default\">Lars Nilsen R\u00f8nningen<\/h2>\t\t\t\t<\/div>\n\t\t\t\t<\/div>\n\t\t\t\t<div class=\"elementor-element elementor-element-385f246e elementor-widget-divider--view-line elementor-widget elementor-widget-divider\" data-id=\"385f246e\" data-element_type=\"widget\" data-e-type=\"widget\" data-widget_type=\"divider.default\">\n\t\t\t\t<div class=\"elementor-widget-container\">\n\t\t\t\t\t\t\t<div class=\"elementor-divider\">\n\t\t\t<span class=\"elementor-divider-separator\">\n\t\t\t\t\t\t<\/span>\n\t\t<\/div>\n\t\t\t\t\t\t<\/div>\n\t\t\t\t<\/div>\n\t\t\t\t<div class=\"elementor-element elementor-element-78c679c8 elementor-widget elementor-widget-text-editor\" data-id=\"78c679c8\" data-element_type=\"widget\" data-e-type=\"widget\" data-widget_type=\"text-editor.default\">\n\t\t\t\t<div class=\"elementor-widget-container\">\n\t\t\t\t\t\t\t\t\t<p><strong style=\"font-size: 16px;\">Interesseomr\u00e5der<br \/><\/strong>Opptrening etter operasjon, svimmelhet og balanse, mestringsstrategier og kognitiv terapi.<\/p><div><strong>Utdanning<\/strong><\/div><ul><li><div>2006: Fysioterapi, H\u00f8yskolen i Oslo<\/div><\/li><li><div>2015: Osteopati, H\u00f8yskolen i Kristiania<\/div><\/li><li><div>2018: Kognitiv terapi, NFKT<\/div><\/li><\/ul><p><strong>Erfaring<br \/><\/strong><\/p><p>Lars har i hovedsak jobbet p\u00e5 institutt og vektlegger en helhetlig tiln\u00e6rming til pasientene. Som fysioterapeut, osteopat og kognitiv terapeut legger han stor vekt p\u00e5 grundige kliniske unders\u00f8kelser, men ogs\u00e5 p\u00e5 \u00e5 forst\u00e5 hvordan pasienten forholder seg til sine plager og lidelser.<\/p><p>Lars har en helhetlig tiln\u00e6rming til pasientbehandling, med fokus p\u00e5 b\u00e5de kliniske unders\u00f8kelser og pasientens forhold til sine plager. Behandlingene varierer fra undervisning og aktive mestringsstrategier til behandling p\u00e5 benk.<\/p>\t\t\t\t\t\t\t\t<\/div>\n\t\t\t\t<\/div>\n\t\t\t\t<div class=\"elementor-element elementor-element-22358cd4 elementor-button-align-stretch elementor-widget elementor-widget-form\" data-id=\"22358cd4\" data-element_type=\"widget\" data-e-type=\"widget\" data-settings=\"{&quot;step_next_label&quot;:&quot;Next&quot;,&quot;step_previous_label&quot;:&quot;Previous&quot;,&quot;button_width&quot;:&quot;100&quot;,&quot;step_type&quot;:&quot;number_text&quot;,&quot;step_icon_shape&quot;:&quot;circle&quot;}\" data-widget_type=\"form.default\">\n\t\t\t\t<div class=\"elementor-widget-container\">\n\t\t\t\t\t\t\t<form class=\"elementor-form\" method=\"post\" name=\"New Form\">\n\t\t\t<input type=\"hidden\" name=\"post_id\" value=\"3559\"\/>\n\t\t\t<input type=\"hidden\" name=\"form_id\" value=\"22358cd4\"\/>\n\t\t\t<input type=\"hidden\" name=\"referer_title\" value=\"LFI\" \/>\n\n\t\t\t\n\t\t\t<div class=\"elementor-form-fields-wrapper elementor-labels-above\">\n\t\t\t\t\t\t\t\t<div class=\"elementor-field-type-text elementor-field-group elementor-column elementor-field-group-name elementor-col-100\">\n\t\t\t\t\t\t\t\t\t\t\t\t\t<input size=\"1\" type=\"text\" name=\"form_fields[name]\" id=\"form-field-name\" class=\"elementor-field elementor-size-sm  elementor-field-textual\" placeholder=\"Navn\">\n\t\t\t\t\t\t\t\t\t\t\t<\/div>\n\t\t\t\t\t\t\t\t<div class=\"elementor-field-type-email elementor-field-group elementor-column elementor-field-group-email elementor-col-100 elementor-field-required\">\n\t\t\t\t\t\t\t\t\t\t\t\t\t<input size=\"1\" type=\"email\" name=\"form_fields[email]\" id=\"form-field-email\" class=\"elementor-field elementor-size-sm  elementor-field-textual\" placeholder=\"E-post\" required=\"required\" aria-required=\"true\">\n\t\t\t\t\t\t\t\t\t\t\t<\/div>\n\t\t\t\t\t\t\t\t<div class=\"elementor-field-type-textarea elementor-field-group elementor-column elementor-field-group-message elementor-col-100\">\n\t\t\t\t\t<textarea class=\"elementor-field-textual elementor-field  elementor-size-sm\" name=\"form_fields[message]\" id=\"form-field-message\" rows=\"6\" placeholder=\"Hva kan jeg hjelpe deg med? (Ikke oppgi sensitiv informasjon som f.eks personnummer)\"><\/textarea>\t\t\t\t<\/div>\n\t\t\t\t\t\t\t\t<div class=\"elementor-field-group elementor-column elementor-field-type-submit elementor-col-100 e-form__buttons\">\n\t\t\t\t\t<button type=\"submit\" class=\"elementor-button elementor-size-sm\">\n\t\t\t\t\t\t<span >\n\t\t\t\t\t\t\t\t\t\t\t\t\t\t\t<span class=\" elementor-button-icon\">\n\t\t\t\t\t\t\t\t\t\t\t\t\t\t\t\t\t\t\t\t\t\t\t\t\t\t<\/span>\n\t\t\t\t\t\t\t\t\t\t\t\t\t\t\t\t\t\t\t\t\t\t<span class=\"elementor-button-text\">Send<\/span>\n\t\t\t\t\t\t\t\t\t\t\t\t\t<\/span>\n\t\t\t\t\t<\/button>\n\t\t\t\t<\/div>\n\t\t\t<\/div>\n\t\t<\/form>\n\t\t\t\t\t\t<\/div>\n\t\t\t\t<\/div>\n\t\t\t\t\t<\/div>\n\t\t<\/div>\n\t\t\t\t\t<\/div>\n\t\t<\/section>\n\t\t\t\t\t<\/div>\n\t\t<\/div>\n\t\t\t\t\t<\/div>\n\t\t<\/section>\n\t\t\t\t<\/div>\n\t\t","protected":false},"excerpt":{"rendered":"<p>Lars Nilsen R\u00f8nningen Bestill time \u2013 Endre din avtale lars@projects.techhivetechnologies.com Fysioterapeut og ostopat Lars Nilsen R\u00f8nningen Interesseomr\u00e5derOpptrening etter operasjon, svimmelhet og balanse, mestringsstrategier og kognitiv terapi. Utdanning 2006: Fysioterapi, H\u00f8yskolen i Oslo 2015: Osteopati, H\u00f8yskolen i Kristiania 2018: Kognitiv terapi, NFKT Erfaring Lars har i hovedsak jobbet p\u00e5 institutt og vektlegger en helhetlig tiln\u00e6rming til [&hellip;]<\/p>\n","protected":false},"author":1,"featured_media":0,"parent":41,"menu_order":0,"comment_status":"closed","ping_status":"closed","template":"elementor_header_footer","meta":{"footnotes":""},"class_list":["post-3559","page","type-page","status-publish","hentry"],"yoast_head":"<!-- This site is optimized with the Yoast SEO Premium plugin v25.8 (Yoast SEO v27.4) - https:\/\/yoast.com\/product\/yoast-seo-premium-wordpress\/ -->\n<title>Lars Nilsen R\u00f8nningen \u2013 Fysioterapeut i Lillestr\u00f8m | LFI<\/title>\n<meta name=\"description\" content=\"Lars Nilsen R\u00f8nningen er fysioterapeut i Lillestr\u00f8m med fokus p\u00e5 opptrening, smerter og funksjon. Bestill time hos LFI Helse + Trening.\" \/>\n<meta name=\"robots\" content=\"index, follow, max-snippet:-1, max-image-preview:large, max-video-preview:-1\" \/>\n<link rel=\"canonical\" href=\"https:\/\/projects.techhivetechnologies.com\/lfiold\/behandlere-lfi-lillestrom\/lars-nilsen-ronningen\/\" \/>\n<meta property=\"og:locale\" content=\"en_US\" \/>\n<meta property=\"og:type\" content=\"article\" \/>\n<meta property=\"og:title\" content=\"Lars Nilsen R\u00f8nningen\" \/>\n<meta property=\"og:description\" content=\"Lars Nilsen R\u00f8nningen er fysioterapeut i Lillestr\u00f8m med fokus p\u00e5 opptrening, smerter og funksjon. Bestill time hos LFI Helse + Trening.\" \/>\n<meta property=\"og:url\" content=\"https:\/\/projects.techhivetechnologies.com\/lfiold\/behandlere-lfi-lillestrom\/lars-nilsen-ronningen\/\" \/>\n<meta property=\"og:site_name\" content=\"LFI\" \/>\n<meta property=\"article:modified_time\" content=\"2026-01-10T07:11:18+00:00\" \/>\n<meta property=\"og:image\" content=\"https:\/\/projects.techhivetechnologies.com\/lfiold\/wp-content\/uploads\/2024\/06\/LFI_Lars_0006-1000px.jpg\" \/>\n\t<meta property=\"og:image:width\" content=\"1000\" \/>\n\t<meta property=\"og:image:height\" content=\"1000\" \/>\n\t<meta property=\"og:image:type\" content=\"image\/jpeg\" \/>\n<meta name=\"twitter:card\" content=\"summary_large_image\" \/>\n<meta name=\"twitter:label1\" content=\"Est. reading time\" \/>\n\t<meta name=\"twitter:data1\" content=\"1 minute\" \/>\n<script type=\"application\/ld+json\" class=\"yoast-schema-graph\">{\"@context\":\"https:\\\/\\\/schema.org\",\"@graph\":[{\"@type\":\"WebPage\",\"@id\":\"https:\\\/\\\/projects.techhivetechnologies.com\\\/lfiold\\\/behandlere-lfi-lillestrom\\\/lars-nilsen-ronningen\\\/\",\"url\":\"https:\\\/\\\/projects.techhivetechnologies.com\\\/lfiold\\\/behandlere-lfi-lillestrom\\\/lars-nilsen-ronningen\\\/\",\"name\":\"Lars Nilsen R\u00f8nningen \u2013 Fysioterapeut i Lillestr\u00f8m | LFI\",\"isPartOf\":{\"@id\":\"https:\\\/\\\/projects.techhivetechnologies.com\\\/lfiold\\\/#website\"},\"primaryImageOfPage\":{\"@id\":\"https:\\\/\\\/projects.techhivetechnologies.com\\\/lfiold\\\/behandlere-lfi-lillestrom\\\/lars-nilsen-ronningen\\\/#primaryimage\"},\"image\":{\"@id\":\"https:\\\/\\\/projects.techhivetechnologies.com\\\/lfiold\\\/behandlere-lfi-lillestrom\\\/lars-nilsen-ronningen\\\/#primaryimage\"},\"thumbnailUrl\":\"https:\\\/\\\/projects.techhivetechnologies.com\\\/lfiold\\\/wp-content\\\/uploads\\\/2024\\\/06\\\/LFI_Lars_0006-1000px.jpg\",\"datePublished\":\"2024-06-13T10:55:54+00:00\",\"dateModified\":\"2026-01-10T07:11:18+00:00\",\"description\":\"Lars Nilsen R\u00f8nningen er fysioterapeut i Lillestr\u00f8m med fokus p\u00e5 opptrening, smerter og funksjon. Bestill time hos LFI Helse + Trening.\",\"breadcrumb\":{\"@id\":\"https:\\\/\\\/projects.techhivetechnologies.com\\\/lfiold\\\/behandlere-lfi-lillestrom\\\/lars-nilsen-ronningen\\\/#breadcrumb\"},\"inLanguage\":\"en-US\",\"potentialAction\":[{\"@type\":\"ReadAction\",\"target\":[\"https:\\\/\\\/projects.techhivetechnologies.com\\\/lfiold\\\/behandlere-lfi-lillestrom\\\/lars-nilsen-ronningen\\\/\"]}]},{\"@type\":\"ImageObject\",\"inLanguage\":\"en-US\",\"@id\":\"https:\\\/\\\/projects.techhivetechnologies.com\\\/lfiold\\\/behandlere-lfi-lillestrom\\\/lars-nilsen-ronningen\\\/#primaryimage\",\"url\":\"https:\\\/\\\/projects.techhivetechnologies.com\\\/lfiold\\\/wp-content\\\/uploads\\\/2024\\\/06\\\/LFI_Lars_0006-1000px.jpg\",\"contentUrl\":\"https:\\\/\\\/projects.techhivetechnologies.com\\\/lfiold\\\/wp-content\\\/uploads\\\/2024\\\/06\\\/LFI_Lars_0006-1000px.jpg\",\"width\":1000,\"height\":1000,\"caption\":\"Lars Nilsen R\u00f8nningen, fysioterapeut og osteopat ved LFI Helse+Trening i Lillestr\u00f8m \u2013 for tiden i studiepermisjon for videreutdanning innen manuellterapi.\"},{\"@type\":\"BreadcrumbList\",\"@id\":\"https:\\\/\\\/projects.techhivetechnologies.com\\\/lfiold\\\/behandlere-lfi-lillestrom\\\/lars-nilsen-ronningen\\\/#breadcrumb\",\"itemListElement\":[{\"@type\":\"ListItem\",\"position\":1,\"name\":\"Home\",\"item\":\"https:\\\/\\\/projects.techhivetechnologies.com\\\/lfiold\\\/\"},{\"@type\":\"ListItem\",\"position\":2,\"name\":\"Behandlere\",\"item\":\"https:\\\/\\\/projects.techhivetechnologies.com\\\/lfiold\\\/behandlere-lfi-lillestrom\\\/\"},{\"@type\":\"ListItem\",\"position\":3,\"name\":\"Lars Nilsen R\u00f8nningen\"}]},{\"@type\":\"WebSite\",\"@id\":\"https:\\\/\\\/projects.techhivetechnologies.com\\\/lfiold\\\/#website\",\"url\":\"https:\\\/\\\/projects.techhivetechnologies.com\\\/lfiold\\\/\",\"name\":\"LFI\",\"description\":\"Helse og Trening\",\"potentialAction\":[{\"@type\":\"SearchAction\",\"target\":{\"@type\":\"EntryPoint\",\"urlTemplate\":\"https:\\\/\\\/projects.techhivetechnologies.com\\\/lfiold\\\/?s={search_term_string}\"},\"query-input\":{\"@type\":\"PropertyValueSpecification\",\"valueRequired\":true,\"valueName\":\"search_term_string\"}}],\"inLanguage\":\"en-US\"}]}<\/script>\n<!-- \/ Yoast SEO Premium plugin. -->","yoast_head_json":{"title":"Lars Nilsen R\u00f8nningen \u2013 Fysioterapeut i Lillestr\u00f8m | LFI","description":"Lars Nilsen R\u00f8nningen er fysioterapeut i Lillestr\u00f8m med fokus p\u00e5 opptrening, smerter og funksjon. Bestill time hos LFI Helse + Trening.","robots":{"index":"index","follow":"follow","max-snippet":"max-snippet:-1","max-image-preview":"max-image-preview:large","max-video-preview":"max-video-preview:-1"},"canonical":"https:\/\/projects.techhivetechnologies.com\/lfiold\/behandlere-lfi-lillestrom\/lars-nilsen-ronningen\/","og_locale":"en_US","og_type":"article","og_title":"Lars Nilsen R\u00f8nningen","og_description":"Lars Nilsen R\u00f8nningen er fysioterapeut i Lillestr\u00f8m med fokus p\u00e5 opptrening, smerter og funksjon. Bestill time hos LFI Helse + Trening.","og_url":"https:\/\/projects.techhivetechnologies.com\/lfiold\/behandlere-lfi-lillestrom\/lars-nilsen-ronningen\/","og_site_name":"LFI","article_modified_time":"2026-01-10T07:11:18+00:00","og_image":[{"width":1000,"height":1000,"url":"https:\/\/projects.techhivetechnologies.com\/lfiold\/wp-content\/uploads\/2024\/06\/LFI_Lars_0006-1000px.jpg","type":"image\/jpeg"}],"twitter_card":"summary_large_image","twitter_misc":{"Est. reading time":"1 minute"},"schema":{"@context":"https:\/\/schema.org","@graph":[{"@type":"WebPage","@id":"https:\/\/projects.techhivetechnologies.com\/lfiold\/behandlere-lfi-lillestrom\/lars-nilsen-ronningen\/","url":"https:\/\/projects.techhivetechnologies.com\/lfiold\/behandlere-lfi-lillestrom\/lars-nilsen-ronningen\/","name":"Lars Nilsen R\u00f8nningen \u2013 Fysioterapeut i Lillestr\u00f8m | LFI","isPartOf":{"@id":"https:\/\/projects.techhivetechnologies.com\/lfiold\/#website"},"primaryImageOfPage":{"@id":"https:\/\/projects.techhivetechnologies.com\/lfiold\/behandlere-lfi-lillestrom\/lars-nilsen-ronningen\/#primaryimage"},"image":{"@id":"https:\/\/projects.techhivetechnologies.com\/lfiold\/behandlere-lfi-lillestrom\/lars-nilsen-ronningen\/#primaryimage"},"thumbnailUrl":"https:\/\/projects.techhivetechnologies.com\/lfiold\/wp-content\/uploads\/2024\/06\/LFI_Lars_0006-1000px.jpg","datePublished":"2024-06-13T10:55:54+00:00","dateModified":"2026-01-10T07:11:18+00:00","description":"Lars Nilsen R\u00f8nningen er fysioterapeut i Lillestr\u00f8m med fokus p\u00e5 opptrening, smerter og funksjon. Bestill time hos LFI Helse + Trening.","breadcrumb":{"@id":"https:\/\/projects.techhivetechnologies.com\/lfiold\/behandlere-lfi-lillestrom\/lars-nilsen-ronningen\/#breadcrumb"},"inLanguage":"en-US","potentialAction":[{"@type":"ReadAction","target":["https:\/\/projects.techhivetechnologies.com\/lfiold\/behandlere-lfi-lillestrom\/lars-nilsen-ronningen\/"]}]},{"@type":"ImageObject","inLanguage":"en-US","@id":"https:\/\/projects.techhivetechnologies.com\/lfiold\/behandlere-lfi-lillestrom\/lars-nilsen-ronningen\/#primaryimage","url":"https:\/\/projects.techhivetechnologies.com\/lfiold\/wp-content\/uploads\/2024\/06\/LFI_Lars_0006-1000px.jpg","contentUrl":"https:\/\/projects.techhivetechnologies.com\/lfiold\/wp-content\/uploads\/2024\/06\/LFI_Lars_0006-1000px.jpg","width":1000,"height":1000,"caption":"Lars Nilsen R\u00f8nningen, fysioterapeut og osteopat ved LFI Helse+Trening i Lillestr\u00f8m \u2013 for tiden i studiepermisjon for videreutdanning innen manuellterapi."},{"@type":"BreadcrumbList","@id":"https:\/\/projects.techhivetechnologies.com\/lfiold\/behandlere-lfi-lillestrom\/lars-nilsen-ronningen\/#breadcrumb","itemListElement":[{"@type":"ListItem","position":1,"name":"Home","item":"https:\/\/projects.techhivetechnologies.com\/lfiold\/"},{"@type":"ListItem","position":2,"name":"Behandlere","item":"https:\/\/projects.techhivetechnologies.com\/lfiold\/behandlere-lfi-lillestrom\/"},{"@type":"ListItem","position":3,"name":"Lars Nilsen R\u00f8nningen"}]},{"@type":"WebSite","@id":"https:\/\/projects.techhivetechnologies.com\/lfiold\/#website","url":"https:\/\/projects.techhivetechnologies.com\/lfiold\/","name":"LFI","description":"Helse og Trening","potentialAction":[{"@type":"SearchAction","target":{"@type":"EntryPoint","urlTemplate":"https:\/\/projects.techhivetechnologies.com\/lfiold\/?s={search_term_string}"},"query-input":{"@type":"PropertyValueSpecification","valueRequired":true,"valueName":"search_term_string"}}],"inLanguage":"en-US"}]}},"_links":{"self":[{"href":"https:\/\/projects.techhivetechnologies.com\/lfiold\/wp-json\/wp\/v2\/pages\/3559","targetHints":{"allow":["GET"]}}],"collection":[{"href":"https:\/\/projects.techhivetechnologies.com\/lfiold\/wp-json\/wp\/v2\/pages"}],"about":[{"href":"https:\/\/projects.techhivetechnologies.com\/lfiold\/wp-json\/wp\/v2\/types\/page"}],"author":[{"embeddable":true,"href":"https:\/\/projects.techhivetechnologies.com\/lfiold\/wp-json\/wp\/v2\/users\/1"}],"replies":[{"embeddable":true,"href":"https:\/\/projects.techhivetechnologies.com\/lfiold\/wp-json\/wp\/v2\/comments?post=3559"}],"version-history":[{"count":0,"href":"https:\/\/projects.techhivetechnologies.com\/lfiold\/wp-json\/wp\/v2\/pages\/3559\/revisions"}],"up":[{"embeddable":true,"href":"https:\/\/projects.techhivetechnologies.com\/lfiold\/wp-json\/wp\/v2\/pages\/41"}],"wp:attachment":[{"href":"https:\/\/projects.techhivetechnologies.com\/lfiold\/wp-json\/wp\/v2\/media?parent=3559"}],"curies":[{"name":"wp","href":"https:\/\/api.w.org\/{rel}","templated":true}]}}