{"id":1743,"date":"2023-12-13T10:52:38","date_gmt":"2023-12-13T10:52:38","guid":{"rendered":"https:\/\/projects.techhivetechnologies.com\/lfiold\/?page_id=1743"},"modified":"2026-01-10T11:11:22","modified_gmt":"2026-01-10T11:11:22","slug":"diagnostisk-ultralyd","status":"publish","type":"page","link":"https:\/\/projects.techhivetechnologies.com\/lfiold\/medisinske-tjenester\/diagnostisk-ultralyd\/","title":{"rendered":"Diagnostisk ultralyd"},"content":{"rendered":"\t\t<div data-elementor-type=\"wp-page\" data-elementor-id=\"1743\" class=\"elementor elementor-1743\">\n\t\t\t\t\t\t<section class=\"elementor-section elementor-top-section elementor-element elementor-element-3e00d0f0 elementor-section-boxed elementor-section-height-default elementor-section-height-default\" data-id=\"3e00d0f0\" data-element_type=\"section\" data-e-type=\"section\" data-settings=\"{&quot;background_background&quot;:&quot;slideshow&quot;,&quot;background_slideshow_gallery&quot;:[{&quot;id&quot;:297,&quot;url&quot;:&quot;https:\\\/\\\/projects.techhivetechnologies.com\\\/lfiold\\\/wp-content\\\/uploads\\\/2023\\\/11\\\/omm-banner.jpg&quot;}],&quot;background_slideshow_ken_burns&quot;:&quot;yes&quot;,&quot;background_slideshow_loop&quot;:&quot;yes&quot;,&quot;background_slideshow_slide_duration&quot;:5000,&quot;background_slideshow_slide_transition&quot;:&quot;fade&quot;,&quot;background_slideshow_transition_duration&quot;:500,&quot;background_slideshow_ken_burns_zoom_direction&quot;:&quot;in&quot;}\">\n\t\t\t\t\t\t\t<div class=\"elementor-background-overlay\"><\/div>\n\t\t\t\t\t\t\t<div class=\"elementor-container elementor-column-gap-default\">\n\t\t\t\t\t<div class=\"elementor-column elementor-col-100 elementor-top-column elementor-element elementor-element-31665a51\" data-id=\"31665a51\" data-element_type=\"column\" data-e-type=\"column\">\n\t\t\t<div class=\"elementor-widget-wrap elementor-element-populated\">\n\t\t\t\t\t\t<div class=\"elementor-element elementor-element-54393ef2 elementor-widget elementor-widget-heading\" data-id=\"54393ef2\" data-element_type=\"widget\" data-e-type=\"widget\" data-widget_type=\"heading.default\">\n\t\t\t\t<div class=\"elementor-widget-container\">\n\t\t\t\t\t<h1 class=\"elementor-heading-title elementor-size-default\">Diagnostisk ultralyd i Lillestr\u00f8m \u2013 presis vurdering av muskler, sener og ledd\n<\/h1>\t\t\t\t<\/div>\n\t\t\t\t<\/div>\n\t\t\t\t\t<\/div>\n\t\t<\/div>\n\t\t\t\t\t<\/div>\n\t\t<\/section>\n\t\t\t\t<section class=\"elementor-section elementor-top-section elementor-element elementor-element-694d7559 elementor-section-boxed elementor-section-height-default elementor-section-height-default\" data-id=\"694d7559\" data-element_type=\"section\" data-e-type=\"section\" data-settings=\"{&quot;background_background&quot;:&quot;classic&quot;}\">\n\t\t\t\t\t\t<div class=\"elementor-container elementor-column-gap-default\">\n\t\t\t\t\t<div class=\"elementor-column elementor-col-100 elementor-top-column elementor-element elementor-element-46ca5c8a\" data-id=\"46ca5c8a\" data-element_type=\"column\" data-e-type=\"column\">\n\t\t\t<div class=\"elementor-widget-wrap elementor-element-populated\">\n\t\t\t\t\t\t<section class=\"elementor-section elementor-inner-section elementor-element elementor-element-760a4417 elementor-section-content-middle elementor-section-boxed elementor-section-height-default elementor-section-height-default\" data-id=\"760a4417\" data-element_type=\"section\" data-e-type=\"section\">\n\t\t\t\t\t\t<div class=\"elementor-container elementor-column-gap-wider\">\n\t\t\t\t\t<div class=\"elementor-column elementor-col-100 elementor-inner-column elementor-element elementor-element-2f8d585c\" data-id=\"2f8d585c\" data-element_type=\"column\" data-e-type=\"column\" data-settings=\"{&quot;background_background&quot;:&quot;classic&quot;}\">\n\t\t\t<div class=\"elementor-widget-wrap elementor-element-populated\">\n\t\t\t\t\t\t<div class=\"elementor-element elementor-element-9066823 elementor-widget elementor-widget-text-editor\" data-id=\"9066823\" data-element_type=\"widget\" data-e-type=\"widget\" data-widget_type=\"text-editor.default\">\n\t\t\t\t<div class=\"elementor-widget-container\">\n\t\t\t\t\t\t\t\t\t<h2>En effektiv metode for muskel- og skjelettplager<\/h2><p><a href=\"https:\/\/projects.techhivetechnologies.com\/lfiold\/behandling\/diagnostisk-ultralyd\/\">Diagnostisk ultralyd<\/a> i Lillestr\u00f8m gir deg en rask og presis vurdering av muskler, sener og ledd \u2013 helt uten henvisning. Hos LFI Helse + Trening kombinerer vi moderne ultralydteknologi med klinisk erfaring for \u00e5 gi deg en trygg og m\u00e5lrettet unders\u00f8kelse.<\/p><h3>Hvordan fungerer ultralyd i diagnostisering?<\/h3><p>Vi bruker <a href=\"https:\/\/projects.techhivetechnologies.com\/lfiold\/behandling\/ultralydveiledet-injeksjonsterapi\/\">avansert ultralydteknologi<\/a> med uskadelige lydb\u00f8lger for \u00e5 lage h\u00f8yoppl\u00f8selige bilder. Dette gir en detaljert oversikt over skadens omfang, og fungerer som et verdifullt supplement til klinisk unders\u00f8kelse, MR eller andre radiologiske vurderinger.<\/p><p>I tillegg kan vi gjennomf\u00f8re dynamiske unders\u00f8kelser for \u00e5 se hvordan strukturer i kroppen oppf\u00f8rer seg i bevegelse.<\/p><h3>Begrensninger<\/h3><p>Ultralyd har noen begrensninger, blant annet n\u00e5r det gjelder \u00e5 skanne gjennom ben og enkelte ledd. Derfor krever unders\u00f8kelsen h\u00f8y <a href=\"https:\/\/projects.techhivetechnologies.com\/lfiold\/behandlere\/dr-hans-schipper\/\">faglig kompetanse<\/a> for \u00e5 sikre n\u00f8yaktige og p\u00e5litelige resultater.<\/p><p>Vi ser ultralyd som et verdifullt verkt\u00f8y og et viktig supplement i behandlingen av muskel- og skjelettplager. En korrekt diagnose gir best mulig grunnlag for effektiv behandling.<\/p><h3>Tilstander vi unders\u00f8ker med ultralyd<\/h3><p>&#8211; Skader p\u00e5 menisk eller leddb\u00e5nd i kneet <br \/>&#8211; Frossen skulder <br \/>&#8211; Akutte skuldersmerter <br \/>&#8211; Tennisalbue (lateral epikondylitt) <br \/>&#8211; Golfalbue (medial epikondylitt) <br \/>&#8211; H\u00e6lspore og plantar fasciitt <br \/>&#8211; Senebetennelser i albue, kne, hofte eller ankel <br \/>&#8211; Slimposebetennelser <br \/>&#8211; Seneskader og senerupturer <br \/>&#8211; Betennelser i seneskjeder eller leddhinner<\/p>\t\t\t\t\t\t\t\t<\/div>\n\t\t\t\t<\/div>\n\t\t\t\t\t<\/div>\n\t\t<\/div>\n\t\t\t\t\t<\/div>\n\t\t<\/section>\n\t\t\t\t\t<\/div>\n\t\t<\/div>\n\t\t\t\t\t<\/div>\n\t\t<\/section>\n\t\t\t\t<\/div>\n\t\t","protected":false},"excerpt":{"rendered":"<p>Diagnostisk ultralyd i Lillestr\u00f8m \u2013 presis vurdering av muskler, sener og ledd En effektiv metode for muskel- og skjelettplager Diagnostisk ultralyd i Lillestr\u00f8m gir deg en rask og presis vurdering av muskler, sener og ledd \u2013 helt uten henvisning. Hos LFI Helse + Trening kombinerer vi moderne ultralydteknologi med klinisk erfaring for \u00e5 gi deg [&hellip;]<\/p>\n","protected":false},"author":1,"featured_media":0,"parent":6583,"menu_order":0,"comment_status":"closed","ping_status":"closed","template":"elementor_header_footer","meta":{"footnotes":""},"class_list":["post-1743","page","type-page","status-publish","hentry"],"yoast_head":"<!-- This site is optimized with the Yoast SEO Premium plugin v25.8 (Yoast SEO v27.4) - https:\/\/yoast.com\/product\/yoast-seo-premium-wordpress\/ -->\n<title>Diagnostisk ultralyd Lillestr\u00f8m | LFI Helse + Trening<\/title>\n<meta name=\"description\" content=\"Diagnostisk ultralyd i Lillestr\u00f8m for presis vurdering av muskler, sener og ledd. Bestill time hos LFI Helse + Trening.\" \/>\n<meta name=\"robots\" content=\"index, follow, max-snippet:-1, max-image-preview:large, max-video-preview:-1\" \/>\n<link rel=\"canonical\" href=\"https:\/\/projects.techhivetechnologies.com\/lfiold\/medisinske-tjenester\/diagnostisk-ultralyd\/\" \/>\n<meta property=\"og:locale\" content=\"en_US\" \/>\n<meta property=\"og:type\" content=\"article\" \/>\n<meta property=\"og:title\" content=\"Diagnostisk ultralyd\" \/>\n<meta property=\"og:description\" content=\"Diagnostisk ultralyd i Lillestr\u00f8m for presis vurdering av muskler, sener og ledd. Bestill time hos LFI Helse + Trening.\" \/>\n<meta property=\"og:url\" content=\"https:\/\/projects.techhivetechnologies.com\/lfiold\/medisinske-tjenester\/diagnostisk-ultralyd\/\" \/>\n<meta property=\"og:site_name\" content=\"LFI\" \/>\n<meta property=\"article:modified_time\" content=\"2026-01-10T11:11:22+00:00\" \/>\n<meta property=\"og:image\" content=\"https:\/\/projects.techhivetechnologies.com\/lfiold\/wp-content\/uploads\/Open-Graph-Logo.jpg\" \/>\n\t<meta property=\"og:image:width\" content=\"1200\" \/>\n\t<meta property=\"og:image:height\" content=\"675\" \/>\n\t<meta property=\"og:image:type\" content=\"image\/jpeg\" \/>\n<meta name=\"twitter:card\" content=\"summary_large_image\" \/>\n<meta name=\"twitter:label1\" content=\"Est. reading time\" \/>\n\t<meta name=\"twitter:data1\" content=\"1 minute\" \/>\n<script type=\"application\/ld+json\" class=\"yoast-schema-graph\">{\"@context\":\"https:\\\/\\\/schema.org\",\"@graph\":[{\"@type\":\"WebPage\",\"@id\":\"https:\\\/\\\/projects.techhivetechnologies.com\\\/lfiold\\\/medisinske-tjenester\\\/diagnostisk-ultralyd\\\/\",\"url\":\"https:\\\/\\\/projects.techhivetechnologies.com\\\/lfiold\\\/medisinske-tjenester\\\/diagnostisk-ultralyd\\\/\",\"name\":\"Diagnostisk ultralyd Lillestr\u00f8m | LFI Helse + Trening\",\"isPartOf\":{\"@id\":\"https:\\\/\\\/projects.techhivetechnologies.com\\\/lfiold\\\/#website\"},\"datePublished\":\"2023-12-13T10:52:38+00:00\",\"dateModified\":\"2026-01-10T11:11:22+00:00\",\"description\":\"Diagnostisk ultralyd i Lillestr\u00f8m for presis vurdering av muskler, sener og ledd. Bestill time hos LFI Helse + Trening.\",\"breadcrumb\":{\"@id\":\"https:\\\/\\\/projects.techhivetechnologies.com\\\/lfiold\\\/medisinske-tjenester\\\/diagnostisk-ultralyd\\\/#breadcrumb\"},\"inLanguage\":\"en-US\",\"potentialAction\":[{\"@type\":\"ReadAction\",\"target\":[\"https:\\\/\\\/projects.techhivetechnologies.com\\\/lfiold\\\/medisinske-tjenester\\\/diagnostisk-ultralyd\\\/\"]}]},{\"@type\":\"BreadcrumbList\",\"@id\":\"https:\\\/\\\/projects.techhivetechnologies.com\\\/lfiold\\\/medisinske-tjenester\\\/diagnostisk-ultralyd\\\/#breadcrumb\",\"itemListElement\":[{\"@type\":\"ListItem\",\"position\":1,\"name\":\"Home\",\"item\":\"https:\\\/\\\/projects.techhivetechnologies.com\\\/lfiold\\\/\"},{\"@type\":\"ListItem\",\"position\":2,\"name\":\"Medisinske tjenester\",\"item\":\"https:\\\/\\\/projects.techhivetechnologies.com\\\/lfiold\\\/medisinske-tjenester\\\/\"},{\"@type\":\"ListItem\",\"position\":3,\"name\":\"Diagnostisk ultralyd\"}]},{\"@type\":\"WebSite\",\"@id\":\"https:\\\/\\\/projects.techhivetechnologies.com\\\/lfiold\\\/#website\",\"url\":\"https:\\\/\\\/projects.techhivetechnologies.com\\\/lfiold\\\/\",\"name\":\"LFI\",\"description\":\"Helse og Trening\",\"potentialAction\":[{\"@type\":\"SearchAction\",\"target\":{\"@type\":\"EntryPoint\",\"urlTemplate\":\"https:\\\/\\\/projects.techhivetechnologies.com\\\/lfiold\\\/?s={search_term_string}\"},\"query-input\":{\"@type\":\"PropertyValueSpecification\",\"valueRequired\":true,\"valueName\":\"search_term_string\"}}],\"inLanguage\":\"en-US\"}]}<\/script>\n<!-- \/ Yoast SEO Premium plugin. -->","yoast_head_json":{"title":"Diagnostisk ultralyd Lillestr\u00f8m | LFI Helse + Trening","description":"Diagnostisk ultralyd i Lillestr\u00f8m for presis vurdering av muskler, sener og ledd. Bestill time hos LFI Helse + Trening.","robots":{"index":"index","follow":"follow","max-snippet":"max-snippet:-1","max-image-preview":"max-image-preview:large","max-video-preview":"max-video-preview:-1"},"canonical":"https:\/\/projects.techhivetechnologies.com\/lfiold\/medisinske-tjenester\/diagnostisk-ultralyd\/","og_locale":"en_US","og_type":"article","og_title":"Diagnostisk ultralyd","og_description":"Diagnostisk ultralyd i Lillestr\u00f8m for presis vurdering av muskler, sener og ledd. Bestill time hos LFI Helse + Trening.","og_url":"https:\/\/projects.techhivetechnologies.com\/lfiold\/medisinske-tjenester\/diagnostisk-ultralyd\/","og_site_name":"LFI","article_modified_time":"2026-01-10T11:11:22+00:00","og_image":[{"width":1200,"height":675,"url":"https:\/\/projects.techhivetechnologies.com\/lfiold\/wp-content\/uploads\/Open-Graph-Logo.jpg","type":"image\/jpeg"}],"twitter_card":"summary_large_image","twitter_misc":{"Est. reading time":"1 minute"},"schema":{"@context":"https:\/\/schema.org","@graph":[{"@type":"WebPage","@id":"https:\/\/projects.techhivetechnologies.com\/lfiold\/medisinske-tjenester\/diagnostisk-ultralyd\/","url":"https:\/\/projects.techhivetechnologies.com\/lfiold\/medisinske-tjenester\/diagnostisk-ultralyd\/","name":"Diagnostisk ultralyd Lillestr\u00f8m | LFI Helse + Trening","isPartOf":{"@id":"https:\/\/projects.techhivetechnologies.com\/lfiold\/#website"},"datePublished":"2023-12-13T10:52:38+00:00","dateModified":"2026-01-10T11:11:22+00:00","description":"Diagnostisk ultralyd i Lillestr\u00f8m for presis vurdering av muskler, sener og ledd. Bestill time hos LFI Helse + Trening.","breadcrumb":{"@id":"https:\/\/projects.techhivetechnologies.com\/lfiold\/medisinske-tjenester\/diagnostisk-ultralyd\/#breadcrumb"},"inLanguage":"en-US","potentialAction":[{"@type":"ReadAction","target":["https:\/\/projects.techhivetechnologies.com\/lfiold\/medisinske-tjenester\/diagnostisk-ultralyd\/"]}]},{"@type":"BreadcrumbList","@id":"https:\/\/projects.techhivetechnologies.com\/lfiold\/medisinske-tjenester\/diagnostisk-ultralyd\/#breadcrumb","itemListElement":[{"@type":"ListItem","position":1,"name":"Home","item":"https:\/\/projects.techhivetechnologies.com\/lfiold\/"},{"@type":"ListItem","position":2,"name":"Medisinske tjenester","item":"https:\/\/projects.techhivetechnologies.com\/lfiold\/medisinske-tjenester\/"},{"@type":"ListItem","position":3,"name":"Diagnostisk ultralyd"}]},{"@type":"WebSite","@id":"https:\/\/projects.techhivetechnologies.com\/lfiold\/#website","url":"https:\/\/projects.techhivetechnologies.com\/lfiold\/","name":"LFI","description":"Helse og Trening","potentialAction":[{"@type":"SearchAction","target":{"@type":"EntryPoint","urlTemplate":"https:\/\/projects.techhivetechnologies.com\/lfiold\/?s={search_term_string}"},"query-input":{"@type":"PropertyValueSpecification","valueRequired":true,"valueName":"search_term_string"}}],"inLanguage":"en-US"}]}},"_links":{"self":[{"href":"https:\/\/projects.techhivetechnologies.com\/lfiold\/wp-json\/wp\/v2\/pages\/1743","targetHints":{"allow":["GET"]}}],"collection":[{"href":"https:\/\/projects.techhivetechnologies.com\/lfiold\/wp-json\/wp\/v2\/pages"}],"about":[{"href":"https:\/\/projects.techhivetechnologies.com\/lfiold\/wp-json\/wp\/v2\/types\/page"}],"author":[{"embeddable":true,"href":"https:\/\/projects.techhivetechnologies.com\/lfiold\/wp-json\/wp\/v2\/users\/1"}],"replies":[{"embeddable":true,"href":"https:\/\/projects.techhivetechnologies.com\/lfiold\/wp-json\/wp\/v2\/comments?post=1743"}],"version-history":[{"count":0,"href":"https:\/\/projects.techhivetechnologies.com\/lfiold\/wp-json\/wp\/v2\/pages\/1743\/revisions"}],"up":[{"embeddable":true,"href":"https:\/\/projects.techhivetechnologies.com\/lfiold\/wp-json\/wp\/v2\/pages\/6583"}],"wp:attachment":[{"href":"https:\/\/projects.techhivetechnologies.com\/lfiold\/wp-json\/wp\/v2\/media?parent=1743"}],"curies":[{"name":"wp","href":"https:\/\/api.w.org\/{rel}","templated":true}]}}