{"id":477,"date":"2026-03-05T18:59:14","date_gmt":"2026-03-05T18:59:14","guid":{"rendered":"https:\/\/projects.techhivetechnologies.com\/lfi\/hege-grondahl\/"},"modified":"2026-03-05T21:50:52","modified_gmt":"2026-03-05T21:50:52","slug":"hege-grondahl","status":"publish","type":"page","link":"https:\/\/projects.techhivetechnologies.com\/lfi\/behandlere-lfi-lillestrom\/hege-grondahl\/","title":{"rendered":"Hege Gr\u00f8ndahl"},"content":{"rendered":"\t\t<div data-elementor-type=\"wp-page\" data-elementor-id=\"477\" class=\"elementor elementor-477\">\n\t\t\t\t\t\t<section class=\"elementor-section elementor-top-section elementor-element elementor-element-746a8cb8 elementor-section-boxed elementor-section-height-default elementor-section-height-default\" data-id=\"746a8cb8\" data-element_type=\"section\" data-e-type=\"section\" data-settings=\"{&quot;background_background&quot;:&quot;classic&quot;}\">\n\t\t\t\t\t\t\t<div class=\"elementor-background-overlay\"><\/div>\n\t\t\t\t\t\t\t<div class=\"elementor-container elementor-column-gap-default\">\n\t\t\t\t\t<div class=\"elementor-column elementor-col-100 elementor-top-column elementor-element elementor-element-459a6293\" data-id=\"459a6293\" data-element_type=\"column\" data-e-type=\"column\">\n\t\t\t<div class=\"elementor-widget-wrap elementor-element-populated\">\n\t\t\t\t\t\t<div class=\"elementor-element elementor-element-7494bdb0 elementor-widget elementor-widget-heading\" data-id=\"7494bdb0\" data-element_type=\"widget\" data-e-type=\"widget\" data-widget_type=\"heading.default\">\n\t\t\t\t<div class=\"elementor-widget-container\">\n\t\t\t\t\t<h1 class=\"elementor-heading-title elementor-size-default\">Hege Gr\u00f8ndahl<\/h1>\t\t\t\t<\/div>\n\t\t\t\t<\/div>\n\t\t\t\t\t<\/div>\n\t\t<\/div>\n\t\t\t\t\t<\/div>\n\t\t<\/section>\n\t\t\t\t<section class=\"elementor-section elementor-top-section elementor-element elementor-element-5cf281c4 elementor-section-boxed elementor-section-height-default elementor-section-height-default\" data-id=\"5cf281c4\" data-element_type=\"section\" data-e-type=\"section\" data-settings=\"{&quot;background_background&quot;:&quot;classic&quot;}\">\n\t\t\t\t\t\t<div class=\"elementor-container elementor-column-gap-default\">\n\t\t\t\t\t<div class=\"elementor-column elementor-col-100 elementor-top-column elementor-element elementor-element-67363055\" data-id=\"67363055\" data-element_type=\"column\" data-e-type=\"column\">\n\t\t\t<div class=\"elementor-widget-wrap elementor-element-populated\">\n\t\t\t\t\t\t<section class=\"elementor-section elementor-inner-section elementor-element elementor-element-72ba5092 elementor-section-boxed elementor-section-height-default elementor-section-height-default\" data-id=\"72ba5092\" data-element_type=\"section\" data-e-type=\"section\">\n\t\t\t\t\t\t<div class=\"elementor-container elementor-column-gap-wider\">\n\t\t\t\t\t<div class=\"elementor-column elementor-col-50 elementor-inner-column elementor-element elementor-element-7c109a2\" data-id=\"7c109a2\" data-element_type=\"column\" data-e-type=\"column\">\n\t\t\t<div class=\"elementor-widget-wrap elementor-element-populated\">\n\t\t\t\t\t\t<div class=\"elementor-element elementor-element-2c4c42a4 elementor-widget elementor-widget-image\" data-id=\"2c4c42a4\" data-element_type=\"widget\" data-e-type=\"widget\" data-widget_type=\"image.default\">\n\t\t\t\t<div class=\"elementor-widget-container\">\n\t\t\t\t\t\t\t\t\t\t\t\t\t\t\t<img fetchpriority=\"high\" decoding=\"async\" width=\"600\" height=\"600\" src=\"https:\/\/projects.techhivetechnologies.com\/lfi\/wp-content\/uploads\/Hege-Grondahl-fysioterapeut-ved-LFI-HelseTrening-i-Lillestrom-\u2013-tilbyr-individuell-oppfolging-og-behandling-innen-fysioterapi.jpg\" class=\"attachment-full size-full wp-image-7588\" alt=\"Hege Gr\u00f8ndahl, fysioterapeut ved LFI Helse+Trening i Lillestr\u00f8m \u2013 tilbyr individuell oppf\u00f8lging og behandling innen fysioterapi.\" srcset=\"https:\/\/projects.techhivetechnologies.com\/lfi\/wp-content\/uploads\/Hege-Grondahl-fysioterapeut-ved-LFI-HelseTrening-i-Lillestrom-\u2013-tilbyr-individuell-oppfolging-og-behandling-innen-fysioterapi.jpg 600w, https:\/\/projects.techhivetechnologies.com\/lfi\/wp-content\/uploads\/Hege-Grondahl-fysioterapeut-ved-LFI-HelseTrening-i-Lillestrom-\u2013-tilbyr-individuell-oppfolging-og-behandling-innen-fysioterapi-300x300.jpg 300w, https:\/\/projects.techhivetechnologies.com\/lfi\/wp-content\/uploads\/Hege-Grondahl-fysioterapeut-ved-LFI-HelseTrening-i-Lillestrom-\u2013-tilbyr-individuell-oppfolging-og-behandling-innen-fysioterapi-150x150.jpg 150w\" sizes=\"(max-width: 600px) 100vw, 600px\" \/>\t\t\t\t\t\t\t\t\t\t\t\t\t\t\t<\/div>\n\t\t\t\t<\/div>\n\t\t\t\t<div class=\"elementor-element elementor-element-61219f09 elementor-align-center elementor-widget elementor-widget-button\" data-id=\"61219f09\" data-element_type=\"widget\" data-e-type=\"widget\" data-widget_type=\"button.default\">\n\t\t\t\t<div class=\"elementor-widget-container\">\n\t\t\t\t\t\t\t\t\t<div class=\"elementor-button-wrapper\">\n\t\t\t\t\t<a class=\"elementor-button elementor-button-link elementor-size-sm\" href=\"https:\/\/helse.aspit.no\/healthidentity\/account\/login?returnUrl=\/healthidentity\/connect\/authorize\/callback?response_type%3Did_token%2520token%26client_id%3Daurora.health%26state%3DxLNZMPSL3PldokiVpRz66NYrBpoT7TsusAkTas4FIP3D6%26nonce%3DxLNZMPSL3PldokiVpRz66NYrBpoT7TsusAkTas4FIP3D6%26redirect_uri%3Dhttps%253A%252F%252Fhelse.aspit.no%252Flanding%253Fbookingref%253D1684498694317%2526clinicId%253Da0115b16-a2b2-49e2-9afe-75d3b6564d0a%2526waitingListRequest%253Dtrue%26scope%3Dopenid%2520health.api%26clinicId%3Da0115b16-a2b2-49e2-9afe-75d3b6564d0a\">\n\t\t\t\t\t\t<span class=\"elementor-button-content-wrapper\">\n\t\t\t\t\t\t\t\t\t<span class=\"elementor-button-text\">Bestill time \u2013 Endre din avtale<\/span>\n\t\t\t\t\t<\/span>\n\t\t\t\t\t<\/a>\n\t\t\t\t<\/div>\n\t\t\t\t\t\t\t\t<\/div>\n\t\t\t\t<\/div>\n\t\t\t\t<div class=\"elementor-element elementor-element-17c84b09 elementor-align-center elementor-icon-list--layout-traditional elementor-list-item-link-full_width elementor-widget elementor-widget-icon-list\" data-id=\"17c84b09\" data-element_type=\"widget\" data-e-type=\"widget\" data-widget_type=\"icon-list.default\">\n\t\t\t\t<div class=\"elementor-widget-container\">\n\t\t\t\t\t\t\t<ul class=\"elementor-icon-list-items\">\n\t\t\t\t\t\t\t<li class=\"elementor-icon-list-item\">\n\t\t\t\t\t\t\t\t\t\t\t<a href=\"mailto:hege@lfi.no\">\n\n\t\t\t\t\t\t\t\t\t\t\t\t<span class=\"elementor-icon-list-icon\">\n\t\t\t\t\t\t\t<i aria-hidden=\"true\" class=\"icon icon-envelope\"><\/i>\t\t\t\t\t\t<\/span>\n\t\t\t\t\t\t\t\t\t\t<span class=\"elementor-icon-list-text\">hege@lfi.no<\/span>\n\t\t\t\t\t\t\t\t\t\t\t<\/a>\n\t\t\t\t\t\t\t\t\t<\/li>\n\t\t\t\t\t\t<\/ul>\n\t\t\t\t\t\t<\/div>\n\t\t\t\t<\/div>\n\t\t\t\t\t<\/div>\n\t\t<\/div>\n\t\t\t\t<div class=\"elementor-column elementor-col-50 elementor-inner-column elementor-element elementor-element-5c460f28\" data-id=\"5c460f28\" data-element_type=\"column\" data-e-type=\"column\">\n\t\t\t<div class=\"elementor-widget-wrap elementor-element-populated\">\n\t\t\t\t\t\t<div class=\"elementor-element elementor-element-3d958fbd elementor-widget elementor-widget-text-editor\" data-id=\"3d958fbd\" data-element_type=\"widget\" data-e-type=\"widget\" data-widget_type=\"text-editor.default\">\n\t\t\t\t<div class=\"elementor-widget-container\">\n\t\t\t\t\t\t\t\t\t<p>Fysioterapeut<\/p>\t\t\t\t\t\t\t\t<\/div>\n\t\t\t\t<\/div>\n\t\t\t\t<div class=\"elementor-element elementor-element-437b8efc elementor-widget elementor-widget-heading\" data-id=\"437b8efc\" data-element_type=\"widget\" data-e-type=\"widget\" data-widget_type=\"heading.default\">\n\t\t\t\t<div class=\"elementor-widget-container\">\n\t\t\t\t\t<h2 class=\"elementor-heading-title elementor-size-default\">Hege Gr\u00f8ndahl<\/h2>\t\t\t\t<\/div>\n\t\t\t\t<\/div>\n\t\t\t\t<div class=\"elementor-element elementor-element-159fda00 elementor-widget-divider--view-line elementor-widget elementor-widget-divider\" data-id=\"159fda00\" data-element_type=\"widget\" data-e-type=\"widget\" data-widget_type=\"divider.default\">\n\t\t\t\t<div class=\"elementor-widget-container\">\n\t\t\t\t\t\t\t<div class=\"elementor-divider\">\n\t\t\t<span class=\"elementor-divider-separator\">\n\t\t\t\t\t\t<\/span>\n\t\t<\/div>\n\t\t\t\t\t\t<\/div>\n\t\t\t\t<\/div>\n\t\t\t\t<div class=\"elementor-element elementor-element-20463a62 elementor-widget elementor-widget-text-editor\" data-id=\"20463a62\" data-element_type=\"widget\" data-e-type=\"widget\" data-widget_type=\"text-editor.default\">\n\t\t\t\t<div class=\"elementor-widget-container\">\n\t\t\t\t\t\t\t\t\t<p><strong>Interessefelt:<br \/><\/strong>Ortopedi, rehabilitering etter operasjoner, artrose i hofte og kne, aktive mestringsstrategier, smertemekanismer og vestibul\u00e6r svimmelhet.<\/p><p><strong>Utdanning:<br \/><\/strong>2001: BSc Fysioterapi<br \/>2014: NFF Ridefysioterapeut<\/p><p><strong>Kurs:<br \/><\/strong>Elektiv ortopedi, Idrettsmedisin trinn I &amp; II, skulderrehabilitering, Aktiv med Artrose, Kognitiv rehabiliteringsterapi og Vestibul\u00e6r diagnostisering og behandling.<\/p><p><strong>Erfaring:<br \/><\/strong>Jobbet som fysioterapeut siden 2001 med hovedfokus p\u00e5 opptrening etter skader og operasjoner. Er Aktiv med Artrose instrukt\u00f8r og deltok i studien SAMBA, Samhandling for bedre artrosebehandling, i 2015-2017.<\/p><p>Har jobbet med svimmelhet med vestibul\u00e6r opprinnelse fra 2013. Hege er en av f\u00e5 fysioterapeuter med refusjonsavtale som diagnostiserer og behandler denne type svimmelhet.<\/p><p>Lang og bred erfaring som treningsinstrukt\u00f8r og yogal\u00e6rer.<\/p><p><strong>Tlf:<br \/><\/strong><a href=\"tel:99629897\">99629897<\/a><\/p><p><strong>E-post:<br \/><\/strong>hege@lfi.no<\/p>\t\t\t\t\t\t\t\t<\/div>\n\t\t\t\t<\/div>\n\t\t\t\t<div class=\"elementor-element elementor-element-258a670a elementor-button-align-stretch elementor-widget elementor-widget-form\" data-id=\"258a670a\" data-element_type=\"widget\" data-e-type=\"widget\" data-settings=\"{&quot;step_next_label&quot;:&quot;Next&quot;,&quot;step_previous_label&quot;:&quot;Previous&quot;,&quot;button_width&quot;:&quot;100&quot;,&quot;step_type&quot;:&quot;number_text&quot;,&quot;step_icon_shape&quot;:&quot;circle&quot;}\" data-widget_type=\"form.default\">\n\t\t\t\t<div class=\"elementor-widget-container\">\n\t\t\t\t\t\t\t<form class=\"elementor-form\" method=\"post\" name=\"New Form\">\n\t\t\t<input type=\"hidden\" name=\"post_id\" value=\"477\"\/>\n\t\t\t<input type=\"hidden\" name=\"form_id\" value=\"258a670a\"\/>\n\t\t\t<input type=\"hidden\" name=\"referer_title\" value=\"LFI\" \/>\n\n\t\t\t\n\t\t\t<div class=\"elementor-form-fields-wrapper elementor-labels-above\">\n\t\t\t\t\t\t\t\t<div class=\"elementor-field-type-text elementor-field-group elementor-column elementor-field-group-name elementor-col-100\">\n\t\t\t\t\t\t\t\t\t\t\t\t\t<input size=\"1\" type=\"text\" name=\"form_fields[name]\" id=\"form-field-name\" class=\"elementor-field elementor-size-sm  elementor-field-textual\" placeholder=\"Navn\">\n\t\t\t\t\t\t\t\t\t\t\t<\/div>\n\t\t\t\t\t\t\t\t<div class=\"elementor-field-type-email elementor-field-group elementor-column elementor-field-group-email elementor-col-100 elementor-field-required\">\n\t\t\t\t\t\t\t\t\t\t\t\t\t<input size=\"1\" type=\"email\" name=\"form_fields[email]\" id=\"form-field-email\" class=\"elementor-field elementor-size-sm  elementor-field-textual\" placeholder=\"E-post\" required=\"required\" aria-required=\"true\">\n\t\t\t\t\t\t\t\t\t\t\t<\/div>\n\t\t\t\t\t\t\t\t<div class=\"elementor-field-type-textarea elementor-field-group elementor-column elementor-field-group-message elementor-col-100\">\n\t\t\t\t\t<textarea class=\"elementor-field-textual elementor-field  elementor-size-sm\" name=\"form_fields[message]\" id=\"form-field-message\" rows=\"6\" placeholder=\"Hva kan jeg hjelpe deg med? (Ikke oppgi sensitiv informasjon som f.eks personnummer)\"><\/textarea>\t\t\t\t<\/div>\n\t\t\t\t\t\t\t\t<div class=\"elementor-field-group elementor-column elementor-field-type-submit elementor-col-100 e-form__buttons\">\n\t\t\t\t\t<button type=\"submit\" class=\"elementor-button elementor-size-sm\">\n\t\t\t\t\t\t<span >\n\t\t\t\t\t\t\t\t\t\t\t\t\t\t\t<span class=\" elementor-button-icon\">\n\t\t\t\t\t\t\t\t\t\t\t\t\t\t\t\t\t\t\t\t\t\t\t\t\t\t<\/span>\n\t\t\t\t\t\t\t\t\t\t\t\t\t\t\t\t\t\t\t\t\t\t<span class=\"elementor-button-text\">Send<\/span>\n\t\t\t\t\t\t\t\t\t\t\t\t\t<\/span>\n\t\t\t\t\t<\/button>\n\t\t\t\t<\/div>\n\t\t\t<\/div>\n\t\t<\/form>\n\t\t\t\t\t\t<\/div>\n\t\t\t\t<\/div>\n\t\t\t\t\t<\/div>\n\t\t<\/div>\n\t\t\t\t\t<\/div>\n\t\t<\/section>\n\t\t\t\t\t<\/div>\n\t\t<\/div>\n\t\t\t\t\t<\/div>\n\t\t<\/section>\n\t\t\t\t<\/div>\n\t\t","protected":false},"excerpt":{"rendered":"<p>Hege Gr\u00f8ndahl Bestill time \u2013 Endre din avtale hege@lfi.no Fysioterapeut Hege Gr\u00f8ndahl Interessefelt:Ortopedi, rehabilitering etter operasjoner, artrose i hofte og kne, aktive mestringsstrategier, smertemekanismer og vestibul\u00e6r svimmelhet. Utdanning:2001: BSc Fysioterapi2014: NFF Ridefysioterapeut Kurs:Elektiv ortopedi, Idrettsmedisin trinn I &amp; II, skulderrehabilitering, Aktiv med Artrose, Kognitiv rehabiliteringsterapi og Vestibul\u00e6r diagnostisering og behandling. Erfaring:Jobbet som fysioterapeut siden 2001 [&hellip;]<\/p>\n","protected":false},"author":1,"featured_media":0,"parent":522,"menu_order":0,"comment_status":"closed","ping_status":"closed","template":"elementor_header_footer","meta":{"footnotes":""},"class_list":["post-477","page","type-page","status-publish","hentry"],"yoast_head":"<!-- This site is optimized with the Yoast SEO plugin v27.3 - https:\/\/yoast.com\/product\/yoast-seo-wordpress\/ -->\n<title>Hege Gr\u00f8ndahl \u2013 Fysioterapeut i Lillestr\u00f8m | LFI Helse + Trening<\/title>\n<meta name=\"description\" content=\"Hege Gr\u00f8ndahl er erfaren fysioterapeut i Lillestr\u00f8m. Hun hjelper deg med rehabilitering, smerter og funksjonsbedring. Bestill time hos LFI.\" \/>\n<meta name=\"robots\" content=\"index, follow, max-snippet:-1, max-image-preview:large, max-video-preview:-1\" \/>\n<link rel=\"canonical\" href=\"https:\/\/projects.techhivetechnologies.com\/lfi\/behandlere-lfi-lillestrom\/hege-grondahl\/\" \/>\n<meta property=\"og:locale\" content=\"en_US\" \/>\n<meta property=\"og:type\" content=\"article\" \/>\n<meta property=\"og:title\" content=\"Hege Gr\u00f8ndahl \u2013 Fysioterapeut i Lillestr\u00f8m | LFI Helse + Trening\" \/>\n<meta property=\"og:description\" content=\"Hege Gr\u00f8ndahl er erfaren fysioterapeut i Lillestr\u00f8m. Hun hjelper deg med rehabilitering, smerter og funksjonsbedring. Bestill time hos LFI.\" \/>\n<meta property=\"og:url\" content=\"https:\/\/projects.techhivetechnologies.com\/lfi\/behandlere-lfi-lillestrom\/hege-grondahl\/\" \/>\n<meta property=\"og:site_name\" content=\"LFI\" \/>\n<meta property=\"article:modified_time\" content=\"2026-03-05T21:50:52+00:00\" \/>\n<meta property=\"og:image\" content=\"https:\/\/projects.techhivetechnologies.com\/lfi\/wp-content\/uploads\/Open-Graph-Logo.jpg\" \/>\n\t<meta property=\"og:image:width\" content=\"1200\" \/>\n\t<meta property=\"og:image:height\" content=\"675\" \/>\n\t<meta property=\"og:image:type\" content=\"image\/jpeg\" \/>\n<meta name=\"twitter:card\" content=\"summary_large_image\" \/>\n<meta name=\"twitter:title\" content=\"Hege Gr\u00f8ndahl \u2013 Fysioterapeut i Lillestr\u00f8m | LFI Helse + Trening\" \/>\n<meta name=\"twitter:description\" content=\"Hege Gr\u00f8ndahl er erfaren fysioterapeut i Lillestr\u00f8m. Hun hjelper deg med rehabilitering, smerter og funksjonsbedring. Bestill time hos LFI.\" \/>\n<meta name=\"twitter:label1\" content=\"Est. reading time\" \/>\n\t<meta name=\"twitter:data1\" content=\"1 minute\" \/>\n<script type=\"application\/ld+json\" class=\"yoast-schema-graph\">{\"@context\":\"https:\\\/\\\/schema.org\",\"@graph\":[{\"@type\":\"WebPage\",\"@id\":\"https:\\\/\\\/projects.techhivetechnologies.com\\\/lfi\\\/behandlere-lfi-lillestrom\\\/hege-grondahl\\\/\",\"url\":\"https:\\\/\\\/projects.techhivetechnologies.com\\\/lfi\\\/behandlere-lfi-lillestrom\\\/hege-grondahl\\\/\",\"name\":\"Hege Gr\u00f8ndahl \u2013 Fysioterapeut i Lillestr\u00f8m | LFI Helse + Trening\",\"isPartOf\":{\"@id\":\"https:\\\/\\\/projects.techhivetechnologies.com\\\/lfi\\\/#website\"},\"datePublished\":\"2026-03-05T18:59:14+00:00\",\"dateModified\":\"2026-03-05T21:50:52+00:00\",\"description\":\"Hege Gr\u00f8ndahl er erfaren fysioterapeut i Lillestr\u00f8m. Hun hjelper deg med rehabilitering, smerter og funksjonsbedring. Bestill time hos LFI.\",\"breadcrumb\":{\"@id\":\"https:\\\/\\\/projects.techhivetechnologies.com\\\/lfi\\\/behandlere-lfi-lillestrom\\\/hege-grondahl\\\/#breadcrumb\"},\"inLanguage\":\"en-US\",\"potentialAction\":[{\"@type\":\"ReadAction\",\"target\":[\"https:\\\/\\\/projects.techhivetechnologies.com\\\/lfi\\\/behandlere-lfi-lillestrom\\\/hege-grondahl\\\/\"]}]},{\"@type\":\"BreadcrumbList\",\"@id\":\"https:\\\/\\\/projects.techhivetechnologies.com\\\/lfi\\\/behandlere-lfi-lillestrom\\\/hege-grondahl\\\/#breadcrumb\",\"itemListElement\":[{\"@type\":\"ListItem\",\"position\":1,\"name\":\"Home\",\"item\":\"https:\\\/\\\/projects.techhivetechnologies.com\\\/lfi\\\/\"},{\"@type\":\"ListItem\",\"position\":2,\"name\":\"Behandlere\",\"item\":\"https:\\\/\\\/projects.techhivetechnologies.com\\\/lfi\\\/behandlere-lfi-lillestrom\\\/\"},{\"@type\":\"ListItem\",\"position\":3,\"name\":\"Hege Gr\u00f8ndahl\"}]},{\"@type\":\"WebSite\",\"@id\":\"https:\\\/\\\/projects.techhivetechnologies.com\\\/lfi\\\/#website\",\"url\":\"https:\\\/\\\/projects.techhivetechnologies.com\\\/lfi\\\/\",\"name\":\"LFI\",\"description\":\"Helse og Trening\",\"potentialAction\":[{\"@type\":\"SearchAction\",\"target\":{\"@type\":\"EntryPoint\",\"urlTemplate\":\"https:\\\/\\\/projects.techhivetechnologies.com\\\/lfi\\\/?s={search_term_string}\"},\"query-input\":{\"@type\":\"PropertyValueSpecification\",\"valueRequired\":true,\"valueName\":\"search_term_string\"}}],\"inLanguage\":\"en-US\"}]}<\/script>\n<!-- \/ Yoast SEO plugin. -->","yoast_head_json":{"title":"Hege Gr\u00f8ndahl \u2013 Fysioterapeut i Lillestr\u00f8m | LFI Helse + Trening","description":"Hege Gr\u00f8ndahl er erfaren fysioterapeut i Lillestr\u00f8m. Hun hjelper deg med rehabilitering, smerter og funksjonsbedring. Bestill time hos LFI.","robots":{"index":"index","follow":"follow","max-snippet":"max-snippet:-1","max-image-preview":"max-image-preview:large","max-video-preview":"max-video-preview:-1"},"canonical":"https:\/\/projects.techhivetechnologies.com\/lfi\/behandlere-lfi-lillestrom\/hege-grondahl\/","og_locale":"en_US","og_type":"article","og_title":"Hege Gr\u00f8ndahl \u2013 Fysioterapeut i Lillestr\u00f8m | LFI Helse + Trening","og_description":"Hege Gr\u00f8ndahl er erfaren fysioterapeut i Lillestr\u00f8m. Hun hjelper deg med rehabilitering, smerter og funksjonsbedring. Bestill time hos LFI.","og_url":"https:\/\/projects.techhivetechnologies.com\/lfi\/behandlere-lfi-lillestrom\/hege-grondahl\/","og_site_name":"LFI","article_modified_time":"2026-03-05T21:50:52+00:00","og_image":[{"width":1200,"height":675,"url":"https:\/\/projects.techhivetechnologies.com\/lfi\/wp-content\/uploads\/Open-Graph-Logo.jpg","type":"image\/jpeg"}],"twitter_card":"summary_large_image","twitter_title":"Hege Gr\u00f8ndahl \u2013 Fysioterapeut i Lillestr\u00f8m | LFI Helse + Trening","twitter_description":"Hege Gr\u00f8ndahl er erfaren fysioterapeut i Lillestr\u00f8m. Hun hjelper deg med rehabilitering, smerter og funksjonsbedring. Bestill time hos LFI.","twitter_misc":{"Est. reading time":"1 minute"},"schema":{"@context":"https:\/\/schema.org","@graph":[{"@type":"WebPage","@id":"https:\/\/projects.techhivetechnologies.com\/lfi\/behandlere-lfi-lillestrom\/hege-grondahl\/","url":"https:\/\/projects.techhivetechnologies.com\/lfi\/behandlere-lfi-lillestrom\/hege-grondahl\/","name":"Hege Gr\u00f8ndahl \u2013 Fysioterapeut i Lillestr\u00f8m | LFI Helse + Trening","isPartOf":{"@id":"https:\/\/projects.techhivetechnologies.com\/lfi\/#website"},"datePublished":"2026-03-05T18:59:14+00:00","dateModified":"2026-03-05T21:50:52+00:00","description":"Hege Gr\u00f8ndahl er erfaren fysioterapeut i Lillestr\u00f8m. Hun hjelper deg med rehabilitering, smerter og funksjonsbedring. Bestill time hos LFI.","breadcrumb":{"@id":"https:\/\/projects.techhivetechnologies.com\/lfi\/behandlere-lfi-lillestrom\/hege-grondahl\/#breadcrumb"},"inLanguage":"en-US","potentialAction":[{"@type":"ReadAction","target":["https:\/\/projects.techhivetechnologies.com\/lfi\/behandlere-lfi-lillestrom\/hege-grondahl\/"]}]},{"@type":"BreadcrumbList","@id":"https:\/\/projects.techhivetechnologies.com\/lfi\/behandlere-lfi-lillestrom\/hege-grondahl\/#breadcrumb","itemListElement":[{"@type":"ListItem","position":1,"name":"Home","item":"https:\/\/projects.techhivetechnologies.com\/lfi\/"},{"@type":"ListItem","position":2,"name":"Behandlere","item":"https:\/\/projects.techhivetechnologies.com\/lfi\/behandlere-lfi-lillestrom\/"},{"@type":"ListItem","position":3,"name":"Hege Gr\u00f8ndahl"}]},{"@type":"WebSite","@id":"https:\/\/projects.techhivetechnologies.com\/lfi\/#website","url":"https:\/\/projects.techhivetechnologies.com\/lfi\/","name":"LFI","description":"Helse og Trening","potentialAction":[{"@type":"SearchAction","target":{"@type":"EntryPoint","urlTemplate":"https:\/\/projects.techhivetechnologies.com\/lfi\/?s={search_term_string}"},"query-input":{"@type":"PropertyValueSpecification","valueRequired":true,"valueName":"search_term_string"}}],"inLanguage":"en-US"}]}},"_links":{"self":[{"href":"https:\/\/projects.techhivetechnologies.com\/lfi\/wp-json\/wp\/v2\/pages\/477","targetHints":{"allow":["GET"]}}],"collection":[{"href":"https:\/\/projects.techhivetechnologies.com\/lfi\/wp-json\/wp\/v2\/pages"}],"about":[{"href":"https:\/\/projects.techhivetechnologies.com\/lfi\/wp-json\/wp\/v2\/types\/page"}],"author":[{"embeddable":true,"href":"https:\/\/projects.techhivetechnologies.com\/lfi\/wp-json\/wp\/v2\/users\/1"}],"replies":[{"embeddable":true,"href":"https:\/\/projects.techhivetechnologies.com\/lfi\/wp-json\/wp\/v2\/comments?post=477"}],"version-history":[{"count":8,"href":"https:\/\/projects.techhivetechnologies.com\/lfi\/wp-json\/wp\/v2\/pages\/477\/revisions"}],"predecessor-version":[{"id":7647,"href":"https:\/\/projects.techhivetechnologies.com\/lfi\/wp-json\/wp\/v2\/pages\/477\/revisions\/7647"}],"up":[{"embeddable":true,"href":"https:\/\/projects.techhivetechnologies.com\/lfi\/wp-json\/wp\/v2\/pages\/522"}],"wp:attachment":[{"href":"https:\/\/projects.techhivetechnologies.com\/lfi\/wp-json\/wp\/v2\/media?parent=477"}],"curies":[{"name":"wp","href":"https:\/\/api.w.org\/{rel}","templated":true}]}}